{"id":15962,"date":"2022-02-09T08:57:59","date_gmt":"2022-02-09T08:57:59","guid":{"rendered":"https:\/\/desarrollo27.com\/ignacio\/?page_id=15962"},"modified":"2022-03-02T21:40:39","modified_gmt":"2022-03-02T21:40:39","slug":"inmersion-en-espanol-en-la-espana-celta","status":"publish","type":"page","link":"https:\/\/celticspainschool.com\/es\/","title":{"rendered":"Bienvenido"},"content":{"rendered":"","protected":false},"excerpt":{"rendered":"","protected":false},"author":1,"featured_media":0,"parent":0,"menu_order":0,"comment_status":"closed","ping_status":"closed","template":"","meta":{"footnotes":""},"class_list":["post-15962","page","type-page","status-publish","hentry","description-off"],"yoast_head":"<!-- This site is optimized with the Yoast SEO plugin v18.9 - https:\/\/yoast.com\/wordpress\/plugins\/seo\/ -->\n<title>Inmersi\u00f3n en espa\u00f1ol en la Espa\u00f1a celta | Celtic Spain School<\/title>\n<meta name=\"description\" content=\"Alcanza tu cima en espa\u00f1ol a trav\u00e9s de nuestro programa de inmersi\u00f3n y nuestros sherpas ling\u00fc\u00edsticos. \u00a1Solicita informaci\u00f3n sin compromiso!\" \/>\n<meta name=\"robots\" content=\"index, follow, max-snippet:-1, max-image-preview:large, max-video-preview:-1\" \/>\n<link rel=\"canonical\" href=\"https:\/\/celticspainschool.com\/es\/\" \/>\n<meta property=\"og:locale\" content=\"es_ES\" \/>\n<meta property=\"og:type\" content=\"article\" \/>\n<meta property=\"og:title\" content=\"Inmersi\u00f3n en espa\u00f1ol en la Espa\u00f1a celta | Celtic Spain School\" \/>\n<meta property=\"og:description\" content=\"Alcanza tu cima en espa\u00f1ol a trav\u00e9s de nuestro programa de inmersi\u00f3n y nuestros sherpas ling\u00fc\u00edsticos. \u00a1Solicita informaci\u00f3n sin compromiso!\" \/>\n<meta property=\"og:url\" content=\"https:\/\/celticspainschool.com\/es\/\" \/>\n<meta property=\"og:site_name\" content=\"Celtic Spain School\" \/>\n<meta property=\"article:modified_time\" content=\"2022-03-02T21:40:39+00:00\" \/>\n<meta name=\"twitter:card\" content=\"summary_large_image\" \/>\n<script type=\"application\/ld+json\" class=\"yoast-schema-graph\">{\"@context\":\"https:\/\/schema.org\",\"@graph\":[{\"@type\":\"Organization\",\"@id\":\"https:\/\/celticspainschool.com\/#organization\",\"name\":\"Celtic Spain School\",\"url\":\"https:\/\/celticspainschool.com\/\",\"sameAs\":[],\"logo\":{\"@type\":\"ImageObject\",\"inLanguage\":\"es\",\"@id\":\"https:\/\/celticspainschool.com\/#\/schema\/logo\/image\/\",\"url\":\"https:\/\/celticspainschool.com\/wp-content\/uploads\/2022\/02\/logo2.png\",\"contentUrl\":\"https:\/\/celticspainschool.com\/wp-content\/uploads\/2022\/02\/logo2.png\",\"width\":400,\"height\":119,\"caption\":\"Celtic Spain School\"},\"image\":{\"@id\":\"https:\/\/celticspainschool.com\/#\/schema\/logo\/image\/\"}},{\"@type\":\"WebSite\",\"@id\":\"https:\/\/celticspainschool.com\/#website\",\"url\":\"https:\/\/celticspainschool.com\/\",\"name\":\"Celtic Spain School\",\"description\":\"\",\"publisher\":{\"@id\":\"https:\/\/celticspainschool.com\/#organization\"},\"potentialAction\":[{\"@type\":\"SearchAction\",\"target\":{\"@type\":\"EntryPoint\",\"urlTemplate\":\"https:\/\/celticspainschool.com\/?s={search_term_string}\"},\"query-input\":\"required name=search_term_string\"}],\"inLanguage\":\"es\"},{\"@type\":\"WebPage\",\"@id\":\"https:\/\/celticspainschool.com\/es\/#webpage\",\"url\":\"https:\/\/celticspainschool.com\/es\/\",\"name\":\"Inmersi\u00f3n en espa\u00f1ol en la Espa\u00f1a celta | Celtic Spain School\",\"isPartOf\":{\"@id\":\"https:\/\/celticspainschool.com\/#website\"},\"datePublished\":\"2022-02-09T08:57:59+00:00\",\"dateModified\":\"2022-03-02T21:40:39+00:00\",\"description\":\"Alcanza tu cima en espa\u00f1ol a trav\u00e9s de nuestro programa de inmersi\u00f3n y nuestros sherpas ling\u00fc\u00edsticos. \u00a1Solicita informaci\u00f3n sin compromiso!\",\"breadcrumb\":{\"@id\":\"https:\/\/celticspainschool.com\/es\/#breadcrumb\"},\"inLanguage\":\"es\",\"potentialAction\":[{\"@type\":\"ReadAction\",\"target\":[\"https:\/\/celticspainschool.com\/es\/\"]}]},{\"@type\":\"BreadcrumbList\",\"@id\":\"https:\/\/celticspainschool.com\/es\/#breadcrumb\",\"itemListElement\":[{\"@type\":\"ListItem\",\"position\":1,\"name\":\"Home\",\"item\":\"https:\/\/celticspainschool.com\/es\/\"},{\"@type\":\"ListItem\",\"position\":2,\"name\":\"Bienvenido\"}]}]}<\/script>\n<!-- \/ Yoast SEO plugin. -->","yoast_head_json":{"title":"Inmersi\u00f3n en espa\u00f1ol en la Espa\u00f1a celta | Celtic Spain School","description":"Alcanza tu cima en espa\u00f1ol a trav\u00e9s de nuestro programa de inmersi\u00f3n y nuestros sherpas ling\u00fc\u00edsticos. \u00a1Solicita informaci\u00f3n sin compromiso!","robots":{"index":"index","follow":"follow","max-snippet":"max-snippet:-1","max-image-preview":"max-image-preview:large","max-video-preview":"max-video-preview:-1"},"canonical":"https:\/\/celticspainschool.com\/es\/","og_locale":"es_ES","og_type":"article","og_title":"Inmersi\u00f3n en espa\u00f1ol en la Espa\u00f1a celta | Celtic Spain School","og_description":"Alcanza tu cima en espa\u00f1ol a trav\u00e9s de nuestro programa de inmersi\u00f3n y nuestros sherpas ling\u00fc\u00edsticos. \u00a1Solicita informaci\u00f3n sin compromiso!","og_url":"https:\/\/celticspainschool.com\/es\/","og_site_name":"Celtic Spain School","article_modified_time":"2022-03-02T21:40:39+00:00","twitter_card":"summary_large_image","schema":{"@context":"https:\/\/schema.org","@graph":[{"@type":"Organization","@id":"https:\/\/celticspainschool.com\/#organization","name":"Celtic Spain School","url":"https:\/\/celticspainschool.com\/","sameAs":[],"logo":{"@type":"ImageObject","inLanguage":"es","@id":"https:\/\/celticspainschool.com\/#\/schema\/logo\/image\/","url":"https:\/\/celticspainschool.com\/wp-content\/uploads\/2022\/02\/logo2.png","contentUrl":"https:\/\/celticspainschool.com\/wp-content\/uploads\/2022\/02\/logo2.png","width":400,"height":119,"caption":"Celtic Spain School"},"image":{"@id":"https:\/\/celticspainschool.com\/#\/schema\/logo\/image\/"}},{"@type":"WebSite","@id":"https:\/\/celticspainschool.com\/#website","url":"https:\/\/celticspainschool.com\/","name":"Celtic Spain School","description":"","publisher":{"@id":"https:\/\/celticspainschool.com\/#organization"},"potentialAction":[{"@type":"SearchAction","target":{"@type":"EntryPoint","urlTemplate":"https:\/\/celticspainschool.com\/?s={search_term_string}"},"query-input":"required name=search_term_string"}],"inLanguage":"es"},{"@type":"WebPage","@id":"https:\/\/celticspainschool.com\/es\/#webpage","url":"https:\/\/celticspainschool.com\/es\/","name":"Inmersi\u00f3n en espa\u00f1ol en la Espa\u00f1a celta | Celtic Spain School","isPartOf":{"@id":"https:\/\/celticspainschool.com\/#website"},"datePublished":"2022-02-09T08:57:59+00:00","dateModified":"2022-03-02T21:40:39+00:00","description":"Alcanza tu cima en espa\u00f1ol a trav\u00e9s de nuestro programa de inmersi\u00f3n y nuestros sherpas ling\u00fc\u00edsticos. \u00a1Solicita informaci\u00f3n sin compromiso!","breadcrumb":{"@id":"https:\/\/celticspainschool.com\/es\/#breadcrumb"},"inLanguage":"es","potentialAction":[{"@type":"ReadAction","target":["https:\/\/celticspainschool.com\/es\/"]}]},{"@type":"BreadcrumbList","@id":"https:\/\/celticspainschool.com\/es\/#breadcrumb","itemListElement":[{"@type":"ListItem","position":1,"name":"Home","item":"https:\/\/celticspainschool.com\/es\/"},{"@type":"ListItem","position":2,"name":"Bienvenido"}]}]}},"_links":{"self":[{"href":"https:\/\/celticspainschool.com\/es\/wp-json\/wp\/v2\/pages\/15962","targetHints":{"allow":["GET"]}}],"collection":[{"href":"https:\/\/celticspainschool.com\/es\/wp-json\/wp\/v2\/pages"}],"about":[{"href":"https:\/\/celticspainschool.com\/es\/wp-json\/wp\/v2\/types\/page"}],"author":[{"embeddable":true,"href":"https:\/\/celticspainschool.com\/es\/wp-json\/wp\/v2\/users\/1"}],"replies":[{"embeddable":true,"href":"https:\/\/celticspainschool.com\/es\/wp-json\/wp\/v2\/comments?post=15962"}],"version-history":[{"count":1,"href":"https:\/\/celticspainschool.com\/es\/wp-json\/wp\/v2\/pages\/15962\/revisions"}],"predecessor-version":[{"id":15963,"href":"https:\/\/celticspainschool.com\/es\/wp-json\/wp\/v2\/pages\/15962\/revisions\/15963"}],"wp:attachment":[{"href":"https:\/\/celticspainschool.com\/es\/wp-json\/wp\/v2\/media?parent=15962"}],"curies":[{"name":"wp","href":"https:\/\/api.w.org\/{rel}","templated":true}]}}