{"id":16011,"date":"2022-01-24T14:57:13","date_gmt":"2022-01-24T14:57:13","guid":{"rendered":"https:\/\/desarrollo27.com\/ignacio\/why-immersion-our-students\/"},"modified":"2022-03-02T22:29:42","modified_gmt":"2022-03-02T22:29:42","slug":"por-que-inmersion-nuestros-estudiantes","status":"publish","type":"page","link":"https:\/\/celticspainschool.com\/es\/por-que-inmersion-nuestros-estudiantes\/","title":{"rendered":"Por qu\u00e9 inmersi\u00f3n \/ Nuestros estudiantes"},"content":{"rendered":"<p>[vc_row bg_type=\u00bbimage\u00bb parallax_style=\u00bbvcpb-vz-jquery\u00bb bg_image_new=\u00bbid^15414|url^https:\/\/desarrollo27.com\/ignacio\/wp-content\/uploads\/2022\/01\/CelticSpain-whatweoffer.jpg|caption^null|alt^null|title^CelticSpain-whatweoffer|description^null\u00bb bg_image_repeat=\u00bbno-repeat\u00bb bg_override=\u00bbex-full\u00bb enable_overlay=\u00bbenable_overlay_value\u00bb overlay_color=\u00bbrgba(0,0,0,0.5)\u00bb overlay_pattern=\u00bbtransperant\u00bb overlay_pattern_opacity=\u00bb25&#8243; type=\u00bbvc_default\u00bb margin_top=\u00bb-50&#8243; css=\u00bb.vc_custom_1644570338752{padding-top: 12% !important;padding-bottom: 12% !important;background-position: center !important;background-repeat: no-repeat !important;background-size: cover !important;}\u00bb][vc_column offset=\u00bbvc_col-lg-12 vc_col-md-12&#8243; css=\u00bb.vc_custom_1644321292344{padding-top: 100px !important;padding-bottom: 100px !important;}\u00bb]<div id=\"ultimate-heading-493069d64b151f6a0\" class=\"uvc-heading ult-adjust-bottom-margin ultimate-heading-493069d64b151f6a0 uvc-1586 accent-title-color\" data-hspacer=\"no_spacer\"  data-halign=\"center\" style=\"text-align:center\"><div class=\"uvc-heading-spacer no_spacer\" style=\"top\"><\/div><div class=\"uvc-main-heading ult-responsive\"  data-ultimate-target='.uvc-heading.ultimate-heading-493069d64b151f6a0 h1'  data-responsive-json-new='{\"font-size\":\"desktop:52px;mobile_landscape:22px;mobile:22px;\",\"line-height\":\"desktop:60px;mobile_landscape:32px;mobile:32px;\"}' ><h1 style=\"font-family:&#039;Fira Sans&#039;;font-weight:700;color:#ffffff;\">Lo que ofrecemos: Expediciones ling\u00fc\u00edsticas<\/h1><\/div><\/div>[\/vc_column][\/vc_row][vc_row css=\u00bb.vc_custom_1643725547944{padding-top: 50px !important;}\u00bb][vc_column]<div id=\"ultimate-heading-556069d64b151f6f2\" class=\"uvc-heading ult-adjust-bottom-margin ultimate-heading-556069d64b151f6f2 uvc-9646  uvc-heading-default-font-sizes\" data-hspacer=\"no_spacer\"  data-halign=\"left\" style=\"text-align:left\"><div class=\"uvc-heading-spacer no_spacer\" style=\"top\"><\/div><div class=\"uvc-main-heading ult-responsive\"  data-ultimate-target='.uvc-heading.ultimate-heading-556069d64b151f6f2 h2'  data-responsive-json-new='{\"font-size\":\"\",\"line-height\":\"\"}' ><h2 style=\"--font-weight:theme;\">\u00bfPor qu\u00e9 la inmersi\u00f3n?\/nuestros alumnos<\/h2><\/div><\/div>[\/vc_column][\/vc_row][vc_row equal_height=\u00bbyes\u00bb bg_type=\u00bbbg_color\u00bb bg_override=\u00bbex-full\u00bb type=\u00bbvc_default\u00bb margin_bottom=\u00bb10&#8243; css=\u00bb.vc_custom_1643725556809{background-color: #ffffff !important;}\u00bb bg_color_value=\u00bb#ffffff\u00bb][vc_column][vc_column_text]<\/p>\n<p style=\"text-align: justify;\"><b>\u00bfPor qu\u00e9 la inmersi\u00f3n?<\/b><span style=\"font-weight: 400;\">. <\/span><b>\u00bfQu\u00e9 aporta la inmersi\u00f3n y qu\u00e9 no aporta la inmersi\u00f3n?<\/b><span style=\"font-weight: 400;\">. La inmersi\u00f3n ling\u00fc\u00edstica y cultural funciona fundamentalmente como <\/span><b>un acelerador y fijador.<\/b> <span style=\"font-weight: 400;\">Una vez que se tienen ciertos conocimientos ayuda a solidificarlos, interiorizarlos y hacerlos tuyos. A fijarlos, en definitiva. Por otra parte, ayuda especialmente a desarrollar las destrezas hablada y auditiva aumentando significativamente la competencia comunicativa. As\u00ed mismo, escuchando, se aprenden ciertos aspectos formales si bien es cierto que la inmersi\u00f3n por s\u00ed sola no logra todo. Se requiere de un peque\u00f1o esfuerzo diario y constante de estudio ya que el proceso de aprendizaje de una lengua extranjera difiere en algunos aspectos del proceso de adquisici\u00f3n de la lengua nativa. Eso s\u00ed, si se hace ese peque\u00f1o esfuerzo de estudio diario, y luego se practica en contexto real, los resultados son muy r\u00e1pidos. Es una herramienta extremadamente r\u00e1pida y eficaz. En niveles inferiores, de A0 a A1 y de A1 a A2 con s\u00f3lo un mes de inmersi\u00f3n se sube un nivel. En niveles superiores hacen falta m\u00e1s meses de inmersi\u00f3n para subir de nivel.<\/span><\/p>\n<p style=\"text-align: justify;\"><b>Por nuestra experiencia<\/b> <span style=\"font-weight: 400;\">observando alumnos migrantes en colegios espa\u00f1oles <\/span><b>el efecto de inmersi\u00f3n es prodigioso<\/b><span style=\"font-weight: 400;\">. Podemos constatar que alumnos con un nivel nulo de espa\u00f1ol, y combinando clases formales de espa\u00f1ol diarias con un proceso de aculturaci\u00f3n inmersivo, aun teniendo contacto por las noches con su lengua madre, <\/span><b>son capaces de pasar de un nivel 0 a un nivel B1 (intermedio bajo) en tan s\u00f3lo 3 \u00f3 4 meses, <\/b><span style=\"font-weight: 400;\">con capacidad para incorporarse a las clases <\/span><span style=\"font-weight: 400;\">regladas, que les toca para su edad, al cabo de esos 4 meses, y definitivamente insertarse en el colegio de manera formal, en un grupo de amigos espa\u00f1ol y en la sociedad.<\/span><\/p>\n<p style=\"text-align: justify;\"><b>Por diversas investigaciones<\/b><span style=\"font-weight: 400;\">, podemos decir que la clave para la inmersi\u00f3n ling\u00fc\u00edstica es el hecho de estar expuesto a un ambiente donde vas a practicar la lengua en escenarios reales y diarios, donde te ves \u201cforzado a usar la lengua\u201d y aprender. Y usarla como la usan los nativos. Los humanos somos animales sociales con un claro deseo de conexi\u00f3n emocional y social, y cuando esa conexi\u00f3n est\u00e1 localizada en ambientes en los que s\u00f3lo es posible hacerla en una lengua diferente a la nuestra, nuestra motivaci\u00f3n para aprenderla aumenta y nuestras capacidades comunicativas mejoran mucho. Existen numerosos estudios que lo demuestran (Cummings 2009, Kinginger 2001, Wilkinson 1998) especialmente cuando la motivaci\u00f3n para aprenderla es alta. A cambio, el deseo de integrarse emocionalmente en la sociedad aumenta la motivaci\u00f3n.<\/span><\/p>\n<p>[\/vc_column_text][\/vc_column][\/vc_row][vc_row equal_height=\u00bbyes\u00bb bg_type=\u00bbbg_color\u00bb bg_override=\u00bbex-full\u00bb type=\u00bbvc_default\u00bb margin_bottom=\u00bb10&#8243; css=\u00bb.vc_custom_1643725556809{background-color: #ffffff !important;}\u00bb bg_color_value=\u00bb#ffffff\u00bb][vc_column width=\u00bb1\/2&#8243;][vc_column_text]<\/p>\n<p style=\"text-align: justify;\"><span style=\"font-weight: 400;\">Por otra parte, ciertos estudios que se hicieron al principio de los 2000 (Segalowitz and Freed 2004, Lafford 2006, Lafford, Barbara &amp; Uscinski, Izabella 2014 Study Abroad and Second Language Spanish) <\/span><b>demostraron que la ganancia principal se produc\u00eda en las capacidades comunicativas y auditivas y la fluidez, aunque las gramaticales no mejoraran sustancialmente sino existe estudio. <\/b><span style=\"font-weight: 400;\">Un reciente estudio de DeKeyser (2010) demostr\u00f3 que SA (Stduy Abroad) no produc\u00eda una bala m\u00e1gica que me hac\u00eda progresar en el proceso de aprendizaje puro sino que su aprendizaje y evoluci\u00f3n est\u00e1 en funci\u00f3n de lo que se practique fuera de clase sobre la base de lo que ya han aprendido formalmente cuando dejan la clase. Por tanto, tiene que haber un cierto aprendizaje formal y esfuerzo individual para que eso se consolide adem\u00e1s de una posterior pr\u00e1ctica continuada en el tiempo, sobre todo en adultos donde se produce m\u00e1s un aprendizaje que una adquisici\u00f3n de una lengua. Ah\u00ed es donde hay que ser conscientes de que la inmersi\u00f3n tienes sus l\u00edmites en cuanto a acelerador del aprendizaje. Y es as\u00ed como organizamos nuestras clases <\/span><b>(=campamentos base).<\/b><\/p>\n<p style=\"text-align: justify;\"><span style=\"font-weight: 400;\">As\u00ed mismo, <\/span><b>la duraci\u00f3n de la inmersi\u00f3n <\/b><span style=\"font-weight: 400;\">tiene un efecto significativo tanto sobre ese aprendizaje como produce cambios estructurales en el cerebro y en su vol\u00fametr\u00eda como demuestra algunos estudios recientes (De Luca, Rothman, Pliatsikas, 2018)<\/span><\/p>\n<p>[\/vc_column_text][\/vc_column][vc_column width=\u00bb1\/2&#8243;][vc_column_text]<span style=\"font-weight: 400;\">Por otra parte, seg\u00fan diversos estudios (Krashen, 1981, 1986, Botta 2002) <\/span><b>las emociones juegan un papel fundamental en el aprendizaje de una segunda lengua. <\/b><span style=\"font-weight: 400;\">Cualquier experiencia positiva emocionalmente ayuda a fijar el lenguaje m\u00e1s r\u00e1pido y, sobre todo, a solidificarlo de forma m\u00e1s eficaz. Es por eso que la inmersi\u00f3n, y cualquier experiencia asociada (como es el turismo idiom\u00e1tico), es tan positiva.<\/span><\/p>\n<p style=\"text-align: justify;\"><span style=\"font-weight: 400;\">Por \u00faltimo, podemos decir que seg\u00fan el estudio de Kim, Karl H.S. Relkin, Norman R., Lee, Kyoung-Min &amp; Hirsch, Joy 1997, publicado en la revista Nature 388, 171-174 los biling\u00fces tempranos, cuando hablan cada una de sus lenguas, activan zonas solapadas (como un mismo caj\u00f3n) del \u00e1rea de Broca del cerebro y hay una fuerte proximidad de los puntos de m\u00e1xima actividad cuando realizan un tarea. En los biling\u00fces tard\u00edos se activan \u00e1reas disjuntas (cajones cercanos pero separados) del \u00e1rea de Broca y hay una cierta lejan\u00eda de los puntos de m\u00e1xima actividad. En los aprendices de una lengua extranjera hay una activaci\u00f3n de zonas totalmente distintas (cajones separados y distantes) del \u00e1rea de Broca y una lejan\u00eda de los puntos de m\u00e1xima actividad con una tendencia a usar la lengua madre (caj\u00f3n 1) en detrimento de la segunda lengua. <\/span><b>Por eso es importante un proceso de inmersi\u00f3n donde se le de preponderancia al uso de la segunda lengua (caj\u00f3n 2).<\/b><\/p>\n<p>[\/vc_column_text][\/vc_column][\/vc_row][vc_row equal_height=\u00bbyes\u00bb bg_type=\u00bbbg_color\u00bb bg_override=\u00bbex-full\u00bb type=\u00bbvc_default\u00bb margin_bottom=\u00bb10&#8243; css=\u00bb.vc_custom_1643725556809{background-color: #ffffff !important;}\u00bb bg_color_value=\u00bb#ffffff\u00bb][vc_column css=\u00bb.vc_custom_1490185790032{padding-bottom: 70px !important;}\u00bb][vc_column_text]<span style=\"font-weight: 400;\">Por otra parte, <strong>s<\/strong><\/span><b>abemos c\u00f3mo trabajar la fon\u00e9tica <\/b><span style=\"font-weight: 400;\">para que la destreza hablada y auditiva mejore. Y sabemos adaptarla a diferentes idiomas, no son lo mismo las dificultades fon\u00e9ticas aprendiendo espa\u00f1ol de un angloparlante, que las de un franc\u00f3fono que las de un \u00e1rabe hablante o las de un chino hablando mandar\u00edn.<\/span><\/p>\n<p style=\"text-align: justify;\"><a href=\"https:\/\/www.cambridgeenglish.org\/blog\/the-benefit-of-immersive-language-learning-experiences-and-how-to-create-them\/\" target=\"_blank\" rel=\"noopener noreferrer\">The benefit of immersive language-learning experiences and how to create them | Cambridge English<\/a><\/p>\n<p>[\/vc_column_text][\/vc_column][\/vc_row][vc_row full_width=\u00bbstretch_row\u00bb equal_height=\u00bbyes\u00bb bg_type=\u00bbbg_color\u00bb bg_override=\u00bbex-full\u00bb type=\u00bbvc_default\u00bb margin_bottom=\u00bb10&#8243; css=\u00bb.vc_custom_1643625444781{padding-top: 70px !important;padding-bottom: 40px !important;background-color: #ffffff !important;}\u00bb bg_color_value=\u00bb#eaeaea\u00bb][vc_column css=\u00bb.vc_custom_1490185790032{padding-bottom: 70px !important;}\u00bb]<div id=\"ultimate-heading-288769d64b151f722\" class=\"uvc-heading ult-adjust-bottom-margin ultimate-heading-288769d64b151f722 uvc-602  uvc-heading-default-font-sizes\" data-hspacer=\"no_spacer\"  data-halign=\"center\" style=\"text-align:center\"><div class=\"uvc-heading-spacer no_spacer\" style=\"top\"><\/div><div class=\"uvc-main-heading ult-responsive\"  data-ultimate-target='.uvc-heading.ultimate-heading-288769d64b151f722 h2'  data-responsive-json-new='{\"font-size\":\"\",\"line-height\":\"\"}' ><h2 style=\"--font-weight:theme;margin-bottom:30px;\">Nuestros alumnos<\/h2><\/div><\/div>[vc_column_text]<\/p>\n<p style=\"text-align: justify;\"><span style=\"font-weight: 400;\">\u00c9ste es un programa para cualquier tipo de alumno a partir de 18 a\u00f1os. No es que no nos gusten los ni\u00f1os o los adolescentes. De hecho nos apasionan, y los vivimos y disfrutamos cada d\u00eda en nuestros centros educativos. Esto es sencillamente por razones legales ya que nosotros no estamos ni autorizados legalmente ni habilitados para poder hacernos cargo de alumnos menores de 18 a\u00f1os durante las noches o fines de semana.<\/span><\/p>\n<p style=\"text-align: justify;\"><span style=\"font-weight: 400;\">Es verdad que adem\u00e1s este tipo de inmersi\u00f3n est\u00e1 particularmente adaptado para cierto tipo de alumnos, aquellos que quieren hacer un uso instrumental de la lengua y este aspecto est\u00e1 m\u00e1s anclado a aquellas personas que ya han hecho una decisi\u00f3n de por d\u00f3nde va su camino profesional y que uso le pueden dar a la lengua, aunque no descartamos ning\u00fan otro motivo. De hecho, sentimos que gustar\u00e1 tambi\u00e9n a aquellos que quieren disfrutar de la naturaleza variada (desde playas y aguas cristalinas hasta monta\u00f1as y paisajes que quitan el aliento), de un viaje por la historia, del disfrute de otra cultura y de tradiciones que realmente te sorprender\u00e1n y que tienen un sentido. No es casualidad que afotunada o desafortunadamente en Europa est\u00e1 el mayor acervo cultural del planeta en lugares catalogados por la UNESCO.<\/span><\/p>\n<p style=\"text-align: justify;\"><span style=\"font-weight: 400;\">Por otra parte admitimos alumnos a partir de un nivel A1 (principiante o inicial o acceso, seg\u00fan el MCER\/CEFR) porque entendemos que es cuando la inmersi\u00f3n ya hace un efecto. No acogemos alumnos que no tengan ninguna idea de espa\u00f1ol, que no sepan ni una palabra. De hecho tenemos 4 grupos de alumnos (A2, B1, B2, C1). Para el C2 entendemos que la inmersi\u00f3n debe ser otra, que tambi\u00e9n, te la ofreceremos pero no en \u00e9ste programa.<\/span><\/p>\n<p style=\"text-align: justify;\"><b>Y todos nuestros alumnos sentimos que tienen algo en com\u00fan, <\/b><span style=\"font-weight: 400;\">un inter\u00e9s no s\u00f3lo por hablar espa\u00f1ol sino por la cultura hispana en general. Porque para entablar una conversaci\u00f3n con un nativo hay m\u00e1s cosas de las que se aprenden en un libro o a trav\u00e9s de un traductor de inteligencia artificial. Est\u00e1 la cultura. Por eso es imposible aprender bien un idioma fuera de su entorno cultural. Cu\u00e1nto m\u00e1s se conozca el entorno sociocultural, m\u00e1s f\u00e1cil ser\u00e1 implicarse y querer aprender nuevas palabras, expresiones y formas de hablar. Lo que acad\u00e9micamente se llama la pragm\u00e1tica de la lengua. Por esa raz\u00f3n la mayor\u00eda de las universidades o incluso institutos invierten en programas de intercambio para que los estudiantes aprendan idiomas en los entornos adecuados<\/span><\/p>\n<p style=\"text-align: justify;\"><span style=\"font-weight: 400;\">Por lo dem\u00e1s cualquier persona est\u00e1 preparada para venir sea cu\u00e1l sea su car\u00e1cter, gustos e intereses. Nosotros especialmente nos centraremos en despertar su curiosidad, abrir su mente y motivar los para aprender. Y, por supuesto, nos adaptamos a ciertas discapacidades f\u00edsicas. No dejes de coment\u00e1rnoslo.<\/span><\/p>\n<p>[\/vc_column_text][\/vc_column][\/vc_row]<\/p>\n","protected":false},"excerpt":{"rendered":"<p>[vc_row bg_type=\u00bbimage\u00bb parallax_style=\u00bbvcpb-vz-jquery\u00bb bg_image_new=\u00bbid^15414|url^https:\/\/desarrollo27.com\/ignacio\/wp-content\/uploads\/2022\/01\/CelticSpain-whatweoffer.jpg|caption^null|alt^null|title^CelticSpain-whatweoffer|description^null\u00bb bg_image_repeat=\u00bbno-repeat\u00bb bg_override=\u00bbex-full\u00bb enable_overlay=\u00bbenable_overlay_value\u00bb overlay_color=\u00bbrgba(0,0,0,0.5)\u00bb overlay_pattern=\u00bbtransperant\u00bb overlay_pattern_opacity=\u00bb25&#8243; type=\u00bbvc_default\u00bb margin_top=\u00bb-50&#8243; css=\u00bb.vc_custom_1644570338752{padding-top: 12% !important;padding-bottom: 12% !important;background-position: center !important;background-repeat: no-repeat !important;background-size: cover !important;}\u00bb][vc_column offset=\u00bbvc_col-lg-12 vc_col-md-12&#8243; css=\u00bb.vc_custom_1644321292344{padding-top: 100px !important;padding-bottom: 100px !important;}\u00bb][\/vc_column][\/vc_row][vc_row css=\u00bb.vc_custom_1643725547944{padding-top: 50px !important;}\u00bb][vc_column][\/vc_column][\/vc_row][vc_row equal_height=\u00bbyes\u00bb bg_type=\u00bbbg_color\u00bb bg_override=\u00bbex-full\u00bb type=\u00bbvc_default\u00bb margin_bottom=\u00bb10&#8243; css=\u00bb.vc_custom_1643725556809{background-color: #ffffff !important;}\u00bb bg_color_value=\u00bb#ffffff\u00bb][vc_column][vc_column_text] \u00bfPor qu\u00e9 la inmersi\u00f3n?. \u00bfQu\u00e9 aporta la inmersi\u00f3n y qu\u00e9 no aporta la&hellip;<\/p>\n","protected":false},"author":1,"featured_media":0,"parent":0,"menu_order":100,"comment_status":"closed","ping_status":"closed","template":"","meta":{"footnotes":""},"class_list":["post-16011","page","type-page","status-publish","hentry","description-off"],"yoast_head":"<!-- This site is optimized with the Yoast SEO plugin v18.9 - https:\/\/yoast.com\/wordpress\/plugins\/seo\/ -->\n<title>Por qu\u00e9 inmersi\u00f3n en Espa\u00f1ol | Celtic Spain School<\/title>\n<meta name=\"description\" content=\"\u00bfPor qu\u00e9 la inmersi\u00f3n es una herramienta muy \u00fatil? Porque solidifica y funciona como acelerador. La inmersi\u00f3n hace tuyo el idioma.\" \/>\n<meta name=\"robots\" content=\"index, follow, max-snippet:-1, max-image-preview:large, max-video-preview:-1\" \/>\n<link rel=\"canonical\" href=\"https:\/\/celticspainschool.com\/es\/por-que-inmersion-nuestros-estudiantes\/\" \/>\n<meta property=\"og:locale\" content=\"es_ES\" \/>\n<meta property=\"og:type\" content=\"article\" \/>\n<meta property=\"og:title\" content=\"Por qu\u00e9 inmersi\u00f3n en Espa\u00f1ol | Celtic Spain School\" \/>\n<meta property=\"og:description\" content=\"\u00bfPor qu\u00e9 la inmersi\u00f3n es una herramienta muy \u00fatil? Porque solidifica y funciona como acelerador. La inmersi\u00f3n hace tuyo el idioma.\" \/>\n<meta property=\"og:url\" content=\"https:\/\/celticspainschool.com\/es\/por-que-inmersion-nuestros-estudiantes\/\" \/>\n<meta property=\"og:site_name\" content=\"Celtic Spain School\" \/>\n<meta property=\"article:modified_time\" content=\"2022-03-02T22:29:42+00:00\" \/>\n<meta name=\"twitter:card\" content=\"summary_large_image\" \/>\n<meta name=\"twitter:label1\" content=\"Tiempo de lectura\" \/>\n\t<meta name=\"twitter:data1\" content=\"10 minutos\" \/>\n<script type=\"application\/ld+json\" class=\"yoast-schema-graph\">{\"@context\":\"https:\/\/schema.org\",\"@graph\":[{\"@type\":\"Organization\",\"@id\":\"https:\/\/celticspainschool.com\/#organization\",\"name\":\"Celtic Spain School\",\"url\":\"https:\/\/celticspainschool.com\/\",\"sameAs\":[],\"logo\":{\"@type\":\"ImageObject\",\"inLanguage\":\"es\",\"@id\":\"https:\/\/celticspainschool.com\/#\/schema\/logo\/image\/\",\"url\":\"https:\/\/celticspainschool.com\/wp-content\/uploads\/2022\/02\/logo2.png\",\"contentUrl\":\"https:\/\/celticspainschool.com\/wp-content\/uploads\/2022\/02\/logo2.png\",\"width\":400,\"height\":119,\"caption\":\"Celtic Spain School\"},\"image\":{\"@id\":\"https:\/\/celticspainschool.com\/#\/schema\/logo\/image\/\"}},{\"@type\":\"WebSite\",\"@id\":\"https:\/\/celticspainschool.com\/#website\",\"url\":\"https:\/\/celticspainschool.com\/\",\"name\":\"Celtic Spain School\",\"description\":\"\",\"publisher\":{\"@id\":\"https:\/\/celticspainschool.com\/#organization\"},\"potentialAction\":[{\"@type\":\"SearchAction\",\"target\":{\"@type\":\"EntryPoint\",\"urlTemplate\":\"https:\/\/celticspainschool.com\/?s={search_term_string}\"},\"query-input\":\"required name=search_term_string\"}],\"inLanguage\":\"es\"},{\"@type\":\"WebPage\",\"@id\":\"https:\/\/celticspainschool.com\/es\/por-que-inmersion-nuestros-estudiantes\/#webpage\",\"url\":\"https:\/\/celticspainschool.com\/es\/por-que-inmersion-nuestros-estudiantes\/\",\"name\":\"Por qu\u00e9 inmersi\u00f3n en Espa\u00f1ol | Celtic Spain School\",\"isPartOf\":{\"@id\":\"https:\/\/celticspainschool.com\/#website\"},\"datePublished\":\"2022-01-24T14:57:13+00:00\",\"dateModified\":\"2022-03-02T22:29:42+00:00\",\"description\":\"\u00bfPor qu\u00e9 la inmersi\u00f3n es una herramienta muy \u00fatil? Porque solidifica y funciona como acelerador. La inmersi\u00f3n hace tuyo el idioma.\",\"breadcrumb\":{\"@id\":\"https:\/\/celticspainschool.com\/es\/por-que-inmersion-nuestros-estudiantes\/#breadcrumb\"},\"inLanguage\":\"es\",\"potentialAction\":[{\"@type\":\"ReadAction\",\"target\":[\"https:\/\/celticspainschool.com\/es\/por-que-inmersion-nuestros-estudiantes\/\"]}]},{\"@type\":\"BreadcrumbList\",\"@id\":\"https:\/\/celticspainschool.com\/es\/por-que-inmersion-nuestros-estudiantes\/#breadcrumb\",\"itemListElement\":[{\"@type\":\"ListItem\",\"position\":1,\"name\":\"Home\",\"item\":\"https:\/\/celticspainschool.com\/es\/\"},{\"@type\":\"ListItem\",\"position\":2,\"name\":\"Por qu\u00e9 inmersi\u00f3n \/ Nuestros estudiantes\"}]}]}<\/script>\n<!-- \/ Yoast SEO plugin. -->","yoast_head_json":{"title":"Por qu\u00e9 inmersi\u00f3n en Espa\u00f1ol | Celtic Spain School","description":"\u00bfPor qu\u00e9 la inmersi\u00f3n es una herramienta muy \u00fatil? Porque solidifica y funciona como acelerador. La inmersi\u00f3n hace tuyo el idioma.","robots":{"index":"index","follow":"follow","max-snippet":"max-snippet:-1","max-image-preview":"max-image-preview:large","max-video-preview":"max-video-preview:-1"},"canonical":"https:\/\/celticspainschool.com\/es\/por-que-inmersion-nuestros-estudiantes\/","og_locale":"es_ES","og_type":"article","og_title":"Por qu\u00e9 inmersi\u00f3n en Espa\u00f1ol | Celtic Spain School","og_description":"\u00bfPor qu\u00e9 la inmersi\u00f3n es una herramienta muy \u00fatil? Porque solidifica y funciona como acelerador. La inmersi\u00f3n hace tuyo el idioma.","og_url":"https:\/\/celticspainschool.com\/es\/por-que-inmersion-nuestros-estudiantes\/","og_site_name":"Celtic Spain School","article_modified_time":"2022-03-02T22:29:42+00:00","twitter_card":"summary_large_image","twitter_misc":{"Tiempo de lectura":"10 minutos"},"schema":{"@context":"https:\/\/schema.org","@graph":[{"@type":"Organization","@id":"https:\/\/celticspainschool.com\/#organization","name":"Celtic Spain School","url":"https:\/\/celticspainschool.com\/","sameAs":[],"logo":{"@type":"ImageObject","inLanguage":"es","@id":"https:\/\/celticspainschool.com\/#\/schema\/logo\/image\/","url":"https:\/\/celticspainschool.com\/wp-content\/uploads\/2022\/02\/logo2.png","contentUrl":"https:\/\/celticspainschool.com\/wp-content\/uploads\/2022\/02\/logo2.png","width":400,"height":119,"caption":"Celtic Spain School"},"image":{"@id":"https:\/\/celticspainschool.com\/#\/schema\/logo\/image\/"}},{"@type":"WebSite","@id":"https:\/\/celticspainschool.com\/#website","url":"https:\/\/celticspainschool.com\/","name":"Celtic Spain School","description":"","publisher":{"@id":"https:\/\/celticspainschool.com\/#organization"},"potentialAction":[{"@type":"SearchAction","target":{"@type":"EntryPoint","urlTemplate":"https:\/\/celticspainschool.com\/?s={search_term_string}"},"query-input":"required name=search_term_string"}],"inLanguage":"es"},{"@type":"WebPage","@id":"https:\/\/celticspainschool.com\/es\/por-que-inmersion-nuestros-estudiantes\/#webpage","url":"https:\/\/celticspainschool.com\/es\/por-que-inmersion-nuestros-estudiantes\/","name":"Por qu\u00e9 inmersi\u00f3n en Espa\u00f1ol | Celtic Spain School","isPartOf":{"@id":"https:\/\/celticspainschool.com\/#website"},"datePublished":"2022-01-24T14:57:13+00:00","dateModified":"2022-03-02T22:29:42+00:00","description":"\u00bfPor qu\u00e9 la inmersi\u00f3n es una herramienta muy \u00fatil? Porque solidifica y funciona como acelerador. La inmersi\u00f3n hace tuyo el idioma.","breadcrumb":{"@id":"https:\/\/celticspainschool.com\/es\/por-que-inmersion-nuestros-estudiantes\/#breadcrumb"},"inLanguage":"es","potentialAction":[{"@type":"ReadAction","target":["https:\/\/celticspainschool.com\/es\/por-que-inmersion-nuestros-estudiantes\/"]}]},{"@type":"BreadcrumbList","@id":"https:\/\/celticspainschool.com\/es\/por-que-inmersion-nuestros-estudiantes\/#breadcrumb","itemListElement":[{"@type":"ListItem","position":1,"name":"Home","item":"https:\/\/celticspainschool.com\/es\/"},{"@type":"ListItem","position":2,"name":"Por qu\u00e9 inmersi\u00f3n \/ Nuestros estudiantes"}]}]}},"_links":{"self":[{"href":"https:\/\/celticspainschool.com\/es\/wp-json\/wp\/v2\/pages\/16011","targetHints":{"allow":["GET"]}}],"collection":[{"href":"https:\/\/celticspainschool.com\/es\/wp-json\/wp\/v2\/pages"}],"about":[{"href":"https:\/\/celticspainschool.com\/es\/wp-json\/wp\/v2\/types\/page"}],"author":[{"embeddable":true,"href":"https:\/\/celticspainschool.com\/es\/wp-json\/wp\/v2\/users\/1"}],"replies":[{"embeddable":true,"href":"https:\/\/celticspainschool.com\/es\/wp-json\/wp\/v2\/comments?post=16011"}],"version-history":[{"count":5,"href":"https:\/\/celticspainschool.com\/es\/wp-json\/wp\/v2\/pages\/16011\/revisions"}],"predecessor-version":[{"id":16253,"href":"https:\/\/celticspainschool.com\/es\/wp-json\/wp\/v2\/pages\/16011\/revisions\/16253"}],"wp:attachment":[{"href":"https:\/\/celticspainschool.com\/es\/wp-json\/wp\/v2\/media?parent=16011"}],"curies":[{"name":"wp","href":"https:\/\/api.w.org\/{rel}","templated":true}]}}