{"id":16018,"date":"2021-12-10T15:40:21","date_gmt":"2021-12-10T15:40:21","guid":{"rendered":"https:\/\/desarrollo27.com\/ignacio\/immersion-methology-and-philosophy\/"},"modified":"2022-03-02T22:10:36","modified_gmt":"2022-03-02T22:10:36","slug":"nuestro-metodo","status":"publish","type":"page","link":"https:\/\/celticspainschool.com\/es\/nuestro-metodo\/","title":{"rendered":"La misi\u00f3n: Nuestro m\u00e9todo"},"content":{"rendered":"<p>[vc_row bg_type=\u00bbimage\u00bb parallax_style=\u00bbvcpb-vz-jquery\u00bb bg_image_new=\u00bbid^15637|url^https:\/\/desarrollo27.com\/ignacio\/wp-content\/uploads\/2022\/02\/Druida-con-cacerola-Celtic-Spain.jpeg|caption^null|alt^Druida con cacerola &#8211; Celtic Spain|title^Druida con cacerola &#8211; Celtic Spain|description^null\u00bb bg_image_repeat=\u00bbno-repeat\u00bb bg_override=\u00bbex-full\u00bb enable_overlay=\u00bbenable_overlay_value\u00bb overlay_color=\u00bbrgba(0,0,0,0.5)\u00bb overlay_pattern=\u00bbtransperant\u00bb overlay_pattern_opacity=\u00bb25&#8243; type=\u00bbvc_default\u00bb margin_top=\u00bb-50&#8243; css=\u00bb.vc_custom_1644856475039{padding-top: 22% !important;padding-bottom: 22% !important;background-color: #000000 !important;}\u00bb][vc_column offset=\u00bbvc_col-lg-12 vc_col-md-12&#8243; css=\u00bb.vc_custom_1476030031960{padding-bottom: 10px !important;}\u00bb]<div id=\"ultimate-heading-250569d107b846e11\" class=\"uvc-heading ult-adjust-bottom-margin ultimate-heading-250569d107b846e11 uvc-3397 accent-title-color\" data-hspacer=\"no_spacer\"  data-halign=\"center\" style=\"text-align:center\"><div class=\"uvc-heading-spacer no_spacer\" style=\"top\"><\/div><div class=\"uvc-main-heading ult-responsive\"  data-ultimate-target='.uvc-heading.ultimate-heading-250569d107b846e11 h1'  data-responsive-json-new='{\"font-size\":\"desktop:52px;mobile_landscape:22px;mobile:22px;\",\"line-height\":\"desktop:60px;mobile_landscape:32px;mobile:32px;\"}' ><h1 style=\"font-family:&#039;Fira Sans&#039;;font-weight:700;color:#ffffff;\">Por qu\u00e9 nuestro programa<br \/>\nNuestra p\u00f3cima Celta<\/h1><\/div><\/div>[\/vc_column][\/vc_row][vc_row css=\u00bb.vc_custom_1644417040350{padding-top: 50px !important;}\u00bb][vc_column]<div id=\"ultimate-heading-943469d107b846e7c\" class=\"uvc-heading ult-adjust-bottom-margin ultimate-heading-943469d107b846e7c uvc-2560 \" data-hspacer=\"no_spacer\"  data-halign=\"left\" style=\"text-align:left\"><div class=\"uvc-heading-spacer no_spacer\" style=\"top\"><\/div><div class=\"uvc-main-heading ult-responsive\"  data-ultimate-target='.uvc-heading.ultimate-heading-943469d107b846e7c h2'  data-responsive-json-new='{\"font-size\":\"desktop:34px;\",\"line-height\":\"desktop:30px;\"}' ><h2 style=\"font-weight:bold;margin-bottom:20px;\">La misi\u00f3n de nuestro programa<\/h2><\/div><\/div>[\/vc_column][\/vc_row][vc_row css=\u00bb.vc_custom_1644417080636{padding-top: 20px !important;padding-bottom: 50px !important;}\u00bb][vc_column width=\u00bb1\/2&#8243;][vc_column_text]<\/p>\n<p style=\"text-align: justify;\"><span style=\"font-weight: 400;\">Nuestra misi\u00f3n es hacer avanzar en el aprendizaje de una lengua extranjera de manera significativa libre de interferencias de la lengua madre para un uso instrumental de la misma.<\/span><\/p>\n<p style=\"text-align: justify;\"><span style=\"font-weight: 400;\">Por otra parte, buscamos mejorar la conciencia internacional y la interculturalidad, as\u00ed como expandir las oportunidades de aprender fuera de la educaci\u00f3n reglada a trav\u00e9s del contacto con una cultura extranjera y estudiantes de diversos pa\u00edses, a la vez que se hace turismo variado.<\/span><\/p>\n<p style=\"text-align: justify;\"><span style=\"font-weight: 400;\">Adem\u00e1s, contribuimos significativamente a vuestras carreras profesionales en varios campos de especializaci\u00f3n, primero, ofreciendo cursos de espa\u00f1ol con especializaci\u00f3n profesional (fundamentalmente de los negocios y de la salud) y , segundo, facilitando pr\u00e1cticas en empresas cuando se ha adquirido un nivel b\u00e1sico profesional (= upper B2 or C1, CEFR, Common European Framework of Reference for Languages)<\/span><\/p>\n<p>[\/vc_column_text][\/vc_column][vc_column width=\u00bb1\/2&#8243;][vc_single_image image=\u00bb15639&#8243; img_size=\u00bbfull\u00bb][\/vc_column][\/vc_row][vc_row full_width=\u00bbstretch_row\u00bb css=\u00bb.vc_custom_1644308083173{padding-top: 20px !important;padding-bottom: 50px !important;background-color: #f6f6f6 !important;}\u00bb][vc_column]<div id=\"ultimate-heading-345069d107b846ec4\" class=\"uvc-heading ult-adjust-bottom-margin ultimate-heading-345069d107b846ec4 uvc-4430 \" data-hspacer=\"no_spacer\"  data-halign=\"left\" style=\"text-align:left\"><div class=\"uvc-heading-spacer no_spacer\" style=\"top\"><\/div><div class=\"uvc-main-heading ult-responsive\"  data-ultimate-target='.uvc-heading.ultimate-heading-345069d107b846ec4 h2'  data-responsive-json-new='{\"font-size\":\"desktop:34px;\",\"line-height\":\"desktop:30px;\"}' ><h2 style=\"font-weight:bold;margin-bottom:20px;\">Nuestro m\u00e9todo: Spanish Immersion Expeditions<\/h2><\/div><\/div>[vc_empty_space][vc_row_inner][vc_column_inner width=\u00bb1\/2&#8243;][vc_column_text]<\/p>\n<p style=\"text-align: justify;\"><span style=\"font-weight: 400;\">Nosotros no somos una academia de idiomas. Primero porque s\u00f3lo ense\u00f1amos espa\u00f1ol, y segundo porque nos especializamos en lo que nosotros llamamos \u201cexpediciones ling\u00fc\u00edsticas\u201d, en definitiva, inmersi\u00f3n ling\u00fc\u00edstica plena en espa\u00f1ol. Las razones por la que lo hacemos son dos: primero, porque est\u00e1 probado cient\u00edficamente que cualquier persona si es expuesta a una lengua suficiente tiempo (aunque ese tiempo en los adultos es m\u00e1s largo) aprende a hablar en la lengua meta y, segundo, porque introducir al estudiante en la cultura de la lengua meta aumenta no s\u00f3lo el compromiso con el aprendizaje sino que tambi\u00e9n ahorra malentendidos, hace el proceso de aprendizaje m\u00e1s f\u00e1cil y r\u00e1pido, y permite empezar a pensar en otra lengua lo que es clave para dejar de traducir y que las palabras salgan naturalmente.<\/span><\/p>\n<p style=\"text-align: justify;\"><span style=\"font-weight: 400;\">Cuando uno aprende cualquier materia, uno suele necesitar una motivaci\u00f3n intr\u00ednseca y una motivaci\u00f3n extr\u00ednseca. El hecho de conocer otras culturas y pa\u00edses suelen ser una gran motivaci\u00f3n intr\u00ednseca. La motivaci\u00f3n extr\u00ednseca suele ser el uso instrumental que se le va a dar a la lengua. Pero la motivaci\u00f3n intr\u00ednseca es muy importante porque se necesita motivaci\u00f3n para progresar con los verbos, los tiempos, el uso de adverbios, etc, Si a eso le a\u00f1adimos cientos de palabras nuevas, a veces uno siente que quiere rendirse. Cuando puedes situar toda esa informaci\u00f3n en un contexto cultural, eso ayuda a que uno se compromete a un nivel diferente con la lengua extranjera. Aprender c\u00f3mo vive y habla la gente nativa introduce un lado humano en el idioma, que te permite seguir enganchado al proceso de aprendizaje. Es el mismo proceso que nos pasa en los institutos de secundaria. Los estudiantes (especialmente la generaci\u00f3n Z) desconectan m\u00e1s r\u00e1pido que antiguamente, porque han estado m\u00e1s expuestos a los dispositivos electr\u00f3nicos, y necesitan conectar m\u00e1s los contenidos que est\u00e1n aprendiendo con la utilidad que se le va a dar a eso que se aprende. Algo que est\u00e1 cambiando la manera en que se ense\u00f1a.<\/span><\/p>\n<p style=\"text-align: justify;\"><span style=\"font-weight: 400;\">Las hemos llamado \u201clanguage expeditions\u201d porque se parecen mucho a una expedici\u00f3n de monta\u00f1a, la cu\u00e1l est\u00e1 omnipresente en Asturias.<\/span><\/p>\n<p style=\"text-align: justify;\"><span style=\"font-weight: 400;\">Uno forma parte de un grupo, vive y convive con ese grupo. Se expone a la lengua meta constantemente. Es como un compartimento estanco alejado de tu realidad diaria donde uno se acultura.<\/span><\/p>\n<p>[\/vc_column_text][\/vc_column_inner][vc_column_inner width=\u00bb1\/2&#8243;][vc_column_text]<\/p>\n<p style=\"text-align: justify;\"><span style=\"font-weight: 400;\">La exposici\u00f3n a la lengua extranjera es total y plena dise\u00f1ado todo para que haya el m\u00ednimo espacio para el contacto con la lengua madre. Uno est\u00e1 <\/span><span style=\"font-weight: 400;\">como inmerso en una nueva situaci\u00f3n. Una nueva realidad donde uno vive, ama, estudia, come, ve v\u00eddeos, discute y hace turismo en espa\u00f1ol mientras conoce unos de los lugares m\u00e1s m\u00e1gicos de Espa\u00f1a. La regi\u00f3n m\u00e1s valorado por los espa\u00f1oles <a href=\"https:\/\/www.larazon.es\/espana\/20211216\/jxwxvjadsjghndntqwgkhfiyfy.html\" target=\"_blank\" rel=\"noopener noreferrer\"><span class=\"s1\">\u00bfCu\u00e1l es la comunidad aut\u00f3noma m\u00e1s querida y la m\u00e1s odiada de Espa\u00f1a? (larazon.es)<\/span><\/a> y por los turistas extranjeros <a href=\"https:\/\/www.huffingtonpost.es\/entry\/the-telegraph-se-enamora-de-la-comunidad-autonoma-olvidada-de-espana-ni-paella-ni-bailaores_es_6185475de4b087e2ef96aee7\" target=\"_blank\" rel=\"noopener noreferrer\"><span class=\"s1\">The Telegraph se enamora de la comunidad aut\u00f3noma \u201colvidada\u201d de Espa\u00f1a: \u201cNi paella ni bailaores\u201d | El HuffPost (huffingtonpost.es)<\/span><\/a>. Procuraremos que no coincidan en un mismo grupo alumnos de la misma lengua madre y si lo hacen el sherpa se preocupa de que no utilicen nunca su lengua madre.<\/span><\/p>\n<p style=\"text-align: justify;\"><span style=\"font-weight: 400;\">No s\u00f3lo se aprende espa\u00f1ol formalmente sino que se practica inmediatamente haciendo diferentes actividades, algunas de ellas tur\u00edsticas, otras deportivas, y otras sencillamente actividades diarias de un espa\u00f1ol com\u00fan pero todas dise\u00f1adas con un fin, trabajar todas y cada una de las 4 destrezas que requiere aprender una lengua: la destreza escrita, la destreza hablada, la destreza lectora y la destreza auditiva con una orientaci\u00f3n clara hacia la competencia comunicativa. Y en ning\u00fan momento, incluso en los desplazamientos en autob\u00fas a algunos sitios tur\u00edsticos, se deja de estar practicando espa\u00f1ol. Y todo ello con una inmersi\u00f3n cultural ya que est\u00e1 probado cient\u00edficamente que el aprendizaje de una lengua es m\u00e1s r\u00e1pido si va acompa\u00f1ado de la vivencia de la cultura, y de la apertura hacia, y el gusto por, esa cultura de la persona que aprende.<\/span><\/p>\n<p style=\"text-align: justify;\"><span style=\"font-weight: 400;\">Y un gu\u00eda o sherpa (nuestros profesores) te gu\u00eda en el camino hacia la cima, hacia tu objetivo ling\u00fc\u00edstico y te acompa\u00f1a durante todo el d\u00eda. El sherpa solo se separa de t\u00ed por las noches, cuando vayas a la residencia de estudiantes o convivas con tu familia de acogida en que seguir\u00e1s con el proceso de inmersi\u00f3n. Tu sherpa te acompa\u00f1ar\u00e1 durante toda la estancia, salvo los fines de semana, tanto a nivel ling\u00fc\u00edstico como cultural y tiene un compromiso contigo. Y todos ellos son sherpas (=profesores) titulados.<\/span><\/p>\n<p><a href=\"https:\/\/www.cambridgeenglish.org\/blog\/the-benefit-of-immersive-language-learning-experiences-and-how-to-create-them\/\" target=\"_blank\" rel=\"noopener noreferrer\">The benefit of immersive language-learning experiences and how to create them | Cambridge English<\/a>[\/vc_column_text][\/vc_column_inner][\/vc_row_inner][\/vc_column][\/vc_row]<\/p>\n","protected":false},"excerpt":{"rendered":"<p>[vc_row bg_type=\u00bbimage\u00bb parallax_style=\u00bbvcpb-vz-jquery\u00bb bg_image_new=\u00bbid^15637|url^https:\/\/desarrollo27.com\/ignacio\/wp-content\/uploads\/2022\/02\/Druida-con-cacerola-Celtic-Spain.jpeg|caption^null|alt^Druida con cacerola &#8211; Celtic Spain|title^Druida con cacerola &#8211; Celtic Spain|description^null\u00bb bg_image_repeat=\u00bbno-repeat\u00bb bg_override=\u00bbex-full\u00bb enable_overlay=\u00bbenable_overlay_value\u00bb overlay_color=\u00bbrgba(0,0,0,0.5)\u00bb overlay_pattern=\u00bbtransperant\u00bb overlay_pattern_opacity=\u00bb25&#8243; type=\u00bbvc_default\u00bb margin_top=\u00bb-50&#8243; css=\u00bb.vc_custom_1644856475039{padding-top: 22% !important;padding-bottom: 22% !important;background-color: #000000 !important;}\u00bb][vc_column offset=\u00bbvc_col-lg-12 vc_col-md-12&#8243; css=\u00bb.vc_custom_1476030031960{padding-bottom: 10px !important;}\u00bb][\/vc_column][\/vc_row][vc_row css=\u00bb.vc_custom_1644417040350{padding-top: 50px !important;}\u00bb][vc_column][\/vc_column][\/vc_row][vc_row css=\u00bb.vc_custom_1644417080636{padding-top: 20px !important;padding-bottom: 50px !important;}\u00bb][vc_column width=\u00bb1\/2&#8243;][vc_column_text] Nuestra misi\u00f3n es hacer avanzar en el aprendizaje de una lengua extranjera&hellip;<\/p>\n","protected":false},"author":1,"featured_media":0,"parent":0,"menu_order":0,"comment_status":"closed","ping_status":"closed","template":"","meta":{"footnotes":""},"class_list":["post-16018","page","type-page","status-publish","hentry","description-off"],"yoast_head":"<!-- This site is optimized with the Yoast SEO plugin v18.9 - https:\/\/yoast.com\/wordpress\/plugins\/seo\/ -->\n<title>Nuestro m\u00e9todo para una plena inmersi\u00f3n en Espa\u00f1ol| Celtic Spain School<\/title>\n<meta name=\"description\" content=\"Nuestro m\u00e9todo para lograr inmersi\u00f3n en espa\u00f1ol es a trav\u00e9s de un contacto m\u00ednimo con la lengua materna y una fuerte exposici\u00f3n cultural\" \/>\n<meta name=\"robots\" content=\"index, follow, max-snippet:-1, max-image-preview:large, max-video-preview:-1\" \/>\n<link rel=\"canonical\" href=\"https:\/\/celticspainschool.com\/es\/nuestro-metodo\/\" \/>\n<meta property=\"og:locale\" content=\"es_ES\" \/>\n<meta property=\"og:type\" content=\"article\" \/>\n<meta property=\"og:title\" content=\"Nuestro m\u00e9todo para una plena inmersi\u00f3n en Espa\u00f1ol| Celtic Spain School\" \/>\n<meta property=\"og:description\" content=\"Nuestro m\u00e9todo para lograr inmersi\u00f3n en espa\u00f1ol es a trav\u00e9s de un contacto m\u00ednimo con la lengua materna y una fuerte exposici\u00f3n cultural\" \/>\n<meta property=\"og:url\" content=\"https:\/\/celticspainschool.com\/es\/nuestro-metodo\/\" \/>\n<meta property=\"og:site_name\" content=\"Celtic Spain School\" \/>\n<meta property=\"article:modified_time\" content=\"2022-03-02T22:10:36+00:00\" \/>\n<meta name=\"twitter:card\" content=\"summary_large_image\" \/>\n<meta name=\"twitter:label1\" content=\"Tiempo de lectura\" \/>\n\t<meta name=\"twitter:data1\" content=\"7 minutos\" \/>\n<script type=\"application\/ld+json\" class=\"yoast-schema-graph\">{\"@context\":\"https:\/\/schema.org\",\"@graph\":[{\"@type\":\"Organization\",\"@id\":\"https:\/\/celticspainschool.com\/#organization\",\"name\":\"Celtic Spain School\",\"url\":\"https:\/\/celticspainschool.com\/\",\"sameAs\":[],\"logo\":{\"@type\":\"ImageObject\",\"inLanguage\":\"es\",\"@id\":\"https:\/\/celticspainschool.com\/#\/schema\/logo\/image\/\",\"url\":\"https:\/\/celticspainschool.com\/wp-content\/uploads\/2022\/02\/logo2.png\",\"contentUrl\":\"https:\/\/celticspainschool.com\/wp-content\/uploads\/2022\/02\/logo2.png\",\"width\":400,\"height\":119,\"caption\":\"Celtic Spain School\"},\"image\":{\"@id\":\"https:\/\/celticspainschool.com\/#\/schema\/logo\/image\/\"}},{\"@type\":\"WebSite\",\"@id\":\"https:\/\/celticspainschool.com\/#website\",\"url\":\"https:\/\/celticspainschool.com\/\",\"name\":\"Celtic Spain School\",\"description\":\"\",\"publisher\":{\"@id\":\"https:\/\/celticspainschool.com\/#organization\"},\"potentialAction\":[{\"@type\":\"SearchAction\",\"target\":{\"@type\":\"EntryPoint\",\"urlTemplate\":\"https:\/\/celticspainschool.com\/?s={search_term_string}\"},\"query-input\":\"required name=search_term_string\"}],\"inLanguage\":\"es\"},{\"@type\":\"WebPage\",\"@id\":\"https:\/\/celticspainschool.com\/es\/nuestro-metodo\/#webpage\",\"url\":\"https:\/\/celticspainschool.com\/es\/nuestro-metodo\/\",\"name\":\"Nuestro m\u00e9todo para una plena inmersi\u00f3n en Espa\u00f1ol| Celtic Spain School\",\"isPartOf\":{\"@id\":\"https:\/\/celticspainschool.com\/#website\"},\"datePublished\":\"2021-12-10T15:40:21+00:00\",\"dateModified\":\"2022-03-02T22:10:36+00:00\",\"description\":\"Nuestro m\u00e9todo para lograr inmersi\u00f3n en espa\u00f1ol es a trav\u00e9s de un contacto m\u00ednimo con la lengua materna y una fuerte exposici\u00f3n cultural\",\"breadcrumb\":{\"@id\":\"https:\/\/celticspainschool.com\/es\/nuestro-metodo\/#breadcrumb\"},\"inLanguage\":\"es\",\"potentialAction\":[{\"@type\":\"ReadAction\",\"target\":[\"https:\/\/celticspainschool.com\/es\/nuestro-metodo\/\"]}]},{\"@type\":\"BreadcrumbList\",\"@id\":\"https:\/\/celticspainschool.com\/es\/nuestro-metodo\/#breadcrumb\",\"itemListElement\":[{\"@type\":\"ListItem\",\"position\":1,\"name\":\"Home\",\"item\":\"https:\/\/celticspainschool.com\/es\/\"},{\"@type\":\"ListItem\",\"position\":2,\"name\":\"La misi\u00f3n: Nuestro m\u00e9todo\"}]}]}<\/script>\n<!-- \/ Yoast SEO plugin. -->","yoast_head_json":{"title":"Nuestro m\u00e9todo para una plena inmersi\u00f3n en Espa\u00f1ol| Celtic Spain School","description":"Nuestro m\u00e9todo para lograr inmersi\u00f3n en espa\u00f1ol es a trav\u00e9s de un contacto m\u00ednimo con la lengua materna y una fuerte exposici\u00f3n cultural","robots":{"index":"index","follow":"follow","max-snippet":"max-snippet:-1","max-image-preview":"max-image-preview:large","max-video-preview":"max-video-preview:-1"},"canonical":"https:\/\/celticspainschool.com\/es\/nuestro-metodo\/","og_locale":"es_ES","og_type":"article","og_title":"Nuestro m\u00e9todo para una plena inmersi\u00f3n en Espa\u00f1ol| Celtic Spain School","og_description":"Nuestro m\u00e9todo para lograr inmersi\u00f3n en espa\u00f1ol es a trav\u00e9s de un contacto m\u00ednimo con la lengua materna y una fuerte exposici\u00f3n cultural","og_url":"https:\/\/celticspainschool.com\/es\/nuestro-metodo\/","og_site_name":"Celtic Spain School","article_modified_time":"2022-03-02T22:10:36+00:00","twitter_card":"summary_large_image","twitter_misc":{"Tiempo de lectura":"7 minutos"},"schema":{"@context":"https:\/\/schema.org","@graph":[{"@type":"Organization","@id":"https:\/\/celticspainschool.com\/#organization","name":"Celtic Spain School","url":"https:\/\/celticspainschool.com\/","sameAs":[],"logo":{"@type":"ImageObject","inLanguage":"es","@id":"https:\/\/celticspainschool.com\/#\/schema\/logo\/image\/","url":"https:\/\/celticspainschool.com\/wp-content\/uploads\/2022\/02\/logo2.png","contentUrl":"https:\/\/celticspainschool.com\/wp-content\/uploads\/2022\/02\/logo2.png","width":400,"height":119,"caption":"Celtic Spain School"},"image":{"@id":"https:\/\/celticspainschool.com\/#\/schema\/logo\/image\/"}},{"@type":"WebSite","@id":"https:\/\/celticspainschool.com\/#website","url":"https:\/\/celticspainschool.com\/","name":"Celtic Spain School","description":"","publisher":{"@id":"https:\/\/celticspainschool.com\/#organization"},"potentialAction":[{"@type":"SearchAction","target":{"@type":"EntryPoint","urlTemplate":"https:\/\/celticspainschool.com\/?s={search_term_string}"},"query-input":"required name=search_term_string"}],"inLanguage":"es"},{"@type":"WebPage","@id":"https:\/\/celticspainschool.com\/es\/nuestro-metodo\/#webpage","url":"https:\/\/celticspainschool.com\/es\/nuestro-metodo\/","name":"Nuestro m\u00e9todo para una plena inmersi\u00f3n en Espa\u00f1ol| Celtic Spain School","isPartOf":{"@id":"https:\/\/celticspainschool.com\/#website"},"datePublished":"2021-12-10T15:40:21+00:00","dateModified":"2022-03-02T22:10:36+00:00","description":"Nuestro m\u00e9todo para lograr inmersi\u00f3n en espa\u00f1ol es a trav\u00e9s de un contacto m\u00ednimo con la lengua materna y una fuerte exposici\u00f3n cultural","breadcrumb":{"@id":"https:\/\/celticspainschool.com\/es\/nuestro-metodo\/#breadcrumb"},"inLanguage":"es","potentialAction":[{"@type":"ReadAction","target":["https:\/\/celticspainschool.com\/es\/nuestro-metodo\/"]}]},{"@type":"BreadcrumbList","@id":"https:\/\/celticspainschool.com\/es\/nuestro-metodo\/#breadcrumb","itemListElement":[{"@type":"ListItem","position":1,"name":"Home","item":"https:\/\/celticspainschool.com\/es\/"},{"@type":"ListItem","position":2,"name":"La misi\u00f3n: Nuestro m\u00e9todo"}]}]}},"_links":{"self":[{"href":"https:\/\/celticspainschool.com\/es\/wp-json\/wp\/v2\/pages\/16018","targetHints":{"allow":["GET"]}}],"collection":[{"href":"https:\/\/celticspainschool.com\/es\/wp-json\/wp\/v2\/pages"}],"about":[{"href":"https:\/\/celticspainschool.com\/es\/wp-json\/wp\/v2\/types\/page"}],"author":[{"embeddable":true,"href":"https:\/\/celticspainschool.com\/es\/wp-json\/wp\/v2\/users\/1"}],"replies":[{"embeddable":true,"href":"https:\/\/celticspainschool.com\/es\/wp-json\/wp\/v2\/comments?post=16018"}],"version-history":[{"count":10,"href":"https:\/\/celticspainschool.com\/es\/wp-json\/wp\/v2\/pages\/16018\/revisions"}],"predecessor-version":[{"id":16392,"href":"https:\/\/celticspainschool.com\/es\/wp-json\/wp\/v2\/pages\/16018\/revisions\/16392"}],"wp:attachment":[{"href":"https:\/\/celticspainschool.com\/es\/wp-json\/wp\/v2\/media?parent=16018"}],"curies":[{"name":"wp","href":"https:\/\/api.w.org\/{rel}","templated":true}]}}