{"id":16028,"date":"2022-02-09T12:57:43","date_gmt":"2022-02-09T12:57:43","guid":{"rendered":"https:\/\/desarrollo27.com\/ignacio\/?page_id=16028"},"modified":"2022-03-02T21:54:58","modified_gmt":"2022-03-02T21:54:58","slug":"nuestros-sherpas-linguisticos","status":"publish","type":"page","link":"https:\/\/celticspainschool.com\/es\/nuestros-sherpas-linguisticos\/","title":{"rendered":"Nuestros Sherpas ling\u00fcisticos"},"content":{"rendered":"<p>[vc_row bg_type=\u00bbimage\u00bb parallax_style=\u00bbvcpb-vz-jquery\u00bb bg_image_new=\u00bbid^15637|url^https:\/\/desarrollo27.com\/ignacio\/wp-content\/uploads\/2022\/02\/Druida-con-cacerola-Celtic-Spain.jpeg|caption^null|alt^Druida con cacerola &#8211; Celtic Spain|title^Druida con cacerola &#8211; Celtic Spain|description^null\u00bb bg_image_repeat=\u00bbno-repeat\u00bb bg_override=\u00bbex-full\u00bb enable_overlay=\u00bbenable_overlay_value\u00bb overlay_color=\u00bbrgba(0,0,0,0.5)\u00bb overlay_pattern=\u00bbtransperant\u00bb overlay_pattern_opacity=\u00bb25&#8243; type=\u00bbvc_default\u00bb margin_top=\u00bb-50&#8243; css=\u00bb.vc_custom_1644856527060{padding-top: 22% !important;padding-bottom: 22% !important;background-color: #000000 !important;}\u00bb][vc_column offset=\u00bbvc_col-lg-12 vc_col-md-12&#8243; css=\u00bb.vc_custom_1476030031960{padding-bottom: 10px !important;}\u00bb]<div id=\"ultimate-heading-599469e734f73acb1\" class=\"uvc-heading ult-adjust-bottom-margin ultimate-heading-599469e734f73acb1 uvc-2381 accent-title-color\" data-hspacer=\"no_spacer\"  data-halign=\"center\" style=\"text-align:center\"><div class=\"uvc-heading-spacer no_spacer\" style=\"top\"><\/div><div class=\"uvc-main-heading ult-responsive\"  data-ultimate-target='.uvc-heading.ultimate-heading-599469e734f73acb1 h1'  data-responsive-json-new='{\"font-size\":\"desktop:52px;mobile_landscape:22px;mobile:22px;\",\"line-height\":\"desktop:60px;mobile_landscape:32px;mobile:32px;\"}' ><h1 style=\"font-family:&#039;Fira Sans&#039;;font-weight:700;color:#ffffff;\">Por qu\u00e9 nuestro programa<br \/>\nNuestra p\u00f3cima Celta<\/h1><\/div><\/div>[\/vc_column][\/vc_row][vc_row full_width=\u00bbstretch_row\u00bb css=\u00bb.vc_custom_1644308169769{padding-top: 50px !important;padding-bottom: 50px !important;}\u00bb][vc_column]<div id=\"ultimate-heading-419769e734f73adc2\" class=\"uvc-heading ult-adjust-bottom-margin ultimate-heading-419769e734f73adc2 uvc-4765 \" data-hspacer=\"no_spacer\"  data-halign=\"left\" style=\"text-align:left\"><div class=\"uvc-heading-spacer no_spacer\" style=\"top\"><\/div><div class=\"uvc-main-heading ult-responsive\"  data-ultimate-target='.uvc-heading.ultimate-heading-419769e734f73adc2 h2'  data-responsive-json-new='{\"font-size\":\"desktop:34px;\",\"line-height\":\"desktop:30px;\"}' ><h2 style=\"font-weight:bold;margin-bottom:20px;\">Nuestros Sherpas Ling\u00fc\u00edsticos<\/h2><\/div><div class=\"uvc-sub-heading ult-responsive\"  data-ultimate-target='.uvc-heading.ultimate-heading-419769e734f73adc2 .uvc-sub-heading '  data-responsive-json-new='{\"font-size\":\"\",\"line-height\":\"\"}'  style=\"font-weight:normal;\"><\/p>\n<p style=\"text-align: justify;\"><span style=\"font-weight: 400;\">\u00bfPor qu\u00e9 nuestros sherpas ling\u00fc\u00edsticos son el factor decisivo? \u201cHay un amplio conjunto de investigaciones que demuestran la importancia vital de los profesores para el \u00e9xito de los procesos de aprendizaje. Lo que hacen, piensan, sienten y creen es fundamental para lo que ocurre en las aulas y, fundamentalmente, para lo que les ocurre a los alumnos. Por lo tanto, quiz\u00e1 sea sorprendente que el campo de la psicolog\u00eda del aprendizaje de idiomas se haya centrado tan predominantemente en la psicolog\u00eda de los alumnos y que, en comparaci\u00f3n, se haya prestado tan poca atenci\u00f3n a los profesores cuando estos son absolutamente claves\u201d (S. Mercer, Language Teaching, 2018)<\/span><\/p>\n<p style=\"text-align: justify;\"><span style=\"font-weight: 400;\">En el aprendizaje de una lengua extranjera el profesor es determinante, es por ello que para nosotros la selecci\u00f3n de los profesores es un tema absolutamente clave.<\/span><\/p>\n<p style=\"text-align: justify;\"><b>A nuestros sherpas ling\u00fc\u00edsticos o profesores (todos titulados universitarios con especializaci\u00f3n en Ense\u00f1anza de Espa\u00f1ol como Lengua Extranjera) los llamamos sherpas ling\u00fc\u00edsticos <\/b><span style=\"font-weight: 400;\">porque su funci\u00f3n se parece a la de un sherpa, y por otras muchas razones que te vamos a detallar, pero sobre todo, por dos razones, primero, <\/span><b>porque tienen el compromiso contigo y con ellos mismos de hacerte<\/b> <b>avanzar,<\/b> <span style=\"font-weight: 400;\">y, segundo, <\/span><b>porque les encanta compartir contigo la experiencia del camino.<\/b><b> Este es nuestro compromiso contigo.<\/b><\/p>\n<p><\/div><\/div>[vc_empty_space][vc_accordion active_tab=\u00bb1&#8243; title_size=\u00bbh3&#8243; style=\u00bb2&#8243;][vc_accordion_tab title=\u00bb1. El Sherpa ling\u00fc\u00edstico es un gu\u00eda que conoce el terreno.\u00bb][vc_column_text]<\/p>\n<div class=\"page\" title=\"Page 3\">\n<div class=\"layoutArea\">\n<div class=\"column\">\n<p style=\"text-align: justify;\"><span style=\"font-weight: 400;\">Esta es la funci\u00f3n m\u00e1s conocida, la de acompa\u00f1ar al cliente a la cumbre y hacer m\u00e1s f\u00e1cil y seguro el ascenso. Yo mismo, tengo la experiencia de coronar el Kilimanjaro gracias, fundamentalmente, a que el Sherpa me llev\u00f3 hasta all\u00ed. Sin el yo no hubiera llegado. Su contribuci\u00f3n emocional fue determinante. Pero para poder hacerlo ha de conocer perfectamente el terreno. Sabe donde pisa porque han pasado por el proceso de aprender una lengua extranjera pero adem\u00e1s ha conseguido la <\/span><span style=\"font-weight: 400;\">experiencia, los conocimientos y el prestigio suficientes como para acompa\u00f1ar a otros en su aventura. Ofrecen sugerencias, ideas y las herramientas, habilidades y recursos necesarios para el ascenso. Y son grandes conocedores y amantes de la geograf\u00eda, la historia, la cultura y la gastronom\u00eda de Asturias.<\/span><\/p>\n<\/div>\n<\/div>\n<\/div>\n<p>[\/vc_column_text][\/vc_accordion_tab][vc_accordion_tab title=\u00bb2. El Sherpa quiere y es capaz de establecer una relaci\u00f3n de empat\u00eda y de estrecha colaboraci\u00f3n con el cliente.\u00bb][vc_column_text]<\/p>\n<div class=\"page\" title=\"Page 3\">\n<div class=\"layoutArea\">\n<div class=\"column\">\n<p style=\"text-align: justify;\"><span style=\"font-weight: 400;\">Como dijimos anteriormente no hay aprendizaje significativo sin emociones. Las emociones en solitario son s\u00f3lo artificios pero ayudan mucho en el aprendizaje. El Sherpa quiere establecer esa relaci\u00f3n manteniendo la distancia cr\u00edtica para que aprendas.<\/span><\/p>\n<\/div>\n<\/div>\n<\/div>\n<p>[\/vc_column_text][\/vc_accordion_tab][vc_accordion_tab title=\u00bb3. El Sherpa es un planificador y un coordinador.\u00bb][vc_column_text]<\/p>\n<div class=\"page\" title=\"Page 3\">\n<div class=\"layoutArea\">\n<div class=\"column\">\n<p style=\"text-align: justify;\"><span style=\"font-weight: 400;\">El sherpa se prepara las clases y programa cada actividad con un sentido adapt\u00e1ndose a los componentes del grupo para que todos aprenden , incluso unos de otros, y progresen, y vayan lo m\u00e1s compactos posibles, repartiendo el tiempo con equidad entre todos. Promueve el aprendizaje activo.<\/span><\/p>\n<\/div>\n<\/div>\n<\/div>\n<p>[\/vc_column_text][\/vc_accordion_tab][vc_accordion_tab title=\u00bb4. El Sherpa quiere hacer cima.\u00bb][vc_column_text]<\/p>\n<div class=\"page\" title=\"Page 3\">\n<div class=\"layoutArea\">\n<div class=\"column\">\n<p class=\"p1\" style=\"text-align: justify;\"><span style=\"font-weight: 400;\">Acompa\u00f1a a otros que tambi\u00e9n quieren superarse a si mismos. No puede desligarse de su car\u00e1cter curioso, de su instinto de explorar, de desafiar los l\u00edmites y de alcanzar objetivos. Aqu\u00ed estamos para alcanzar objetivos y progresar. Por eso se une a otros con ambiciones similares.<\/span><\/p>\n<\/div>\n<\/div>\n<\/div>\n<p>[\/vc_column_text][\/vc_accordion_tab][vc_accordion_tab title=\u00bb5. El Sherpa se caracteriza por su sociabilidad.\u00bb][vc_column_text]<\/p>\n<div class=\"page\" title=\"Page 3\">\n<div class=\"layoutArea\">\n<div class=\"column\">\n<p style=\"text-align: justify;\"><span style=\"font-weight: 400;\">\u00bfSab\u00edas que trazos de personalidad como la sociabilidad, positividad emocional y asertividad son considerados factores b\u00e1sicos en las selecciones de la NASA para astronautas (Musson, Sandal, Helmreich, 2004)? La sonrisa y el buen humor forman parte del trabajo de nuestros sherpas. Son personas extremadamente acogedoras, de car\u00e1cter sociable y hospitalario (algo muy espa\u00f1ol), con la mente abierta porque han viajado por el mundo. Poseen una extremada profesionalidad y una excepcional sensibilidad respecto al mundo. Esto les permite establecer relaciones con el cliente con facilidad. Son flexibles, y con una gran devoci\u00f3n de servicio. La negatividad, la ira y la agresividad no se admiten como parte del grupo. Har\u00e1n todo lo posible por crear una atm\u00f3sfera estimulante y motivadora.<\/span><\/p>\n<\/div>\n<\/div>\n<\/div>\n<p>[\/vc_column_text][\/vc_accordion_tab][vc_accordion_tab title=\u00bb6. El Sherpa es un ejemplo de responsabilidad social y sostenibilidad.\u00bb][vc_column_text]<\/p>\n<div class=\"page\" title=\"Page 4\">\n<div class=\"layoutArea\">\n<div class=\"column\">\n<p style=\"text-align: justify;\"><span style=\"font-weight: 400;\">Los sherpas han tejido mitos en sus relaciones con la monta\u00f1a. Todas las acciones contaminantes, del tipo que sean, son una ofensa para la naturaleza, as\u00ed que te exigiremos respeto con la naturaleza.<\/span><\/p>\n<\/div>\n<\/div>\n<\/div>\n<p>[\/vc_column_text][\/vc_accordion_tab][vc_accordion_tab title=\u00bb7. El Sherpa est\u00e1 motivado.\u00bb][vc_column_text]<\/p>\n<div class=\"page\" title=\"Page 4\">\n<div class=\"layoutArea\">\n<div class=\"column\">\n<p style=\"text-align: justify;\"><span style=\"font-weight: 400;\">Los sherpas disfrutan con su trabajo, tanto con en su parte ling\u00fc\u00edstica como cultural, porque aman lo que hacen. Aprender una lengua (La ascensi\u00f3n) requiere conocimientos, habilidades, determinaci\u00f3n y destrezas que estar\u00e1n encantados de compartir contigo.<\/span><\/p>\n<\/div>\n<\/div>\n<\/div>\n<p>[\/vc_column_text][\/vc_accordion_tab][vc_accordion_tab title=\u00bb8. El Sherpa hace su trabajo no el de los clientes.\u00bb][vc_column_text]<\/p>\n<div class=\"page\" title=\"Page 4\">\n<div class=\"layoutArea\">\n<div class=\"column\">\n<p style=\"text-align: justify;\"><span style=\"font-weight: 400;\">El Sherpa te exigir\u00e1 que hagas tus tareas diarias para que puedas avanzar. \u00c9l se compromete a hacer las suyas.<\/span><\/p>\n<\/div>\n<\/div>\n<\/div>\n<p>[\/vc_column_text][\/vc_accordion_tab][vc_accordion_tab title=\u00bb9. El Sherpa no deja de aprender nunca.\u00bb][vc_column_text]<\/p>\n<div class=\"page\" title=\"Page 4\">\n<div class=\"layoutArea\">\n<div class=\"column\">\n<p style=\"text-align: justify;\"><span style=\"font-weight: 400;\">El Sherpa es un life-long learner, est\u00e1 comprometido con su aprendizaje continuo porque es su car\u00e1cter y porque le apasiona su trabajo.<\/span><\/p>\n<\/div>\n<\/div>\n<\/div>\n<p>[\/vc_column_text][\/vc_accordion_tab][vc_accordion_tab title=\u00bb10. El Sherpa escucha y se eval\u00faa a s\u00ed mismo.\u00bb][vc_column_text]<\/p>\n<div class=\"page\" title=\"Page 4\">\n<div class=\"layoutArea\">\n<div class=\"column\">\n<p style=\"text-align: justify;\"><span style=\"font-weight: 400;\">El sherpa considera que una de las maneras de seguir mejorando es tener un actitud reflexiva sobre c\u00f3mo est\u00e1 haciendo las cosas y aprender de sus errores que tambi\u00e9n los cometer\u00e1 como todos. Es por tanto que est\u00e1 abierto a la escucha activa de sus alumnos y a lo que tengan que decirle para mejorar.<\/span><\/p>\n<\/div>\n<\/div>\n<\/div>\n<p>[\/vc_column_text][\/vc_accordion_tab][\/vc_accordion][\/vc_column][\/vc_row]<\/p>\n","protected":false},"excerpt":{"rendered":"<p>[vc_row bg_type=\u00bbimage\u00bb parallax_style=\u00bbvcpb-vz-jquery\u00bb bg_image_new=\u00bbid^15637|url^https:\/\/desarrollo27.com\/ignacio\/wp-content\/uploads\/2022\/02\/Druida-con-cacerola-Celtic-Spain.jpeg|caption^null|alt^Druida con cacerola &#8211; Celtic Spain|title^Druida con cacerola &#8211; Celtic Spain|description^null\u00bb bg_image_repeat=\u00bbno-repeat\u00bb bg_override=\u00bbex-full\u00bb enable_overlay=\u00bbenable_overlay_value\u00bb overlay_color=\u00bbrgba(0,0,0,0.5)\u00bb overlay_pattern=\u00bbtransperant\u00bb overlay_pattern_opacity=\u00bb25&#8243; type=\u00bbvc_default\u00bb margin_top=\u00bb-50&#8243; css=\u00bb.vc_custom_1644856527060{padding-top: 22% !important;padding-bottom: 22% !important;background-color: #000000 !important;}\u00bb][vc_column offset=\u00bbvc_col-lg-12 vc_col-md-12&#8243; css=\u00bb.vc_custom_1476030031960{padding-bottom: 10px !important;}\u00bb][\/vc_column][\/vc_row][vc_row full_width=\u00bbstretch_row\u00bb css=\u00bb.vc_custom_1644308169769{padding-top: 50px !important;padding-bottom: 50px !important;}\u00bb][vc_column][vc_empty_space][vc_accordion active_tab=\u00bb1&#8243; title_size=\u00bbh3&#8243; style=\u00bb2&#8243;][vc_accordion_tab title=\u00bb1. El Sherpa ling\u00fc\u00edstico es un gu\u00eda que conoce el terreno.\u00bb][vc_column_text] Esta&hellip;<\/p>\n","protected":false},"author":1,"featured_media":0,"parent":0,"menu_order":0,"comment_status":"closed","ping_status":"closed","template":"","meta":{"footnotes":""},"class_list":["post-16028","page","type-page","status-publish","hentry","description-off"],"yoast_head":"<!-- This site is optimized with the Yoast SEO plugin v18.9 - https:\/\/yoast.com\/wordpress\/plugins\/seo\/ -->\n<title>Nuestros sherpas lingu\u00edsticos\/profesores de espa\u00f1ol | Celtic Spain School<\/title>\n<meta name=\"description\" content=\"Nuestros sherpas ling\u00fc\u00edsticos son el factor decisivo. Se comprometen a ayudarte a avanzar. Disfrutan con vosotros de la experiencia del viaje\" \/>\n<meta name=\"robots\" content=\"index, follow, max-snippet:-1, max-image-preview:large, max-video-preview:-1\" \/>\n<link rel=\"canonical\" href=\"https:\/\/celticspainschool.com\/es\/nuestros-sherpas-linguisticos\/\" \/>\n<meta property=\"og:locale\" content=\"es_ES\" \/>\n<meta property=\"og:type\" content=\"article\" \/>\n<meta property=\"og:title\" content=\"Nuestros sherpas lingu\u00edsticos\/profesores de espa\u00f1ol | Celtic Spain School\" \/>\n<meta property=\"og:description\" content=\"Nuestros sherpas ling\u00fc\u00edsticos son el factor decisivo. Se comprometen a ayudarte a avanzar. Disfrutan con vosotros de la experiencia del viaje\" \/>\n<meta property=\"og:url\" content=\"https:\/\/celticspainschool.com\/es\/nuestros-sherpas-linguisticos\/\" \/>\n<meta property=\"og:site_name\" content=\"Celtic Spain School\" \/>\n<meta property=\"article:modified_time\" content=\"2022-03-02T21:54:58+00:00\" \/>\n<meta name=\"twitter:card\" content=\"summary_large_image\" \/>\n<meta name=\"twitter:label1\" content=\"Tiempo de lectura\" \/>\n\t<meta name=\"twitter:data1\" content=\"5 minutos\" \/>\n<script type=\"application\/ld+json\" class=\"yoast-schema-graph\">{\"@context\":\"https:\/\/schema.org\",\"@graph\":[{\"@type\":\"Organization\",\"@id\":\"https:\/\/celticspainschool.com\/#organization\",\"name\":\"Celtic Spain School\",\"url\":\"https:\/\/celticspainschool.com\/\",\"sameAs\":[],\"logo\":{\"@type\":\"ImageObject\",\"inLanguage\":\"es\",\"@id\":\"https:\/\/celticspainschool.com\/#\/schema\/logo\/image\/\",\"url\":\"https:\/\/celticspainschool.com\/wp-content\/uploads\/2022\/02\/logo2.png\",\"contentUrl\":\"https:\/\/celticspainschool.com\/wp-content\/uploads\/2022\/02\/logo2.png\",\"width\":400,\"height\":119,\"caption\":\"Celtic Spain School\"},\"image\":{\"@id\":\"https:\/\/celticspainschool.com\/#\/schema\/logo\/image\/\"}},{\"@type\":\"WebSite\",\"@id\":\"https:\/\/celticspainschool.com\/#website\",\"url\":\"https:\/\/celticspainschool.com\/\",\"name\":\"Celtic Spain School\",\"description\":\"\",\"publisher\":{\"@id\":\"https:\/\/celticspainschool.com\/#organization\"},\"potentialAction\":[{\"@type\":\"SearchAction\",\"target\":{\"@type\":\"EntryPoint\",\"urlTemplate\":\"https:\/\/celticspainschool.com\/?s={search_term_string}\"},\"query-input\":\"required name=search_term_string\"}],\"inLanguage\":\"es\"},{\"@type\":\"WebPage\",\"@id\":\"https:\/\/celticspainschool.com\/es\/nuestros-sherpas-linguisticos\/#webpage\",\"url\":\"https:\/\/celticspainschool.com\/es\/nuestros-sherpas-linguisticos\/\",\"name\":\"Nuestros sherpas lingu\u00edsticos\/profesores de espa\u00f1ol | Celtic Spain School\",\"isPartOf\":{\"@id\":\"https:\/\/celticspainschool.com\/#website\"},\"datePublished\":\"2022-02-09T12:57:43+00:00\",\"dateModified\":\"2022-03-02T21:54:58+00:00\",\"description\":\"Nuestros sherpas ling\u00fc\u00edsticos son el factor decisivo. Se comprometen a ayudarte a avanzar. Disfrutan con vosotros de la experiencia del viaje\",\"breadcrumb\":{\"@id\":\"https:\/\/celticspainschool.com\/es\/nuestros-sherpas-linguisticos\/#breadcrumb\"},\"inLanguage\":\"es\",\"potentialAction\":[{\"@type\":\"ReadAction\",\"target\":[\"https:\/\/celticspainschool.com\/es\/nuestros-sherpas-linguisticos\/\"]}]},{\"@type\":\"BreadcrumbList\",\"@id\":\"https:\/\/celticspainschool.com\/es\/nuestros-sherpas-linguisticos\/#breadcrumb\",\"itemListElement\":[{\"@type\":\"ListItem\",\"position\":1,\"name\":\"Home\",\"item\":\"https:\/\/celticspainschool.com\/es\/\"},{\"@type\":\"ListItem\",\"position\":2,\"name\":\"Nuestros Sherpas ling\u00fcisticos\"}]}]}<\/script>\n<!-- \/ Yoast SEO plugin. -->","yoast_head_json":{"title":"Nuestros sherpas lingu\u00edsticos\/profesores de espa\u00f1ol | Celtic Spain School","description":"Nuestros sherpas ling\u00fc\u00edsticos son el factor decisivo. Se comprometen a ayudarte a avanzar. Disfrutan con vosotros de la experiencia del viaje","robots":{"index":"index","follow":"follow","max-snippet":"max-snippet:-1","max-image-preview":"max-image-preview:large","max-video-preview":"max-video-preview:-1"},"canonical":"https:\/\/celticspainschool.com\/es\/nuestros-sherpas-linguisticos\/","og_locale":"es_ES","og_type":"article","og_title":"Nuestros sherpas lingu\u00edsticos\/profesores de espa\u00f1ol | Celtic Spain School","og_description":"Nuestros sherpas ling\u00fc\u00edsticos son el factor decisivo. Se comprometen a ayudarte a avanzar. Disfrutan con vosotros de la experiencia del viaje","og_url":"https:\/\/celticspainschool.com\/es\/nuestros-sherpas-linguisticos\/","og_site_name":"Celtic Spain School","article_modified_time":"2022-03-02T21:54:58+00:00","twitter_card":"summary_large_image","twitter_misc":{"Tiempo de lectura":"5 minutos"},"schema":{"@context":"https:\/\/schema.org","@graph":[{"@type":"Organization","@id":"https:\/\/celticspainschool.com\/#organization","name":"Celtic Spain School","url":"https:\/\/celticspainschool.com\/","sameAs":[],"logo":{"@type":"ImageObject","inLanguage":"es","@id":"https:\/\/celticspainschool.com\/#\/schema\/logo\/image\/","url":"https:\/\/celticspainschool.com\/wp-content\/uploads\/2022\/02\/logo2.png","contentUrl":"https:\/\/celticspainschool.com\/wp-content\/uploads\/2022\/02\/logo2.png","width":400,"height":119,"caption":"Celtic Spain School"},"image":{"@id":"https:\/\/celticspainschool.com\/#\/schema\/logo\/image\/"}},{"@type":"WebSite","@id":"https:\/\/celticspainschool.com\/#website","url":"https:\/\/celticspainschool.com\/","name":"Celtic Spain School","description":"","publisher":{"@id":"https:\/\/celticspainschool.com\/#organization"},"potentialAction":[{"@type":"SearchAction","target":{"@type":"EntryPoint","urlTemplate":"https:\/\/celticspainschool.com\/?s={search_term_string}"},"query-input":"required name=search_term_string"}],"inLanguage":"es"},{"@type":"WebPage","@id":"https:\/\/celticspainschool.com\/es\/nuestros-sherpas-linguisticos\/#webpage","url":"https:\/\/celticspainschool.com\/es\/nuestros-sherpas-linguisticos\/","name":"Nuestros sherpas lingu\u00edsticos\/profesores de espa\u00f1ol | Celtic Spain School","isPartOf":{"@id":"https:\/\/celticspainschool.com\/#website"},"datePublished":"2022-02-09T12:57:43+00:00","dateModified":"2022-03-02T21:54:58+00:00","description":"Nuestros sherpas ling\u00fc\u00edsticos son el factor decisivo. Se comprometen a ayudarte a avanzar. Disfrutan con vosotros de la experiencia del viaje","breadcrumb":{"@id":"https:\/\/celticspainschool.com\/es\/nuestros-sherpas-linguisticos\/#breadcrumb"},"inLanguage":"es","potentialAction":[{"@type":"ReadAction","target":["https:\/\/celticspainschool.com\/es\/nuestros-sherpas-linguisticos\/"]}]},{"@type":"BreadcrumbList","@id":"https:\/\/celticspainschool.com\/es\/nuestros-sherpas-linguisticos\/#breadcrumb","itemListElement":[{"@type":"ListItem","position":1,"name":"Home","item":"https:\/\/celticspainschool.com\/es\/"},{"@type":"ListItem","position":2,"name":"Nuestros Sherpas ling\u00fcisticos"}]}]}},"_links":{"self":[{"href":"https:\/\/celticspainschool.com\/es\/wp-json\/wp\/v2\/pages\/16028","targetHints":{"allow":["GET"]}}],"collection":[{"href":"https:\/\/celticspainschool.com\/es\/wp-json\/wp\/v2\/pages"}],"about":[{"href":"https:\/\/celticspainschool.com\/es\/wp-json\/wp\/v2\/types\/page"}],"author":[{"embeddable":true,"href":"https:\/\/celticspainschool.com\/es\/wp-json\/wp\/v2\/users\/1"}],"replies":[{"embeddable":true,"href":"https:\/\/celticspainschool.com\/es\/wp-json\/wp\/v2\/comments?post=16028"}],"version-history":[{"count":9,"href":"https:\/\/celticspainschool.com\/es\/wp-json\/wp\/v2\/pages\/16028\/revisions"}],"predecessor-version":[{"id":16548,"href":"https:\/\/celticspainschool.com\/es\/wp-json\/wp\/v2\/pages\/16028\/revisions\/16548"}],"wp:attachment":[{"href":"https:\/\/celticspainschool.com\/es\/wp-json\/wp\/v2\/media?parent=16028"}],"curies":[{"name":"wp","href":"https:\/\/api.w.org\/{rel}","templated":true}]}}