{"id":16038,"date":"2022-02-09T14:23:13","date_gmt":"2022-02-09T14:23:13","guid":{"rendered":"https:\/\/desarrollo27.com\/ignacio\/?page_id=16038"},"modified":"2022-03-02T22:06:02","modified_gmt":"2022-03-02T22:06:02","slug":"enfoque-de-tarea-objetivos","status":"publish","type":"page","link":"https:\/\/celticspainschool.com\/es\/enfoque-de-tarea-objetivos\/","title":{"rendered":"Enfoque por tareas \/ Objetivos"},"content":{"rendered":"<p>[vc_row bg_type=\u00bbimage\u00bb parallax_style=\u00bbvcpb-vz-jquery\u00bb bg_image_new=\u00bbid^15214|url^https:\/\/desarrollo27.com\/ignacio\/wp-content\/uploads\/revslider\/the7-business-slider\/bm018.jpg|caption^null|alt^about-us|title^About us|description^null\u00bb bg_image_repeat=\u00bbno-repeat\u00bb bg_override=\u00bbex-full\u00bb enable_overlay=\u00bbenable_overlay_value\u00bb overlay_color=\u00bbrgba(0,0,0,0.5)\u00bb overlay_pattern=\u00bbtransperant\u00bb overlay_pattern_opacity=\u00bb25&#8243; type=\u00bbvc_default\u00bb margin_top=\u00bb-50&#8243; css=\u00bb.vc_custom_1644856633577{padding-top: 26% !important;padding-bottom: 26% !important;background-color: #000000 !important;}\u00bb][vc_column offset=\u00bbvc_col-lg-12 vc_col-md-12&#8243; css=\u00bb.vc_custom_1476030031960{padding-bottom: 10px !important;}\u00bb]<div id=\"ultimate-heading-229069d107c6169df\" class=\"uvc-heading ult-adjust-bottom-margin ultimate-heading-229069d107c6169df uvc-9848 accent-title-color\" data-hspacer=\"no_spacer\"  data-halign=\"center\" style=\"text-align:center\"><div class=\"uvc-heading-spacer no_spacer\" style=\"top\"><\/div><div class=\"uvc-main-heading ult-responsive\"  data-ultimate-target='.uvc-heading.ultimate-heading-229069d107c6169df h1'  data-responsive-json-new='{\"font-size\":\"desktop:52px;mobile_landscape:22px;mobile:22px;\",\"line-height\":\"desktop:46px;mobile_landscape:32px;mobile:32px;\"}' ><h1 style=\"font-family:&#039;Fira Sans&#039;;font-weight:700;color:#ffffff;\">C\u00f3mo trabajamos<\/h1><\/div><\/div>[\/vc_column][\/vc_row][vc_row gap=\u00bb35&#8243; css=\u00bb.vc_custom_1643875803177{padding-top: 20px !important;}\u00bb][vc_column]<div id=\"ultimate-heading-68769d107c616a34\" class=\"uvc-heading ult-adjust-bottom-margin ultimate-heading-68769d107c616a34 uvc-4754 \" data-hspacer=\"no_spacer\"  data-halign=\"left\" style=\"text-align:left\"><div class=\"uvc-heading-spacer no_spacer\" style=\"top\"><\/div><div class=\"uvc-main-heading ult-responsive\"  data-ultimate-target='.uvc-heading.ultimate-heading-68769d107c616a34 h2'  data-responsive-json-new='{\"font-size\":\"desktop:34px;\",\"line-height\":\"desktop:30px;\"}' ><h2 style=\"font-weight:bold;margin-bottom:20px;\">Enfoque por tareas<\/h2><\/div><\/div>[\/vc_column][\/vc_row][vc_row gap=\u00bb35&#8243;][vc_column width=\u00bb1\/2&#8243; offset=\u00bbvc_hidden-md vc_hidden-sm\u00bb][vc_column_text]<\/p>\n<div class=\"page\" title=\"Page 1\">\n<div class=\"layoutArea\">\n<div class=\"column\">\n<div class=\"page\" title=\"Page 1\">\n<div class=\"layoutArea\">\n<div class=\"column\">\n<p style=\"text-align: justify;\"><span style=\"font-weight: 400;\">La metodolog\u00eda que utilizamos es el enfoque comunicativo a trav\u00e9s del trabajo por tareas y por proyectos. Para aquellos que no son ling\u00fcistas y no familiarizados con esta terminolog\u00eda vamos a hacer un breve resumen.<\/span><\/p>\n<p style=\"text-align: justify;\"><span style=\"font-weight: 400;\">El trabajo por tareas es una lecci\u00f3n estructurada, en el que se van secuenciando actividades. Los estudiantes tienen que resolver una tarea que incorpora el uso aut\u00e9ntico del lenguaje, m\u00e1s que contestar a cuestiones de gram\u00e1tica o vocabulario. Se trata de enriquecer la t\u00e9cnica de ense\u00f1anza con un <\/span><b>mayor n\u00famero de actividades pr\u00e1cticas y si es posible fuera de clase (que son las de las tardes, incluso a veces por la ma\u00f1ana cerca de la escuela) <\/b><span style=\"font-weight: 400;\">que ayuden a los alumnos a aprender y comprender un idioma extranjero de la forma menos mec\u00e1nica posible. Son actividades en las que el lenguaje meta se utiliza como v\u00eda comunicativa para lograr un resultado. La lengua es s\u00f3lo un instrumento para lograr un resultado. Es decir, el profesor propondr\u00e1 situaciones en las que el estudiante deber\u00e1 lograr un resultado expres\u00e1ndose en el idioma que desea aprender. Ejemplo, si yo env\u00edo a alguien a una tienda de bicicletas a preguntar por bicis de monta\u00f1a y tienen que volver con un resultado claro de para qu\u00e9 sirven, tipos de bicis, sus precios, etc y qu\u00e9 modelo me conviene seg\u00fan mi estilo de ocio. O enviar a un alumno a un banco a abrir una cuenta.<\/span><\/p>\n<\/div>\n<\/div>\n<\/div>\n<\/div>\n<\/div>\n<\/div>\n<p>[\/vc_column_text][\/vc_column][vc_column width=\u00bb1\/2&#8243; offset=\u00bbvc_hidden-md vc_hidden-sm\u00bb][vc_single_image image=\u00bb15661&#8243; img_size=\u00bbfull\u00bb][\/vc_column][\/vc_row][vc_row gap=\u00bb35&#8243;][vc_column width=\u00bb1\/2&#8243; offset=\u00bbvc_hidden-lg vc_hidden-xs\u00bb][vc_column_text]<\/p>\n<div class=\"page\" title=\"Page 1\">\n<div class=\"layoutArea\">\n<div class=\"column\">\n<div class=\"page\" title=\"Page 1\">\n<div class=\"layoutArea\">\n<div class=\"column\">\n<p style=\"text-align: justify;\"><span style=\"font-weight: 400;\">La metodolog\u00eda que utilizamos es el enfoque comunicativo a trav\u00e9s del trabajo por tareas y por proyectos. Para aquellos que no son ling\u00fcistas y no familiarizados con esta terminolog\u00eda vamos a hacer un breve resumen.<\/span><\/p>\n<p style=\"text-align: justify;\"><span style=\"font-weight: 400;\">El trabajo por tareas es una lecci\u00f3n estructurada, en el que se van secuenciando actividades. Los estudiantes tienen que resolver una tarea que incorpora el uso aut\u00e9ntico del lenguaje, m\u00e1s que contestar a cuestiones de gram\u00e1tica o vocabulario. Se trata de enriquecer la t\u00e9cnica de ense\u00f1anza con un <\/span><b>mayor n\u00famero de actividades pr\u00e1cticas y si es posible fuera de clase (que son las de las tardes, incluso a veces por la ma\u00f1ana cerca de la escuela) <\/b><span style=\"font-weight: 400;\">que ayuden a los alumnos a aprender y comprender un idioma extranjero de la forma menos mec\u00e1nica posible.<\/span><\/p>\n<\/div>\n<\/div>\n<\/div>\n<\/div>\n<\/div>\n<\/div>\n<p>[\/vc_column_text][\/vc_column][vc_column width=\u00bb1\/2&#8243; offset=\u00bbvc_hidden-lg vc_hidden-xs\u00bb][vc_single_image image=\u00bb15661&#8243; img_size=\u00bbfull\u00bb][\/vc_column][\/vc_row][vc_row][vc_column offset=\u00bbvc_hidden-lg vc_hidden-xs\u00bb][vc_column_text]<\/p>\n<p style=\"text-align: justify;\"><span style=\"font-weight: 400;\">Son actividades en las que el lenguaje meta se utiliza como v\u00eda comunicativa para lograr un resultado. La lengua es s\u00f3lo un instrumento para lograr un resultado. Es decir, el profesor propondr\u00e1 situaciones en las que el estudiante deber\u00e1 lograr un resultado expres\u00e1ndose en el idioma que desea aprender. Ejemplo, si yo env\u00edo a alguien a una tienda de bicicletas a preguntar por bicis de monta\u00f1a y tienen que volver con un resultado claro de para qu\u00e9 sirven, tipos de bicis, sus precios, etc y qu\u00e9 modelo me conviene seg\u00fan mi estilo de ocio. O enviar a un alumno a un banco a abrir una cuenta.<\/span><\/p>\n<p>[\/vc_column_text][\/vc_column][\/vc_row][vc_row full_width=\u00bbstretch_row\u00bb css=\u00bb.vc_custom_1644308377694{padding-top: 50px !important;padding-bottom: 50px !important;background-color: #f6f6f6 !important;}\u00bb][vc_column]<div id=\"ultimate-heading-872769d107c616a64\" class=\"uvc-heading ult-adjust-bottom-margin ultimate-heading-872769d107c616a64 uvc-6767 \" data-hspacer=\"no_spacer\"  data-halign=\"left\" style=\"text-align:left\"><div class=\"uvc-heading-spacer no_spacer\" style=\"top\"><\/div><div class=\"uvc-main-heading ult-responsive\"  data-ultimate-target='.uvc-heading.ultimate-heading-872769d107c616a64 h2'  data-responsive-json-new='{\"font-size\":\"desktop:34px;\",\"line-height\":\"desktop:30px;\"}' ><h2 style=\"font-weight:bold;margin-bottom:20px;\">Objetivos por nivel<\/h2><\/div><div class=\"uvc-sub-heading ult-responsive\"  data-ultimate-target='.uvc-heading.ultimate-heading-872769d107c616a64 .uvc-sub-heading '  data-responsive-json-new='{\"font-size\":\"\",\"line-height\":\"\"}'  style=\"font-weight:normal;\"><\/p>\n<p style=\"text-align: justify;\"><span style=\"font-weight: 400;\">A menudo nos preguntamos cu\u00e1ntas horas de estudio se necesitan para aprender un idioma. Habitualmente tambi\u00e9n nos venden que un idioma se puede aprender en poco tiempo y f\u00e1cilmente, que existe la \u201cmagic bullet\u201d, pero la realidad es que requiere de tiempo y cierto esfuerzo. Lo cu\u00e1l no est\u00e1 re\u00f1ido con que pueda ser divertido.<\/span><\/p>\n<p style=\"text-align: justify;\"><span style=\"font-weight: 400;\">Te detallamos las horas <\/span><b>estimadas y orientativas (<\/b><span style=\"font-weight: 400;\">todo depende de la aptitud de la persona hacia el aprendizaje de lenguas extranjeras, del esfuerzo y de la cercan\u00eda del idioma meta con el nativo) <\/span><b>invertidas por nivel para aprender una lengua <\/b><span style=\"font-weight: 400;\">seg\u00fan el Marco Com\u00fan Europeo de Referencia de Lenguas (MCER\/CEFR) que es con la estructura que trabajamos. <\/span><span style=\"font-weight: 400;\">Las horas guiadas se refieren a las<\/span> <span style=\"font-weight: 400;\">horas de clase con un profesor.<\/span><span style=\"font-weight: 400;\"> Obviamente, como en todo, se requieren horas de estudio o pr\u00e1ctica real en contexto que es a lo que nosotros nos dedicamos tambi\u00e9n.<\/span><\/p>\n<p><\/div><\/div>[vc_empty_space][vc_row_inner][vc_column_inner][vc_column_text]<span style=\"font-weight: 400;\">1\u00ba) Nivel inicial o acceso:<\/span><span style=\"font-weight: 400;\"> A1.= <\/span><b>30-80 horas (no lo incluimos en nuestro programa)<\/b><\/p>\n<p><span style=\"font-weight: 400;\">2\u00ba) Nivel plataforma:<\/span><span style=\"font-weight: 400;\"> A2.= <\/span><b>120-180 horas (A1+90\/100 <\/b><span style=\"font-weight: 400;\"><strong>Horas guiadas)<\/strong> (<\/span><span style=\"font-weight: 400;\">A1+200 horas, Horas reales entre formaci\u00f3n y contexto)<\/span><\/p>\n<p><span style=\"font-weight: 400;\">3\u00ba) Nivel Umbral o independiente:<\/span><span style=\"font-weight: 400;\"> B1.= <\/span><b>350-400 horas (A2 +170<\/b><strong>\/200 Horas guiadas<\/strong><span style=\"font-weight: 400;\"><strong>)<\/strong> (A2 +340\/400 Horas reales)<\/span><\/p>\n<p><span style=\"font-weight: 400;\">4\u00ba) Nivel Avanzado:<\/span><span style=\"font-weight: 400;\"> B2.= <\/span><b>500-600 horas (B1+150-200<\/b> <span style=\"font-weight: 400;\"><strong>Horas guiadas)<\/strong> (<\/span><span style=\"font-weight: 400;\">B1+300-400 Horas reales)<\/span><\/p>\n<p><span style=\"font-weight: 400;\">5\u00ba) Nivel Dominio Operativo Eficaz:<\/span><span style=\"font-weight: 400;\"> C1.= <\/span><b>700-800 (B2+200-250 <\/b><strong>Horas guiadas) <\/strong><span style=\"font-weight: 400;\">(B2+400-600 Horas reales)<\/span><\/p>\n<p><span style=\"font-weight: 400;\">6\u00ba) Nivel Maestr\u00eda o cuasi nativo:<\/span><span style=\"font-weight: 400;\"> C2.= <\/span><b>1.000-1.200 <\/b><span style=\"font-weight: 400;\">(C1<\/span><b>+300-<\/b>400 <span style=\"font-weight: 400;\">Horas guiadas) <\/span><span style=\"font-weight: 400;\">(C1+800-1000 Horas reales)<\/span>[\/vc_column_text][\/vc_column_inner][\/vc_row_inner][\/vc_column][\/vc_row]<\/p>\n","protected":false},"excerpt":{"rendered":"<p>[vc_row bg_type=\u00bbimage\u00bb parallax_style=\u00bbvcpb-vz-jquery\u00bb bg_image_new=\u00bbid^15214|url^https:\/\/desarrollo27.com\/ignacio\/wp-content\/uploads\/revslider\/the7-business-slider\/bm018.jpg|caption^null|alt^about-us|title^About us|description^null\u00bb bg_image_repeat=\u00bbno-repeat\u00bb bg_override=\u00bbex-full\u00bb enable_overlay=\u00bbenable_overlay_value\u00bb overlay_color=\u00bbrgba(0,0,0,0.5)\u00bb overlay_pattern=\u00bbtransperant\u00bb overlay_pattern_opacity=\u00bb25&#8243; type=\u00bbvc_default\u00bb margin_top=\u00bb-50&#8243; css=\u00bb.vc_custom_1644856633577{padding-top: 26% !important;padding-bottom: 26% !important;background-color: #000000 !important;}\u00bb][vc_column offset=\u00bbvc_col-lg-12 vc_col-md-12&#8243; css=\u00bb.vc_custom_1476030031960{padding-bottom: 10px !important;}\u00bb][\/vc_column][\/vc_row][vc_row gap=\u00bb35&#8243; css=\u00bb.vc_custom_1643875803177{padding-top: 20px !important;}\u00bb][vc_column][\/vc_column][\/vc_row][vc_row gap=\u00bb35&#8243;][vc_column width=\u00bb1\/2&#8243; offset=\u00bbvc_hidden-md vc_hidden-sm\u00bb][vc_column_text] La metodolog\u00eda que utilizamos es el enfoque comunicativo a trav\u00e9s del trabajo por tareas y por proyectos. Para aquellos que no son&hellip;<\/p>\n","protected":false},"author":1,"featured_media":0,"parent":0,"menu_order":0,"comment_status":"closed","ping_status":"closed","template":"","meta":{"footnotes":""},"class_list":["post-16038","page","type-page","status-publish","hentry","description-off"],"yoast_head":"<!-- This site is optimized with the Yoast SEO plugin v18.9 - https:\/\/yoast.com\/wordpress\/plugins\/seo\/ -->\n<title>Inmersi\u00f3n en espa\u00f1ol a trav\u00e9s del enfoque por tareas | Celtic Spain School<\/title>\n<meta name=\"description\" content=\"El enfoque por tareas es una lecci\u00f3n estructurada en la que se secuencian actividades para resolver una tarea haciendo uso real del idioma\" \/>\n<meta name=\"robots\" content=\"index, follow, max-snippet:-1, max-image-preview:large, max-video-preview:-1\" \/>\n<link rel=\"canonical\" href=\"https:\/\/celticspainschool.com\/es\/enfoque-de-tarea-objetivos\/\" \/>\n<meta property=\"og:locale\" content=\"es_ES\" \/>\n<meta property=\"og:type\" content=\"article\" \/>\n<meta property=\"og:title\" content=\"Inmersi\u00f3n en espa\u00f1ol a trav\u00e9s del enfoque por tareas | Celtic Spain School\" \/>\n<meta property=\"og:description\" content=\"El enfoque por tareas es una lecci\u00f3n estructurada en la que se secuencian actividades para resolver una tarea haciendo uso real del idioma\" \/>\n<meta property=\"og:url\" content=\"https:\/\/celticspainschool.com\/es\/enfoque-de-tarea-objetivos\/\" \/>\n<meta property=\"og:site_name\" content=\"Celtic Spain School\" \/>\n<meta property=\"article:modified_time\" content=\"2022-03-02T22:06:02+00:00\" \/>\n<meta name=\"twitter:card\" content=\"summary_large_image\" \/>\n<meta name=\"twitter:label1\" content=\"Tiempo de lectura\" \/>\n\t<meta name=\"twitter:data1\" content=\"6 minutos\" \/>\n<script type=\"application\/ld+json\" class=\"yoast-schema-graph\">{\"@context\":\"https:\/\/schema.org\",\"@graph\":[{\"@type\":\"Organization\",\"@id\":\"https:\/\/celticspainschool.com\/#organization\",\"name\":\"Celtic Spain School\",\"url\":\"https:\/\/celticspainschool.com\/\",\"sameAs\":[],\"logo\":{\"@type\":\"ImageObject\",\"inLanguage\":\"es\",\"@id\":\"https:\/\/celticspainschool.com\/#\/schema\/logo\/image\/\",\"url\":\"https:\/\/celticspainschool.com\/wp-content\/uploads\/2022\/02\/logo2.png\",\"contentUrl\":\"https:\/\/celticspainschool.com\/wp-content\/uploads\/2022\/02\/logo2.png\",\"width\":400,\"height\":119,\"caption\":\"Celtic Spain School\"},\"image\":{\"@id\":\"https:\/\/celticspainschool.com\/#\/schema\/logo\/image\/\"}},{\"@type\":\"WebSite\",\"@id\":\"https:\/\/celticspainschool.com\/#website\",\"url\":\"https:\/\/celticspainschool.com\/\",\"name\":\"Celtic Spain School\",\"description\":\"\",\"publisher\":{\"@id\":\"https:\/\/celticspainschool.com\/#organization\"},\"potentialAction\":[{\"@type\":\"SearchAction\",\"target\":{\"@type\":\"EntryPoint\",\"urlTemplate\":\"https:\/\/celticspainschool.com\/?s={search_term_string}\"},\"query-input\":\"required name=search_term_string\"}],\"inLanguage\":\"es\"},{\"@type\":\"WebPage\",\"@id\":\"https:\/\/celticspainschool.com\/es\/enfoque-de-tarea-objetivos\/#webpage\",\"url\":\"https:\/\/celticspainschool.com\/es\/enfoque-de-tarea-objetivos\/\",\"name\":\"Inmersi\u00f3n en espa\u00f1ol a trav\u00e9s del enfoque por tareas | Celtic Spain School\",\"isPartOf\":{\"@id\":\"https:\/\/celticspainschool.com\/#website\"},\"datePublished\":\"2022-02-09T14:23:13+00:00\",\"dateModified\":\"2022-03-02T22:06:02+00:00\",\"description\":\"El enfoque por tareas es una lecci\u00f3n estructurada en la que se secuencian actividades para resolver una tarea haciendo uso real del idioma\",\"breadcrumb\":{\"@id\":\"https:\/\/celticspainschool.com\/es\/enfoque-de-tarea-objetivos\/#breadcrumb\"},\"inLanguage\":\"es\",\"potentialAction\":[{\"@type\":\"ReadAction\",\"target\":[\"https:\/\/celticspainschool.com\/es\/enfoque-de-tarea-objetivos\/\"]}]},{\"@type\":\"BreadcrumbList\",\"@id\":\"https:\/\/celticspainschool.com\/es\/enfoque-de-tarea-objetivos\/#breadcrumb\",\"itemListElement\":[{\"@type\":\"ListItem\",\"position\":1,\"name\":\"Home\",\"item\":\"https:\/\/celticspainschool.com\/es\/\"},{\"@type\":\"ListItem\",\"position\":2,\"name\":\"Enfoque por tareas \/ Objetivos\"}]}]}<\/script>\n<!-- \/ Yoast SEO plugin. -->","yoast_head_json":{"title":"Inmersi\u00f3n en espa\u00f1ol a trav\u00e9s del enfoque por tareas | Celtic Spain School","description":"El enfoque por tareas es una lecci\u00f3n estructurada en la que se secuencian actividades para resolver una tarea haciendo uso real del idioma","robots":{"index":"index","follow":"follow","max-snippet":"max-snippet:-1","max-image-preview":"max-image-preview:large","max-video-preview":"max-video-preview:-1"},"canonical":"https:\/\/celticspainschool.com\/es\/enfoque-de-tarea-objetivos\/","og_locale":"es_ES","og_type":"article","og_title":"Inmersi\u00f3n en espa\u00f1ol a trav\u00e9s del enfoque por tareas | Celtic Spain School","og_description":"El enfoque por tareas es una lecci\u00f3n estructurada en la que se secuencian actividades para resolver una tarea haciendo uso real del idioma","og_url":"https:\/\/celticspainschool.com\/es\/enfoque-de-tarea-objetivos\/","og_site_name":"Celtic Spain School","article_modified_time":"2022-03-02T22:06:02+00:00","twitter_card":"summary_large_image","twitter_misc":{"Tiempo de lectura":"6 minutos"},"schema":{"@context":"https:\/\/schema.org","@graph":[{"@type":"Organization","@id":"https:\/\/celticspainschool.com\/#organization","name":"Celtic Spain School","url":"https:\/\/celticspainschool.com\/","sameAs":[],"logo":{"@type":"ImageObject","inLanguage":"es","@id":"https:\/\/celticspainschool.com\/#\/schema\/logo\/image\/","url":"https:\/\/celticspainschool.com\/wp-content\/uploads\/2022\/02\/logo2.png","contentUrl":"https:\/\/celticspainschool.com\/wp-content\/uploads\/2022\/02\/logo2.png","width":400,"height":119,"caption":"Celtic Spain School"},"image":{"@id":"https:\/\/celticspainschool.com\/#\/schema\/logo\/image\/"}},{"@type":"WebSite","@id":"https:\/\/celticspainschool.com\/#website","url":"https:\/\/celticspainschool.com\/","name":"Celtic Spain School","description":"","publisher":{"@id":"https:\/\/celticspainschool.com\/#organization"},"potentialAction":[{"@type":"SearchAction","target":{"@type":"EntryPoint","urlTemplate":"https:\/\/celticspainschool.com\/?s={search_term_string}"},"query-input":"required name=search_term_string"}],"inLanguage":"es"},{"@type":"WebPage","@id":"https:\/\/celticspainschool.com\/es\/enfoque-de-tarea-objetivos\/#webpage","url":"https:\/\/celticspainschool.com\/es\/enfoque-de-tarea-objetivos\/","name":"Inmersi\u00f3n en espa\u00f1ol a trav\u00e9s del enfoque por tareas | Celtic Spain School","isPartOf":{"@id":"https:\/\/celticspainschool.com\/#website"},"datePublished":"2022-02-09T14:23:13+00:00","dateModified":"2022-03-02T22:06:02+00:00","description":"El enfoque por tareas es una lecci\u00f3n estructurada en la que se secuencian actividades para resolver una tarea haciendo uso real del idioma","breadcrumb":{"@id":"https:\/\/celticspainschool.com\/es\/enfoque-de-tarea-objetivos\/#breadcrumb"},"inLanguage":"es","potentialAction":[{"@type":"ReadAction","target":["https:\/\/celticspainschool.com\/es\/enfoque-de-tarea-objetivos\/"]}]},{"@type":"BreadcrumbList","@id":"https:\/\/celticspainschool.com\/es\/enfoque-de-tarea-objetivos\/#breadcrumb","itemListElement":[{"@type":"ListItem","position":1,"name":"Home","item":"https:\/\/celticspainschool.com\/es\/"},{"@type":"ListItem","position":2,"name":"Enfoque por tareas \/ Objetivos"}]}]}},"_links":{"self":[{"href":"https:\/\/celticspainschool.com\/es\/wp-json\/wp\/v2\/pages\/16038","targetHints":{"allow":["GET"]}}],"collection":[{"href":"https:\/\/celticspainschool.com\/es\/wp-json\/wp\/v2\/pages"}],"about":[{"href":"https:\/\/celticspainschool.com\/es\/wp-json\/wp\/v2\/types\/page"}],"author":[{"embeddable":true,"href":"https:\/\/celticspainschool.com\/es\/wp-json\/wp\/v2\/users\/1"}],"replies":[{"embeddable":true,"href":"https:\/\/celticspainschool.com\/es\/wp-json\/wp\/v2\/comments?post=16038"}],"version-history":[{"count":11,"href":"https:\/\/celticspainschool.com\/es\/wp-json\/wp\/v2\/pages\/16038\/revisions"}],"predecessor-version":[{"id":16543,"href":"https:\/\/celticspainschool.com\/es\/wp-json\/wp\/v2\/pages\/16038\/revisions\/16543"}],"wp:attachment":[{"href":"https:\/\/celticspainschool.com\/es\/wp-json\/wp\/v2\/media?parent=16038"}],"curies":[{"name":"wp","href":"https:\/\/api.w.org\/{rel}","templated":true}]}}