{"id":16046,"date":"2022-02-09T14:27:14","date_gmt":"2022-02-09T14:27:14","guid":{"rendered":"https:\/\/desarrollo27.com\/ignacio\/?page_id=16046"},"modified":"2022-03-02T21:45:20","modified_gmt":"2022-03-02T21:45:20","slug":"cursos-generales-y-especializados","status":"publish","type":"page","link":"https:\/\/celticspainschool.com\/es\/cursos-generales-y-especializados\/","title":{"rendered":"Cursos generales y especializados"},"content":{"rendered":"<p>[vc_row bg_type=\u00bbimage\u00bb parallax_style=\u00bbvcpb-vz-jquery\u00bb bg_image_new=\u00bbid^15214|url^https:\/\/desarrollo27.com\/ignacio\/wp-content\/uploads\/revslider\/the7-business-slider\/bm018.jpg|caption^null|alt^about-us|title^About us|description^null\u00bb bg_image_repeat=\u00bbno-repeat\u00bb bg_override=\u00bbex-full\u00bb enable_overlay=\u00bbenable_overlay_value\u00bb overlay_color=\u00bbrgba(0,0,0,0.5)\u00bb overlay_pattern=\u00bbtransperant\u00bb overlay_pattern_opacity=\u00bb25&#8243; type=\u00bbvc_default\u00bb margin_top=\u00bb-50&#8243; css=\u00bb.vc_custom_1644856667886{padding-top: 26% !important;padding-bottom: 26% !important;background-color: #000000 !important;}\u00bb][vc_column offset=\u00bbvc_col-lg-12 vc_col-md-12&#8243; css=\u00bb.vc_custom_1476030031960{padding-bottom: 10px !important;}\u00bb]<div id=\"ultimate-heading-447669d10cbb8f995\" class=\"uvc-heading ult-adjust-bottom-margin ultimate-heading-447669d10cbb8f995 uvc-967 accent-title-color\" data-hspacer=\"no_spacer\"  data-halign=\"center\" style=\"text-align:center\"><div class=\"uvc-heading-spacer no_spacer\" style=\"top\"><\/div><div class=\"uvc-main-heading ult-responsive\"  data-ultimate-target='.uvc-heading.ultimate-heading-447669d10cbb8f995 h1'  data-responsive-json-new='{\"font-size\":\"desktop:52px;mobile_landscape:22px;mobile:22px;\",\"line-height\":\"desktop:46px;mobile_landscape:32px;mobile:32px;\"}' ><h1 style=\"font-family:&#039;Fira Sans&#039;;font-weight:700;color:#ffffff;\">C\u00f3mo trabajamos<\/h1><\/div><\/div>[\/vc_column][\/vc_row][vc_row full_width=\u00bbstretch_row\u00bb css=\u00bb.vc_custom_1644308440391{padding-top: 50px !important;padding-bottom: 50px !important;}\u00bb][vc_column]<div id=\"ultimate-heading-773769d10cbb8f9f5\" class=\"uvc-heading ult-adjust-bottom-margin ultimate-heading-773769d10cbb8f9f5 uvc-4097 \" data-hspacer=\"no_spacer\"  data-halign=\"left\" style=\"text-align:left\"><div class=\"uvc-heading-spacer no_spacer\" style=\"top\"><\/div><div class=\"uvc-main-heading ult-responsive\"  data-ultimate-target='.uvc-heading.ultimate-heading-773769d10cbb8f9f5 h2'  data-responsive-json-new='{\"font-size\":\"desktop:34px;\",\"line-height\":\"desktop:30px;\"}' ><h2 style=\"font-weight:bold;margin-bottom:20px;\">Cursos generales y especializados<\/h2><\/div><div class=\"uvc-sub-heading ult-responsive\"  data-ultimate-target='.uvc-heading.ultimate-heading-773769d10cbb8f9f5 .uvc-sub-heading '  data-responsive-json-new='{\"font-size\":\"\",\"line-height\":\"\"}'  style=\"font-weight:normal;\"><\/p>\n<div class=\"page\" title=\"Page 2\">\n<div class=\"layoutArea\">\n<div class=\"column\" style=\"text-align: justify;\"><\/div>\n<\/div>\n<\/div>\n<div class=\"page\" title=\"Page 3\">\n<div class=\"layoutArea\">\n<div class=\"column\">\n<p style=\"text-align: justify;\"><span style=\"font-weight: 400;\">Nuestros cursos tienen una duraci\u00f3n m\u00ednima de 1 mes, ya que de otra forma no creemos que la inmersi\u00f3n sea algo realmente \u00fatil. S\u00f3lo har\u00edamos excepciones en aquellos casos en que haya un nivel m\u00ednimo de un B2\/C1 y se quieran cursos especializados muy concretos en temas de salud o negocios y sujeto a disponibilidad. Y nunca menos de 2 semanas.<\/span><\/p>\n<p class=\"p1\" style=\"text-align: justify;\"><span style=\"font-weight: 400;\">Un programa de 1 mes significa unas 200 horas de inmersi\u00f3n<\/span><\/p>\n<p style=\"text-align: justify;\"><span style=\"font-weight: 400;\">Un programa de 2 meses significa unas 400 horas de inmersi\u00f3n<\/span><\/p>\n<p style=\"text-align: justify;\"><span style=\"font-weight: 400;\">Durante los 3 fines de semana del mes del programa no habr\u00e1 clases ni actividades. Ser\u00e1 free time para utilizar como se quiera. Rogamos encarecidamente que sea tiempo a solas o estableciendo relaciones informales con nativos para no perder el efecto inmersi\u00f3n. Algunos estudiantes probablemente lo aprovechar\u00e1n para irse por su cuenta de turismo de fin de semana a Madrid, Barcelona, Paris, Venecia, Roma\u2026<\/span><\/p>\n<p style=\"text-align: justify;\"><span style=\"font-weight: 400;\">Nuestros campamentos (grupos) est\u00e1n formados por entre 4 y 7 personas para que haya el tiempo y espacio suficiente para que todo el mundo aprenda y se puedan generar conversaciones entre todos. Adem\u00e1s las actividades de las tardes son m\u00e1s divertidas y enriquecedoras con m\u00e1s gente.<\/span><\/p>\n<p style=\"text-align: justify;\"><span style=\"font-weight: 400;\">Independientemente del nivel de espa\u00f1ol comunicado por el alumno, siempre efectuaremos una prueba de nivel a la llegada del alumnos, nunca de forma virtual, ya que entendemos que puede llevar a errores de clasificaci\u00f3n de nivel. Es por ello que rogamos encarecidamente que el alumno comunique con la m\u00e1s absoluta sinceridad y transparencia el nivel que se tiene o que nos diga cu\u00e1ntos a\u00f1os lleva estudiando espa\u00f1ol y qu\u00e9 libros ha utilizado. La raz\u00f3n es que los grupos se establecen con bastante antelaci\u00f3n y queremos que todo el grupo tenga un nivel similar para no crear distorsiones en el nivel del resto. Sabemos que ten\u00e9is ganas de aprender y sacar rendimiento a vuestra inversi\u00f3n de tiempo y dinero. Porque somos conscientes de ello os insertaremos en el grupo adecuado y con un nivel de exigencia que os haga progresar desde unas bases s\u00f3lidas. Comunicar un nivel no adecuado no s\u00f3lo rompe nuestras previsiones de grupos sino que el hecho de tratar de estar en un grupo superior, al que no se corresponde por nivel, la mayor\u00eda de las veces, lo que hace es entorpecer al resto y no sentar las bases s\u00f3lidas para el propio aprendizaje del aprendiz. Seamos todos respetuosos con vuestro aprendizaje y con el del resto de compa\u00f1eros.<\/span><\/p>\n<\/div>\n<\/div>\n<\/div>\n<p><\/div><\/div>[vc_empty_space][vc_column_text]<\/p>\n<ul>\n<li style=\"text-align: justify;\"><span style=\"font-weight: 400;\"><strong>Campamento 1 (=A2)<\/strong> Vienes con un A1 y pasas a un A2. Adquieres el nivel con 1 mes de inmersi\u00f3n.<\/span><\/li>\n<li style=\"text-align: justify;\"><span style=\"font-weight: 400;\"><strong>Campamento 2 (=B1)<\/strong> Vienes con un A2 y pasas a un B1.<\/span>\n<ul>\n<li><span style=\"font-weight: 400;\">Opci\u00f3n A: Necesitas un mes de inmersi\u00f3n y necesitas estudiar todos los d\u00edas durante el a\u00f1o siguiente otras 160 horas en tu casa.<\/span><\/li>\n<li><span style=\"font-weight: 400;\">Opci\u00f3n B: Necesitas dos meses de inmersi\u00f3n.<\/span><\/li>\n<li><span style=\"font-weight: 400;\">Este es el nivel m\u00ednimo (B1) que se pide para solicitar acceso a estudios universitarios en espa\u00f1ol. A veces se pide un B2.<\/span><\/li>\n<\/ul>\n<\/li>\n<li style=\"text-align: justify;\"><span style=\"font-weight: 400;\"><strong>Campamento 3 (=B2)<\/strong> Vienes con un B1 y pasas a un B2<\/span>\n<ul>\n<li><span style=\"font-weight: 400;\">Opci\u00f3n A: Necesitas un mes de inmersi\u00f3n y necesitas estudiar todos los d\u00edas durante el a\u00f1o siguiente otras 160 horas en tu casa.<\/span><\/li>\n<li><span style=\"font-weight: 400;\">Opci\u00f3n B: Necesitas dos meses de inmersi\u00f3n.<\/span><\/li>\n<li><span style=\"font-weight: 400;\">Este es el nivel m\u00ednimo (B2) que se suele exigir para solicitar un puesto de trabajo en otro idioma.<\/span><\/li>\n<\/ul>\n<\/li>\n<li style=\"text-align: justify;\"><span style=\"font-weight: 400;\"><strong>Campamento 4 (=C1)<\/strong> Vienes con un B2 y pasas a un C1<\/span>\n<ul>\n<li><span style=\"font-weight: 400;\">Opci\u00f3n A: Necesitas un mes de inmersi\u00f3n y necesitas estudiar durante el a\u00f1o siguiente otras 300 horas en tu casa.<\/span><\/li>\n<li><span style=\"font-weight: 400;\">Opci\u00f3n B: Necesitas dos meses de inmersi\u00f3n y necesitas estudiar durante el a\u00f1o siguiente unas 160 horas. En este caso lo ideal ser\u00eda tambi\u00e9n poder insertarte durante un par de meses en alguna empresa espa\u00f1ola de forma temporal para solidificar el nivel. Trabajaremos para ello.<\/span><\/li>\n<li><span style=\"font-weight: 400;\">Este es el nivel m\u00e1s com\u00fan que se suele exigir para solicitar un puesto de trabajo en espa\u00f1ol y para realizaci\u00f3n de Master o Doctorado.<\/span><\/li>\n<\/ul>\n<\/li>\n<li style=\"text-align: justify;\"><span style=\"font-weight: 400;\"><strong>Campamento 5 (=C2)<\/strong> Vienes con un C1 y quieres pasar a C2. Nosotros recomendamos pasar 1 a\u00f1o en Espa\u00f1a, ya sea estudiando o trabajando. Nosotros podemos facilitar este \u00faltimo acceso con suficiente tiempo para organizarlo. <\/span><span style=\"font-weight: 400;\">1 a\u00f1o de estancia son unas 2.200 horas.<\/span><\/li>\n<\/ul>\n<p>[\/vc_column_text][\/vc_column][\/vc_row][vc_row full_width=\u00bbstretch_row\u00bb css=\u00bb.vc_custom_1644308455049{padding-top: 50px !important;padding-bottom: 50px !important;background-color: #f6f6f6 !important;}\u00bb][vc_column]<div id=\"ultimate-heading-947169d10cbb8fa29\" class=\"uvc-heading ult-adjust-bottom-margin ultimate-heading-947169d10cbb8fa29 uvc-9048 \" data-hspacer=\"no_spacer\"  data-halign=\"left\" style=\"text-align:left\"><div class=\"uvc-heading-spacer no_spacer\" style=\"top\"><\/div><div class=\"uvc-main-heading ult-responsive\"  data-ultimate-target='.uvc-heading.ultimate-heading-947169d10cbb8fa29 h2'  data-responsive-json-new='{\"font-size\":\"desktop:34px;\",\"line-height\":\"desktop:30px;\"}' ><h2 style=\"font-weight:bold;margin-bottom:20px;\">Cursos especializados<\/h2><\/div><\/div>[vc_empty_space][vc_accordion active_tab=\u00bb1&#8243; title_size=\u00bbh3&#8243; style=\u00bb2&#8243;][vc_accordion_tab title=\u00bbA) Negocios\u00bb][vc_column_text]<\/p>\n<p style=\"text-align: justify;\"><span style=\"font-weight: 400;\">Son cursos que est\u00e1n dise\u00f1ados para desarrollar sobre todo competencias comunicativas y de adquisici\u00f3n de vocabulario espec\u00edfico del mundo de los negocios (fundamentalmente comercial, de marketing y financiero)<\/span><\/p>\n<p style=\"text-align: justify;\"><span style=\"font-weight: 400;\">A medida que ese vocabulario es adquirido se trabaja con varias situaciones o temas de desarrollo:<\/span><\/p>\n<p style=\"text-align: justify;\"><span style=\"font-weight: 400;\"><strong>1. M\u00e9todo del caso. <\/strong>&#8211; <\/span><span style=\"font-weight: 400;\">A la vez que se resuelven situaciones de la vida real de las empresas, trabajando las destrezas lectoras y cognitiva, se trabaja sobre todo las habilidades comunicativas una vez que entre varias personas han resuelto el caso:<\/span><\/p>\n<ul style=\"text-align: justify;\">\n<li><span style=\"font-weight: 400;\">presentaci\u00f3n de ideas<\/span><\/li>\n<li><span style=\"font-weight: 400;\">argumentaci\u00f3n y desacuerdo<\/span><\/li>\n<li><span style=\"font-weight: 400;\">clarificaci\u00f3n y confirmaci\u00f3n<\/span><\/li>\n<li><span style=\"font-weight: 400;\">resumen y conclusiones<\/span><\/li>\n<li><span style=\"font-weight: 400;\">capacidad de persuasi\u00f3n utilizando el idioma<\/span><\/li>\n<\/ul>\n<p style=\"text-align: justify;\"><span style=\"font-weight: 400;\">Se debate en peque\u00f1os grupos de dos y posteriormente en la clase. Recomendado para nivel C1.<\/span><\/p>\n<p style=\"text-align: justify;\"><span style=\"font-weight: 400;\"><strong>2. Presentaciones<\/strong> &#8211; Se simulan una presentaci\u00f3n de un tema o de resultados en una pantalla delante de los compa\u00f1eros y los mismos hacen preguntas. Se genera un debate. Es una reuni\u00f3n de trabajo en toda regla.<\/span><\/p>\n<p style=\"text-align: justify;\"><span style=\"font-weight: 400;\">Se trabajan las mismas habilidades que anteriormente a\u00f1adiendo la apertura y cierre de presentaciones<\/span><\/p>\n<p style=\"text-align: justify;\"><span style=\"font-weight: 400;\"><strong>3. Negociaciones &#8211;<\/strong> Se practica una determinada venta de producto o servicio. Se explican las peculiaridades culturales de las mismas en el mundo hispano. Se trabajan las capacidades comunicativas<\/span><\/p>\n<p style=\"text-align: justify;\"><strong>4. Llamadas Telefonicas simuladas.<\/strong><\/p>\n<p style=\"text-align: justify;\"><span style=\"font-weight: 400;\"><strong>5. Correspondencia.<\/strong> Se trabajan las competencias escritas tanto para enviar una carta a un cliente como para enviar un CV o una carta de presentaci\u00f3n o por temas legales.<\/span><\/p>\n<p>&nbsp;<\/p>\n<p><span style=\"font-weight: 400;\">Opcional y sujeto a disponibilidad: inserci\u00f3n profesional en empresas para hacer pr\u00e1cticas si se tiene un nivel B2\/C1 tanto durante los dos meses de inmersi\u00f3n como de a\u00f1o entero.<\/span>[\/vc_column_text][\/vc_accordion_tab][vc_accordion_tab title=\u00bbB) Legal\u00bb][vc_column_text]<\/p>\n<p style=\"text-align: justify;\"><span style=\"font-weight: 400;\">Entendemos que las capacidades comunicativas espec\u00edficas aqu\u00ed no son tan esenciales ya que se necesita una habilitaci\u00f3n nacional y profesional para poder ejercer ante los tribunales de cada pa\u00eds.<\/span><\/p>\n<p style=\"text-align: justify;\"><span style=\"font-weight: 400;\">S\u00ed que trabajaremos la capacidad de dar consejo legal a clientes de habla hispana con un vocabulario lo m\u00e1s cercano a su lengua nativa.<\/span><\/p>\n<p style=\"text-align: justify;\"><span style=\"font-weight: 400;\">Est\u00e1 centrado fundamentalmente en la adquisici\u00f3n de vocabulario que sea acorde con el campo de especializaci\u00f3n. Foco especial en la capacidad para leer y traducir textos legales en espa\u00f1ol y dar consejo legal en espa\u00f1ol. Y muy localizado en la capacidad de leer contratos comerciales o de propiedad.<\/span><\/p>\n<p style=\"text-align: justify;\"><span style=\"font-weight: 400;\">Algunas de las actividades de negocios se tratar\u00e1n aqu\u00ed tambi\u00e9n.<\/span><\/p>\n<p style=\"text-align: justify;\"><span style=\"font-weight: 400;\">Opcional y sujeto a disponibilidad: inserci\u00f3n profesional en despachos legales para hacer pr\u00e1cticas si se tiene un nivel b2\/C1 tanto durante los meses de inmersi\u00f3n como de a\u00f1o entero.<\/span><\/p>\n<p>[\/vc_column_text][\/vc_accordion_tab][vc_accordion_tab title=\u00bbC) Salud\u00bb][vc_column_text]<\/p>\n<div class=\"page\" title=\"Page 3\">\n<div class=\"layoutArea\">\n<div class=\"column\">\n<div class=\"page\" title=\"Page 5\">\n<div class=\"layoutArea\">\n<div class=\"column\">\n<p style=\"text-align: justify;\"><span style=\"font-weight: 400;\">Trabajamos sobre todo la terminolog\u00eda m\u00e9dica del espa\u00f1ol para mejorar las habilidades comunicativas en cl\u00ednicas o hospitales.<\/span><\/p>\n<p style=\"text-align: justify;\"><span style=\"font-weight: 400;\">Desarrollamos el uso del espa\u00f1ol en diferentes casos cl\u00ednicos, simulaciones de tratamiento con pacientes para su diagn\u00f3stico.<\/span><\/p>\n<p style=\"text-align: justify;\"><span style=\"font-weight: 400;\">Profesionales m\u00e9dicos colaborar\u00e1n de forma ocasional en nuestras clases.<\/span><\/p>\n<p style=\"text-align: justify;\"><span style=\"font-weight: 400;\">Estamos abiertos a buscar intercambio de experiencias m\u00e9dicas con profesionales de la salud que trabajen en la misma especialidad (bajo petici\u00f3n).<\/span><\/p>\n<\/div>\n<\/div>\n<\/div>\n<\/div>\n<\/div>\n<\/div>\n<p>[\/vc_column_text][\/vc_accordion_tab][\/vc_accordion][\/vc_column][\/vc_row]<\/p>\n","protected":false},"excerpt":{"rendered":"<p>[vc_row bg_type=\u00bbimage\u00bb parallax_style=\u00bbvcpb-vz-jquery\u00bb bg_image_new=\u00bbid^15214|url^https:\/\/desarrollo27.com\/ignacio\/wp-content\/uploads\/revslider\/the7-business-slider\/bm018.jpg|caption^null|alt^about-us|title^About us|description^null\u00bb bg_image_repeat=\u00bbno-repeat\u00bb bg_override=\u00bbex-full\u00bb enable_overlay=\u00bbenable_overlay_value\u00bb overlay_color=\u00bbrgba(0,0,0,0.5)\u00bb overlay_pattern=\u00bbtransperant\u00bb overlay_pattern_opacity=\u00bb25&#8243; type=\u00bbvc_default\u00bb margin_top=\u00bb-50&#8243; css=\u00bb.vc_custom_1644856667886{padding-top: 26% !important;padding-bottom: 26% !important;background-color: #000000 !important;}\u00bb][vc_column offset=\u00bbvc_col-lg-12 vc_col-md-12&#8243; css=\u00bb.vc_custom_1476030031960{padding-bottom: 10px !important;}\u00bb][\/vc_column][\/vc_row][vc_row full_width=\u00bbstretch_row\u00bb css=\u00bb.vc_custom_1644308440391{padding-top: 50px !important;padding-bottom: 50px !important;}\u00bb][vc_column][vc_empty_space][vc_column_text] Campamento 1 (=A2) Vienes con un A1 y pasas a un A2. Adquieres el nivel con 1 mes de inmersi\u00f3n. Campamento 2 (=B1) Vienes&hellip;<\/p>\n","protected":false},"author":1,"featured_media":0,"parent":0,"menu_order":0,"comment_status":"closed","ping_status":"closed","template":"","meta":{"footnotes":""},"class_list":["post-16046","page","type-page","status-publish","hentry","description-off"],"yoast_head":"<!-- This site is optimized with the Yoast SEO plugin v18.9 - https:\/\/yoast.com\/wordpress\/plugins\/seo\/ -->\n<title>Cursos generales y especializados de espa\u00f1ol | Celtic Spain School<\/title>\n<meta name=\"description\" content=\"Cursos generales en espa\u00f1ol seg\u00fan MCER y cursos especializados en espa\u00f1ol para fines espec\u00edficos como el espa\u00f1ol de la salud y de los negocios\" \/>\n<meta name=\"robots\" content=\"index, follow, max-snippet:-1, max-image-preview:large, max-video-preview:-1\" \/>\n<link rel=\"canonical\" href=\"https:\/\/celticspainschool.com\/es\/cursos-generales-y-especializados\/\" \/>\n<meta property=\"og:locale\" content=\"es_ES\" \/>\n<meta property=\"og:type\" content=\"article\" \/>\n<meta property=\"og:title\" content=\"Cursos generales y especializados de espa\u00f1ol | Celtic Spain School\" \/>\n<meta property=\"og:description\" content=\"Cursos generales en espa\u00f1ol seg\u00fan MCER y cursos especializados en espa\u00f1ol para fines espec\u00edficos como el espa\u00f1ol de la salud y de los negocios\" \/>\n<meta property=\"og:url\" content=\"https:\/\/celticspainschool.com\/es\/cursos-generales-y-especializados\/\" \/>\n<meta property=\"og:site_name\" content=\"Celtic Spain School\" \/>\n<meta property=\"article:modified_time\" content=\"2022-03-02T21:45:20+00:00\" \/>\n<meta name=\"twitter:card\" content=\"summary_large_image\" \/>\n<meta name=\"twitter:label1\" content=\"Tiempo de lectura\" \/>\n\t<meta name=\"twitter:data1\" content=\"8 minutos\" \/>\n<script type=\"application\/ld+json\" class=\"yoast-schema-graph\">{\"@context\":\"https:\/\/schema.org\",\"@graph\":[{\"@type\":\"Organization\",\"@id\":\"https:\/\/celticspainschool.com\/#organization\",\"name\":\"Celtic Spain School\",\"url\":\"https:\/\/celticspainschool.com\/\",\"sameAs\":[],\"logo\":{\"@type\":\"ImageObject\",\"inLanguage\":\"es\",\"@id\":\"https:\/\/celticspainschool.com\/#\/schema\/logo\/image\/\",\"url\":\"https:\/\/celticspainschool.com\/wp-content\/uploads\/2022\/02\/logo2.png\",\"contentUrl\":\"https:\/\/celticspainschool.com\/wp-content\/uploads\/2022\/02\/logo2.png\",\"width\":400,\"height\":119,\"caption\":\"Celtic Spain School\"},\"image\":{\"@id\":\"https:\/\/celticspainschool.com\/#\/schema\/logo\/image\/\"}},{\"@type\":\"WebSite\",\"@id\":\"https:\/\/celticspainschool.com\/#website\",\"url\":\"https:\/\/celticspainschool.com\/\",\"name\":\"Celtic Spain School\",\"description\":\"\",\"publisher\":{\"@id\":\"https:\/\/celticspainschool.com\/#organization\"},\"potentialAction\":[{\"@type\":\"SearchAction\",\"target\":{\"@type\":\"EntryPoint\",\"urlTemplate\":\"https:\/\/celticspainschool.com\/?s={search_term_string}\"},\"query-input\":\"required name=search_term_string\"}],\"inLanguage\":\"es\"},{\"@type\":\"WebPage\",\"@id\":\"https:\/\/celticspainschool.com\/es\/cursos-generales-y-especializados\/#webpage\",\"url\":\"https:\/\/celticspainschool.com\/es\/cursos-generales-y-especializados\/\",\"name\":\"Cursos generales y especializados de espa\u00f1ol | Celtic Spain School\",\"isPartOf\":{\"@id\":\"https:\/\/celticspainschool.com\/#website\"},\"datePublished\":\"2022-02-09T14:27:14+00:00\",\"dateModified\":\"2022-03-02T21:45:20+00:00\",\"description\":\"Cursos generales en espa\u00f1ol seg\u00fan MCER y cursos especializados en espa\u00f1ol para fines espec\u00edficos como el espa\u00f1ol de la salud y de los negocios\",\"breadcrumb\":{\"@id\":\"https:\/\/celticspainschool.com\/es\/cursos-generales-y-especializados\/#breadcrumb\"},\"inLanguage\":\"es\",\"potentialAction\":[{\"@type\":\"ReadAction\",\"target\":[\"https:\/\/celticspainschool.com\/es\/cursos-generales-y-especializados\/\"]}]},{\"@type\":\"BreadcrumbList\",\"@id\":\"https:\/\/celticspainschool.com\/es\/cursos-generales-y-especializados\/#breadcrumb\",\"itemListElement\":[{\"@type\":\"ListItem\",\"position\":1,\"name\":\"Home\",\"item\":\"https:\/\/celticspainschool.com\/es\/\"},{\"@type\":\"ListItem\",\"position\":2,\"name\":\"Cursos generales y especializados\"}]}]}<\/script>\n<!-- \/ Yoast SEO plugin. -->","yoast_head_json":{"title":"Cursos generales y especializados de espa\u00f1ol | Celtic Spain School","description":"Cursos generales en espa\u00f1ol seg\u00fan MCER y cursos especializados en espa\u00f1ol para fines espec\u00edficos como el espa\u00f1ol de la salud y de los negocios","robots":{"index":"index","follow":"follow","max-snippet":"max-snippet:-1","max-image-preview":"max-image-preview:large","max-video-preview":"max-video-preview:-1"},"canonical":"https:\/\/celticspainschool.com\/es\/cursos-generales-y-especializados\/","og_locale":"es_ES","og_type":"article","og_title":"Cursos generales y especializados de espa\u00f1ol | Celtic Spain School","og_description":"Cursos generales en espa\u00f1ol seg\u00fan MCER y cursos especializados en espa\u00f1ol para fines espec\u00edficos como el espa\u00f1ol de la salud y de los negocios","og_url":"https:\/\/celticspainschool.com\/es\/cursos-generales-y-especializados\/","og_site_name":"Celtic Spain School","article_modified_time":"2022-03-02T21:45:20+00:00","twitter_card":"summary_large_image","twitter_misc":{"Tiempo de lectura":"8 minutos"},"schema":{"@context":"https:\/\/schema.org","@graph":[{"@type":"Organization","@id":"https:\/\/celticspainschool.com\/#organization","name":"Celtic Spain School","url":"https:\/\/celticspainschool.com\/","sameAs":[],"logo":{"@type":"ImageObject","inLanguage":"es","@id":"https:\/\/celticspainschool.com\/#\/schema\/logo\/image\/","url":"https:\/\/celticspainschool.com\/wp-content\/uploads\/2022\/02\/logo2.png","contentUrl":"https:\/\/celticspainschool.com\/wp-content\/uploads\/2022\/02\/logo2.png","width":400,"height":119,"caption":"Celtic Spain School"},"image":{"@id":"https:\/\/celticspainschool.com\/#\/schema\/logo\/image\/"}},{"@type":"WebSite","@id":"https:\/\/celticspainschool.com\/#website","url":"https:\/\/celticspainschool.com\/","name":"Celtic Spain School","description":"","publisher":{"@id":"https:\/\/celticspainschool.com\/#organization"},"potentialAction":[{"@type":"SearchAction","target":{"@type":"EntryPoint","urlTemplate":"https:\/\/celticspainschool.com\/?s={search_term_string}"},"query-input":"required name=search_term_string"}],"inLanguage":"es"},{"@type":"WebPage","@id":"https:\/\/celticspainschool.com\/es\/cursos-generales-y-especializados\/#webpage","url":"https:\/\/celticspainschool.com\/es\/cursos-generales-y-especializados\/","name":"Cursos generales y especializados de espa\u00f1ol | Celtic Spain School","isPartOf":{"@id":"https:\/\/celticspainschool.com\/#website"},"datePublished":"2022-02-09T14:27:14+00:00","dateModified":"2022-03-02T21:45:20+00:00","description":"Cursos generales en espa\u00f1ol seg\u00fan MCER y cursos especializados en espa\u00f1ol para fines espec\u00edficos como el espa\u00f1ol de la salud y de los negocios","breadcrumb":{"@id":"https:\/\/celticspainschool.com\/es\/cursos-generales-y-especializados\/#breadcrumb"},"inLanguage":"es","potentialAction":[{"@type":"ReadAction","target":["https:\/\/celticspainschool.com\/es\/cursos-generales-y-especializados\/"]}]},{"@type":"BreadcrumbList","@id":"https:\/\/celticspainschool.com\/es\/cursos-generales-y-especializados\/#breadcrumb","itemListElement":[{"@type":"ListItem","position":1,"name":"Home","item":"https:\/\/celticspainschool.com\/es\/"},{"@type":"ListItem","position":2,"name":"Cursos generales y especializados"}]}]}},"_links":{"self":[{"href":"https:\/\/celticspainschool.com\/es\/wp-json\/wp\/v2\/pages\/16046","targetHints":{"allow":["GET"]}}],"collection":[{"href":"https:\/\/celticspainschool.com\/es\/wp-json\/wp\/v2\/pages"}],"about":[{"href":"https:\/\/celticspainschool.com\/es\/wp-json\/wp\/v2\/types\/page"}],"author":[{"embeddable":true,"href":"https:\/\/celticspainschool.com\/es\/wp-json\/wp\/v2\/users\/1"}],"replies":[{"embeddable":true,"href":"https:\/\/celticspainschool.com\/es\/wp-json\/wp\/v2\/comments?post=16046"}],"version-history":[{"count":8,"href":"https:\/\/celticspainschool.com\/es\/wp-json\/wp\/v2\/pages\/16046\/revisions"}],"predecessor-version":[{"id":16397,"href":"https:\/\/celticspainschool.com\/es\/wp-json\/wp\/v2\/pages\/16046\/revisions\/16397"}],"wp:attachment":[{"href":"https:\/\/celticspainschool.com\/es\/wp-json\/wp\/v2\/media?parent=16046"}],"curies":[{"name":"wp","href":"https:\/\/api.w.org\/{rel}","templated":true}]}}