{"id":16058,"date":"2022-02-09T14:35:43","date_gmt":"2022-02-09T14:35:43","guid":{"rendered":"https:\/\/desarrollo27.com\/ignacio\/?page_id=16058"},"modified":"2022-03-02T22:24:18","modified_gmt":"2022-03-02T22:24:18","slug":"practicas-en-empresas","status":"publish","type":"page","link":"https:\/\/celticspainschool.com\/es\/practicas-en-empresas\/","title":{"rendered":"Personalizaci\u00f3n \/ Pr\u00e1cticas"},"content":{"rendered":"<p>[vc_row bg_type=\u00bbimage\u00bb parallax_style=\u00bbvcpb-vz-jquery\u00bb bg_image_new=\u00bbid^15214|url^https:\/\/desarrollo27.com\/ignacio\/wp-content\/uploads\/revslider\/the7-business-slider\/bm018.jpg|caption^null|alt^about-us|title^About us|description^null\u00bb bg_image_repeat=\u00bbno-repeat\u00bb bg_override=\u00bbex-full\u00bb enable_overlay=\u00bbenable_overlay_value\u00bb overlay_color=\u00bbrgba(0,0,0,0.5)\u00bb overlay_pattern=\u00bbtransperant\u00bb overlay_pattern_opacity=\u00bb25&#8243; type=\u00bbvc_default\u00bb margin_top=\u00bb-50&#8243; css=\u00bb.vc_custom_1644856698184{padding-top: 26% !important;padding-bottom: 26% !important;background-color: #000000 !important;}\u00bb][vc_column offset=\u00bbvc_col-lg-12 vc_col-md-12&#8243; css=\u00bb.vc_custom_1476030031960{padding-bottom: 10px !important;}\u00bb]<div id=\"ultimate-heading-350669d38af8e1efc\" class=\"uvc-heading ult-adjust-bottom-margin ultimate-heading-350669d38af8e1efc uvc-5035 accent-title-color\" data-hspacer=\"no_spacer\"  data-halign=\"center\" style=\"text-align:center\"><div class=\"uvc-heading-spacer no_spacer\" style=\"top\"><\/div><div class=\"uvc-main-heading ult-responsive\"  data-ultimate-target='.uvc-heading.ultimate-heading-350669d38af8e1efc h1'  data-responsive-json-new='{\"font-size\":\"desktop:52px;mobile_landscape:22px;mobile:22px;\",\"line-height\":\"desktop:46px;mobile_landscape:32px;mobile:32px;\"}' ><h1 style=\"font-family:&#039;Fira Sans&#039;;font-weight:700;color:#ffffff;\">C\u00f3mo trabajamos<\/h1><\/div><\/div>[\/vc_column][\/vc_row][vc_row full_width=\u00bbstretch_row\u00bb css=\u00bb.vc_custom_1644308498669{padding-top: 50px !important;padding-bottom: 50px !important;}\u00bb][vc_column]<div id=\"ultimate-heading-878569d38af8e1f50\" class=\"uvc-heading ult-adjust-bottom-margin ultimate-heading-878569d38af8e1f50 uvc-3080 \" data-hspacer=\"no_spacer\"  data-halign=\"left\" style=\"text-align:left\"><div class=\"uvc-heading-spacer no_spacer\" style=\"top\"><\/div><div class=\"uvc-main-heading ult-responsive\"  data-ultimate-target='.uvc-heading.ultimate-heading-878569d38af8e1f50 h2'  data-responsive-json-new='{\"font-size\":\"desktop:34px;\",\"line-height\":\"desktop:30px;\"}' ><h2 style=\"font-weight:bold;margin-bottom:20px;\">Personalizaci\u00f3n<\/h2><\/div><\/div>[vc_empty_space][vc_row_inner][vc_column_inner width=\u00bb1\/2&#8243;][vc_column_text]<\/p>\n<p style=\"text-align: justify;\"><span style=\"font-weight: 400;\">Personalizaci\u00f3n y pr\u00e1cticas en empresas. No ofrecemos cursos individualizados ni personalizados one-to-one pero cuando cerramos el grupo con el que vamos a trabajar (4 a 7 alumnos) tenemos en cuenta los perfiles de todos y cada uno de vosotros que habremos averiguado a trav\u00e9s de los datos que los alumnos est\u00e9n dispuestos a darnos con un absoluto tratamiento confidencial de los datos como recoge esta WEB en su apartado de protecci\u00f3n de datos seg\u00fan las \u00faltimas leyes vigentes en la Uni\u00f3n Europea. En todo lo referente a las Cookies y al Tratamiento de Datos nos regimos por las directivas de la Uni\u00f3n Europea.<\/span><\/p>\n<p style=\"text-align: justify;\"><span style=\"font-weight: 400;\">En este proceso <\/span><b>no son s\u00f3lo importantes los gustos e intereses de cada uno <\/b><span style=\"font-weight: 400;\">de los integrantes del grupo, as\u00ed como el uso que le quer\u00e9is dar a la lengua <\/span><b>sino sobre todo los estilos de aprendizaje de cada uno de vosotros. <\/b><span style=\"font-weight: 400;\">No queremos aburrirte con teor\u00edas educativas pero s\u00ed queremos compartir que los estilos de aprendizaje determinan en gran medida c\u00f3mo aprende cada uno y el rendimiento que le saca a su aprendizaje. De hecho algunas t\u00e9cnicas ling\u00fc\u00edsticas est\u00e1n ya probadas. Por ejemplo, un ling\u00fcista como Michael Lewis (1993, 1997, 2000) da t\u00e9cnicas claras para memorizar el l\u00e9xico, ense\u00f1a vocabulario y estrategias eficaces. Vosotros mismos habr\u00e9is observado eso en la vida diaria que cada uno tiene su estilo de aprendizaje. Seg\u00fan Reinert (1976) \u201cel estilo de aprendizaje es la aptitud o el talento para el cu\u00e1l un aprendiz se encuentra mejor \u201cpreconfigurado\u201d, es decir, c\u00f3mo es capaz de recibir, comprender, memorizar y manejar la nueva informaci\u00f3n que recibe y c\u00f3mo la solidifica mejor\u201d.\u00a0<\/span><\/p>\n<p>[\/vc_column_text][\/vc_column_inner][vc_column_inner width=\u00bb1\/2&#8243;][vc_column_text]<\/p>\n<div class=\"page\" title=\"Page 6\">\n<div class=\"layoutArea\">\n<div class=\"column\">\n<p><span style=\"font-weight: 400;\">Hay una amplia bibliograf\u00eda, Riechmann (1976), Koll (1984), Honey y Mumford (1986), Sprock(2018), Garc\u00eda Cu\u00e9 (2006) que lo reflejan y explican.<\/span><\/p>\n<p style=\"text-align: justify;\"><b>Estamos abiertos, <\/b><span style=\"font-weight: 400;\">si es tu deseo, <\/span><b>a hacerte test de estilos de aprendizaje<\/b><span style=\"font-weight: 400;\">, y determinar cu\u00e1l ese tu estilo de aprendizaje, para que podamos adaptar nuestras ense\u00f1anzas lo m\u00e1s posible a todos y cada uno de los miembros del equipo que va a convivir durante 1 mes o 2 meses.<\/span><b><\/b><\/p>\n<p style=\"text-align: justify;\"><span style=\"font-weight: 400;\">Por otra parte, tenemos la experiencia cuando empezamos de manera informal este proyecto el a\u00f1o pasado que algunos estudiantes que se fueron de fin de semana nos pidieron que en alg\u00fan viaje de fin de semana a alguna de las ciudades desde las que se puede viajar desde aqu\u00ed, el sherpa acompa\u00f1ara al grupo, para digamos estar, por ejemplo, visitando Venecia pero hablando en espa\u00f1ol todo el grupo y todo el fin de semana. Esta personalizaci\u00f3n es posible siempre y cuando el sherpa sacrifique su tiempo libre del fin de semana y est\u00e9 dispuesto a acompa\u00f1aros para hacer turismo con vosotros pero es una opci\u00f3n absolutamente opcional y personal de \u00e9l. Ir\u00e1 todo el grupo o parte del grupo porque es algo opcional. Para no hacer distinciones entre miembros del grupo es algo que tendr\u00eda que ser acordado democr\u00e1ticamente por el grupo. Y no queremos que esto se convierta en una fuente de diferencias entre miembros del grupo.<\/span><\/p>\n<p class=\"p1\" style=\"text-align: justify;\">\n<\/div>\n<\/div>\n<\/div>\n<p>[\/vc_column_text][\/vc_column_inner][\/vc_row_inner][\/vc_column][\/vc_row][vc_row full_width=\u00bbstretch_row\u00bb bg_type=\u00bbbg_color\u00bb css=\u00bb.vc_custom_1644481358124{padding-top: 50px !important;padding-bottom: 10px !important;}\u00bb bg_color_value=\u00bb#f6f6f6&#8243;][vc_column]<div id=\"ultimate-heading-234669d38af8e1f80\" class=\"uvc-heading ult-adjust-bottom-margin ultimate-heading-234669d38af8e1f80 uvc-9783 \" data-hspacer=\"no_spacer\"  data-halign=\"left\" style=\"text-align:left\"><div class=\"uvc-heading-spacer no_spacer\" style=\"top\"><\/div><div class=\"uvc-main-heading ult-responsive\"  data-ultimate-target='.uvc-heading.ultimate-heading-234669d38af8e1f80 h2'  data-responsive-json-new='{\"font-size\":\"desktop:34px;\",\"line-height\":\"desktop:30px;\"}' ><h2 style=\"font-weight:bold;margin-bottom:20px;\">Programa de pr\u00e1cticas<\/h2><\/div><\/div>[vc_empty_space][vc_column_text]<\/p>\n<p style=\"text-align: justify;\">Pr\u00e1cticas en empresas: Espa\u00f1ol y experiencia laboral<\/p>\n<p style=\"text-align: justify;\">Este programa est\u00e1 dise\u00f1ado para combinar el aprendizaje de la lengua espa\u00f1ola con la experiencia laboral pr\u00e1ctica a trav\u00e9s de unas pr\u00e1cticas en empresas o una instituci\u00f3n de Asturias. Facilitamos las pr\u00e1cticas en empresas en funci\u00f3n del curr\u00edculum de los alumnos, su experiencia profesional previa, sus intereses y sus conocimientos del idioma. Se trata de una oportunidad no s\u00f3lo para mejorar sus conocimientos del idioma, sino tambi\u00e9n para adquirir experiencia profesional en el entorno laboral internacional actual. Las pr\u00e1cticas o pasant\u00edas en empresas son el camino que recomendamos para pasar del nivel C1 al C2 o incluso del B2 al C1. Se requiere un nivel m\u00ednimo de B2.<\/p>\n<p>[\/vc_column_text][\/vc_column][\/vc_row][vc_row full_width=\u00bbstretch_row\u00bb bg_type=\u00bbbg_color\u00bb css=\u00bb.vc_custom_1644481351796{padding-bottom: 10px !important;}\u00bb bg_color_value=\u00bb#f6f6f6&#8243;][vc_column]<div id=\"ultimate-heading-921569d38af8e1fab\" class=\"uvc-heading ult-adjust-bottom-margin ultimate-heading-921569d38af8e1fab uvc-7029 \" data-hspacer=\"no_spacer\"  data-halign=\"left\" style=\"text-align:left\"><div class=\"uvc-heading-spacer no_spacer\" style=\"top\"><\/div><div class=\"uvc-main-heading ult-responsive\"  data-ultimate-target='.uvc-heading.ultimate-heading-921569d38af8e1fab h3'  data-responsive-json-new='{\"font-size\":\"desktop:28px;\",\"line-height\":\"desktop:30px;\"}' ><h3 style=\"font-weight:bold;margin-bottom:20px;\">C\u00f3mo funciona el programa<\/h3><\/div><\/div>[vc_empty_space][vc_column_text]<\/p>\n<p style=\"text-align: justify;\">El gobierno espa\u00f1ol ha concedido recientemente una autorizaci\u00f3n de residencia temporal y de trabajo de duraci\u00f3n determinada para la formaci\u00f3n y la experiencia laboral.<br \/>\nHay dos opciones principales:<\/p>\n<ol>\n<li style=\"text-align: justify;\">Existe una autorizaci\u00f3n de residencia temporal y de duraci\u00f3n determinada para actividades de temporada o de campa\u00f1a.\n<ol>\n<li style=\"text-align: justify;\">En este caso, no hay restricciones en cuanto a la formaci\u00f3n que deben tener los estudiantes. Por lo tanto, podemos colocar al estudiante en una variedad de campos, principalmente en los sectores del turismo y la hosteler\u00eda.<\/li>\n<li style=\"text-align: justify;\">La duraci\u00f3n de las pr\u00e1cticas ser\u00e1 por un periodo no superior a 9 meses.<\/li>\n<\/ol>\n<\/li>\n<li style=\"text-align: justify;\">Existe otra autorizaci\u00f3n de residencia temporal y empleo de duraci\u00f3n determinada que es solicitada por un empleador o empresario para contratar a un trabajador para su formaci\u00f3n y experiencia laboral.<\/li>\n<\/ol>\n<p style=\"text-align: justify;\">Los extranjeros, fuera de la UE, que hayan obtenido un t\u00edtulo de educaci\u00f3n superior en los dos a\u00f1os anteriores a la fecha de solicitud o que est\u00e9n cursando estudios conducentes a la obtenci\u00f3n de un t\u00edtulo de educaci\u00f3n superior en Espa\u00f1a o en el extranjero, podr\u00e1n participar en un programa de pr\u00e1cticas mediante la firma de un convenio de pr\u00e1cticas o un contrato de trabajo en pr\u00e1cticas para mejorar sus conocimientos, pr\u00e1ctica y experiencia en un entorno profesional.<\/p>\n<p style=\"text-align: justify;\">Para ello, deber\u00e1n contar con una autorizaci\u00f3n de residencia en pr\u00e1cticas previa y, en el caso de que no se encuentren o residan en territorio espa\u00f1ol, con el correspondiente visado, que se expedir\u00e1 de acuerdo con los procedimientos descritos en la ley.<br \/>\nLa autorizaci\u00f3n de residencia para pr\u00e1cticas ser\u00e1 solicitada por la entidad de acogida por medios electr\u00f3nicos y tendr\u00e1 validez en todo el territorio nacional.<\/p>\n<p style=\"text-align: justify;\">El per\u00edodo de validez de esta autorizaci\u00f3n de residencia para pr\u00e1cticas ser\u00e1 de seis meses o igual a la duraci\u00f3n del convenio de pr\u00e1cticas, lo que sea menor. Esta autorizaci\u00f3n podr\u00e1 renovarse una vez, pero el per\u00edodo total de la autorizaci\u00f3n inicial y su pr\u00f3rroga no podr\u00e1 exceder de un a\u00f1o. En el caso de un contrato de pr\u00e1cticas, la duraci\u00f3n ser\u00e1 la prevista en el contrato, rigi\u00e9ndose por la legislaci\u00f3n laboral aplicable en cada momento (en algunos casos 2 a\u00f1os).<\/p>\n<p style=\"text-align: justify;\">Este tipo de contrato es especialmente \u00fatil en profesiones de gran demanda, como las STEM, pero tambi\u00e9n en determinados \u00e1mbitos empresariales. Una vez finalizado el periodo de pr\u00e1cticas, est\u00e1s obligado a regresar a tu pa\u00eds de origen, a no ser que consigas matricularte en estudios que te lleven a obtener un t\u00edtulo de educaci\u00f3n superior en Espa\u00f1a.<\/p>\n<p style=\"text-align: justify;\">En ambos casos trabajamos con algunas empresas para facilitarte este proceso, pero no podemos garantizar que puedas conseguir las pr\u00e1cticas ya que esta decisi\u00f3n depende de tus habilidades y perfil personal y profesional, y de la decisi\u00f3n de la empresa. Nuestro objetivo es facilitar el proceso.<\/p>\n<p style=\"text-align: justify;\">Es un trabajo que realizamos de forma gratuita siempre y cuando el estudiante pase al menos dos meses (seguidos o en diferentes a\u00f1os) en nuestro programa. Tambi\u00e9n es un proceso que requiere una autorizaci\u00f3n de al menos 45 d\u00edas de antelaci\u00f3n por parte del Gobierno espa\u00f1ol.<\/p>\n<p style=\"text-align: justify;\">Este tipo de contrato se paga por debajo del salario m\u00ednimo en Espa\u00f1a, que es suficiente para pagar el alquiler del piso del mes, la comida y algunos estipendios. Nada m\u00e1s.<\/p>\n<p style=\"text-align: justify;\">El primer d\u00eda del curso hay una reuni\u00f3n de orientaci\u00f3n seguida de una entrevista con nuestro coordinador para hablar de los objetivos de las pr\u00e1cticas, la experiencia y las posibilidades. En la \u00faltima semana del curso de idiomas se dan los \u00faltimos detalles y se presenta a los participantes a su empresa de acogida.<\/p>\n<p>[\/vc_column_text][\/vc_column][\/vc_row][vc_row full_width=\u00bbstretch_row\u00bb bg_type=\u00bbbg_color\u00bb css=\u00bb.vc_custom_1644481343754{padding-bottom: 50px !important;}\u00bb bg_color_value=\u00bb#f6f6f6&#8243;][vc_column]<div id=\"ultimate-heading-259869d38af8e1fd4\" class=\"uvc-heading ult-adjust-bottom-margin ultimate-heading-259869d38af8e1fd4 uvc-850 \" data-hspacer=\"no_spacer\"  data-halign=\"left\" style=\"text-align:left\"><div class=\"uvc-heading-spacer no_spacer\" style=\"top\"><\/div><div class=\"uvc-main-heading ult-responsive\"  data-ultimate-target='.uvc-heading.ultimate-heading-259869d38af8e1fd4 h3'  data-responsive-json-new='{\"font-size\":\"desktop:28px;\",\"line-height\":\"desktop:30px;\"}' ><h3 style=\"font-weight:bold;margin-bottom:20px;\">C\u00f3mo organizamos el programa<\/h3><\/div><\/div>[vc_empty_space][vc_column_text]<\/p>\n<div class=\"page\" title=\"Page 2\">\n<div class=\"layoutArea\">\n<div class=\"column\">\n<h4 style=\"text-align: justify;\">Inscripci\u00f3n<\/h4>\n<div class=\"page\" title=\"Page 4\">\n<div class=\"layoutArea\">\n<div class=\"column\">\n<p style=\"text-align: justify;\">Po\u0301ngase en contacto con nosotros por correo electro\u0301nico para obtener informacio\u0301n detallada sobre la inscripcio\u0301n. Los estudiantes deben enviar un curri\u0301culum vitae que incluya toda la experiencia educativa y laboral pertinente, junto con una carta en la que se indiquen sus objetivos e intereses en materia de pra\u0301cticas.<\/p>\n<p style=\"text-align: justify;\">El primer di\u0301a del curso hay una reunio\u0301n de orientacio\u0301n seguida de una entrevista con nuestro coordinador para discutir los objetivos de las pra\u0301cticas, la experiencia y las posibilidades disponibles. En la u\u0301ltima semana del curso de idiomas se dan los u\u0301ltimos detalles y se presenta a los participantes a su empresa de acogida.<\/p>\n<\/div>\n<\/div>\n<\/div>\n<h3 style=\"text-align: justify;\"><\/h3>\n<h4 style=\"text-align: justify;\">Control y seguimiento<\/h4>\n<p style=\"text-align: justify;\">Organizamos reuniones de seguimiento con nuestros participantes para que puedan compartir sus experiencias laborales, hacer preguntas y ofrecer sus propios puntos de vista sobre todos los aspectos relacionados con el programa. El tutor de la empresa de acogida y el participante rellenan los cuestionarios de evaluaci\u00f3n inicial y final, analizando todos los aspectos de las pr\u00e1cticas.<\/p>\n<\/div>\n<\/div>\n<\/div>\n<p>[\/vc_column_text][\/vc_column][\/vc_row]<\/p>\n","protected":false},"excerpt":{"rendered":"<p>[vc_row bg_type=\u00bbimage\u00bb parallax_style=\u00bbvcpb-vz-jquery\u00bb bg_image_new=\u00bbid^15214|url^https:\/\/desarrollo27.com\/ignacio\/wp-content\/uploads\/revslider\/the7-business-slider\/bm018.jpg|caption^null|alt^about-us|title^About us|description^null\u00bb bg_image_repeat=\u00bbno-repeat\u00bb bg_override=\u00bbex-full\u00bb enable_overlay=\u00bbenable_overlay_value\u00bb overlay_color=\u00bbrgba(0,0,0,0.5)\u00bb overlay_pattern=\u00bbtransperant\u00bb overlay_pattern_opacity=\u00bb25&#8243; type=\u00bbvc_default\u00bb margin_top=\u00bb-50&#8243; css=\u00bb.vc_custom_1644856698184{padding-top: 26% !important;padding-bottom: 26% !important;background-color: #000000 !important;}\u00bb][vc_column offset=\u00bbvc_col-lg-12 vc_col-md-12&#8243; css=\u00bb.vc_custom_1476030031960{padding-bottom: 10px !important;}\u00bb][\/vc_column][\/vc_row][vc_row full_width=\u00bbstretch_row\u00bb css=\u00bb.vc_custom_1644308498669{padding-top: 50px !important;padding-bottom: 50px !important;}\u00bb][vc_column][vc_empty_space][vc_row_inner][vc_column_inner width=\u00bb1\/2&#8243;][vc_column_text] Personalizaci\u00f3n y pr\u00e1cticas en empresas. No ofrecemos cursos individualizados ni personalizados one-to-one pero cuando cerramos el grupo con el que vamos a trabajar&hellip;<\/p>\n","protected":false},"author":1,"featured_media":0,"parent":0,"menu_order":0,"comment_status":"closed","ping_status":"closed","template":"","meta":{"footnotes":""},"class_list":["post-16058","page","type-page","status-publish","hentry","description-off"],"yoast_head":"<!-- This site is optimized with the Yoast SEO plugin v18.9 - https:\/\/yoast.com\/wordpress\/plugins\/seo\/ -->\n<title>Pr\u00e1cticas en empresas para la inmersi\u00f3n en espa\u00f1ol | Celtic Spain School<\/title>\n<meta name=\"description\" content=\"Facilitamos las pr\u00e1cticas en empresas para conseguir una experiencia de inmersi\u00f3n total y avanzar claramente en la comunicaci\u00f3n en espa\u00f1ol\" \/>\n<meta name=\"robots\" content=\"index, follow, max-snippet:-1, max-image-preview:large, max-video-preview:-1\" \/>\n<link rel=\"canonical\" href=\"https:\/\/celticspainschool.com\/es\/practicas-en-empresas\/\" \/>\n<meta property=\"og:locale\" content=\"es_ES\" \/>\n<meta property=\"og:type\" content=\"article\" \/>\n<meta property=\"og:title\" content=\"Pr\u00e1cticas en empresas para la inmersi\u00f3n en espa\u00f1ol | Celtic Spain School\" \/>\n<meta property=\"og:description\" content=\"Facilitamos las pr\u00e1cticas en empresas para conseguir una experiencia de inmersi\u00f3n total y avanzar claramente en la comunicaci\u00f3n en espa\u00f1ol\" \/>\n<meta property=\"og:url\" content=\"https:\/\/celticspainschool.com\/es\/practicas-en-empresas\/\" \/>\n<meta property=\"og:site_name\" content=\"Celtic Spain School\" \/>\n<meta property=\"article:modified_time\" content=\"2022-03-02T22:24:18+00:00\" \/>\n<meta name=\"twitter:card\" content=\"summary_large_image\" \/>\n<meta name=\"twitter:label1\" content=\"Tiempo de lectura\" \/>\n\t<meta name=\"twitter:data1\" content=\"7 minutos\" \/>\n<script type=\"application\/ld+json\" class=\"yoast-schema-graph\">{\"@context\":\"https:\/\/schema.org\",\"@graph\":[{\"@type\":\"Organization\",\"@id\":\"https:\/\/celticspainschool.com\/#organization\",\"name\":\"Celtic Spain School\",\"url\":\"https:\/\/celticspainschool.com\/\",\"sameAs\":[],\"logo\":{\"@type\":\"ImageObject\",\"inLanguage\":\"es\",\"@id\":\"https:\/\/celticspainschool.com\/#\/schema\/logo\/image\/\",\"url\":\"https:\/\/celticspainschool.com\/wp-content\/uploads\/2022\/02\/logo2.png\",\"contentUrl\":\"https:\/\/celticspainschool.com\/wp-content\/uploads\/2022\/02\/logo2.png\",\"width\":400,\"height\":119,\"caption\":\"Celtic Spain School\"},\"image\":{\"@id\":\"https:\/\/celticspainschool.com\/#\/schema\/logo\/image\/\"}},{\"@type\":\"WebSite\",\"@id\":\"https:\/\/celticspainschool.com\/#website\",\"url\":\"https:\/\/celticspainschool.com\/\",\"name\":\"Celtic Spain School\",\"description\":\"\",\"publisher\":{\"@id\":\"https:\/\/celticspainschool.com\/#organization\"},\"potentialAction\":[{\"@type\":\"SearchAction\",\"target\":{\"@type\":\"EntryPoint\",\"urlTemplate\":\"https:\/\/celticspainschool.com\/?s={search_term_string}\"},\"query-input\":\"required name=search_term_string\"}],\"inLanguage\":\"es\"},{\"@type\":\"WebPage\",\"@id\":\"https:\/\/celticspainschool.com\/es\/practicas-en-empresas\/#webpage\",\"url\":\"https:\/\/celticspainschool.com\/es\/practicas-en-empresas\/\",\"name\":\"Pr\u00e1cticas en empresas para la inmersi\u00f3n en espa\u00f1ol | Celtic Spain School\",\"isPartOf\":{\"@id\":\"https:\/\/celticspainschool.com\/#website\"},\"datePublished\":\"2022-02-09T14:35:43+00:00\",\"dateModified\":\"2022-03-02T22:24:18+00:00\",\"description\":\"Facilitamos las pr\u00e1cticas en empresas para conseguir una experiencia de inmersi\u00f3n total y avanzar claramente en la comunicaci\u00f3n en espa\u00f1ol\",\"breadcrumb\":{\"@id\":\"https:\/\/celticspainschool.com\/es\/practicas-en-empresas\/#breadcrumb\"},\"inLanguage\":\"es\",\"potentialAction\":[{\"@type\":\"ReadAction\",\"target\":[\"https:\/\/celticspainschool.com\/es\/practicas-en-empresas\/\"]}]},{\"@type\":\"BreadcrumbList\",\"@id\":\"https:\/\/celticspainschool.com\/es\/practicas-en-empresas\/#breadcrumb\",\"itemListElement\":[{\"@type\":\"ListItem\",\"position\":1,\"name\":\"Home\",\"item\":\"https:\/\/celticspainschool.com\/es\/\"},{\"@type\":\"ListItem\",\"position\":2,\"name\":\"Personalizaci\u00f3n \/ Pr\u00e1cticas\"}]}]}<\/script>\n<!-- \/ Yoast SEO plugin. -->","yoast_head_json":{"title":"Pr\u00e1cticas en empresas para la inmersi\u00f3n en espa\u00f1ol | Celtic Spain School","description":"Facilitamos las pr\u00e1cticas en empresas para conseguir una experiencia de inmersi\u00f3n total y avanzar claramente en la comunicaci\u00f3n en espa\u00f1ol","robots":{"index":"index","follow":"follow","max-snippet":"max-snippet:-1","max-image-preview":"max-image-preview:large","max-video-preview":"max-video-preview:-1"},"canonical":"https:\/\/celticspainschool.com\/es\/practicas-en-empresas\/","og_locale":"es_ES","og_type":"article","og_title":"Pr\u00e1cticas en empresas para la inmersi\u00f3n en espa\u00f1ol | Celtic Spain School","og_description":"Facilitamos las pr\u00e1cticas en empresas para conseguir una experiencia de inmersi\u00f3n total y avanzar claramente en la comunicaci\u00f3n en espa\u00f1ol","og_url":"https:\/\/celticspainschool.com\/es\/practicas-en-empresas\/","og_site_name":"Celtic Spain School","article_modified_time":"2022-03-02T22:24:18+00:00","twitter_card":"summary_large_image","twitter_misc":{"Tiempo de lectura":"7 minutos"},"schema":{"@context":"https:\/\/schema.org","@graph":[{"@type":"Organization","@id":"https:\/\/celticspainschool.com\/#organization","name":"Celtic Spain School","url":"https:\/\/celticspainschool.com\/","sameAs":[],"logo":{"@type":"ImageObject","inLanguage":"es","@id":"https:\/\/celticspainschool.com\/#\/schema\/logo\/image\/","url":"https:\/\/celticspainschool.com\/wp-content\/uploads\/2022\/02\/logo2.png","contentUrl":"https:\/\/celticspainschool.com\/wp-content\/uploads\/2022\/02\/logo2.png","width":400,"height":119,"caption":"Celtic Spain School"},"image":{"@id":"https:\/\/celticspainschool.com\/#\/schema\/logo\/image\/"}},{"@type":"WebSite","@id":"https:\/\/celticspainschool.com\/#website","url":"https:\/\/celticspainschool.com\/","name":"Celtic Spain School","description":"","publisher":{"@id":"https:\/\/celticspainschool.com\/#organization"},"potentialAction":[{"@type":"SearchAction","target":{"@type":"EntryPoint","urlTemplate":"https:\/\/celticspainschool.com\/?s={search_term_string}"},"query-input":"required name=search_term_string"}],"inLanguage":"es"},{"@type":"WebPage","@id":"https:\/\/celticspainschool.com\/es\/practicas-en-empresas\/#webpage","url":"https:\/\/celticspainschool.com\/es\/practicas-en-empresas\/","name":"Pr\u00e1cticas en empresas para la inmersi\u00f3n en espa\u00f1ol | Celtic Spain School","isPartOf":{"@id":"https:\/\/celticspainschool.com\/#website"},"datePublished":"2022-02-09T14:35:43+00:00","dateModified":"2022-03-02T22:24:18+00:00","description":"Facilitamos las pr\u00e1cticas en empresas para conseguir una experiencia de inmersi\u00f3n total y avanzar claramente en la comunicaci\u00f3n en espa\u00f1ol","breadcrumb":{"@id":"https:\/\/celticspainschool.com\/es\/practicas-en-empresas\/#breadcrumb"},"inLanguage":"es","potentialAction":[{"@type":"ReadAction","target":["https:\/\/celticspainschool.com\/es\/practicas-en-empresas\/"]}]},{"@type":"BreadcrumbList","@id":"https:\/\/celticspainschool.com\/es\/practicas-en-empresas\/#breadcrumb","itemListElement":[{"@type":"ListItem","position":1,"name":"Home","item":"https:\/\/celticspainschool.com\/es\/"},{"@type":"ListItem","position":2,"name":"Personalizaci\u00f3n \/ Pr\u00e1cticas"}]}]}},"_links":{"self":[{"href":"https:\/\/celticspainschool.com\/es\/wp-json\/wp\/v2\/pages\/16058","targetHints":{"allow":["GET"]}}],"collection":[{"href":"https:\/\/celticspainschool.com\/es\/wp-json\/wp\/v2\/pages"}],"about":[{"href":"https:\/\/celticspainschool.com\/es\/wp-json\/wp\/v2\/types\/page"}],"author":[{"embeddable":true,"href":"https:\/\/celticspainschool.com\/es\/wp-json\/wp\/v2\/users\/1"}],"replies":[{"embeddable":true,"href":"https:\/\/celticspainschool.com\/es\/wp-json\/wp\/v2\/comments?post=16058"}],"version-history":[{"count":8,"href":"https:\/\/celticspainschool.com\/es\/wp-json\/wp\/v2\/pages\/16058\/revisions"}],"predecessor-version":[{"id":16549,"href":"https:\/\/celticspainschool.com\/es\/wp-json\/wp\/v2\/pages\/16058\/revisions\/16549"}],"wp:attachment":[{"href":"https:\/\/celticspainschool.com\/es\/wp-json\/wp\/v2\/media?parent=16058"}],"curies":[{"name":"wp","href":"https:\/\/api.w.org\/{rel}","templated":true}]}}