{"id":16108,"date":"2022-02-09T15:19:41","date_gmt":"2022-02-09T15:19:41","guid":{"rendered":"https:\/\/desarrollo27.com\/ignacio\/?page_id=16108"},"modified":"2022-02-14T15:36:44","modified_gmt":"2022-02-14T15:36:44","slug":"terminos-y-condiciones-de-nuestras-immersiones-linguisticas-en-espanol","status":"publish","type":"page","link":"https:\/\/celticspainschool.com\/es\/terminos-y-condiciones-de-nuestras-immersiones-linguisticas-en-espanol\/","title":{"rendered":"T\u00e9rminos y condiciones de nuestras immersiones ling\u00fcisticas en espa\u00f1ol"},"content":{"rendered":"<p>[vc_row css=\u00bb.vc_custom_1643622724554{padding-top: 50px !important;}\u00bb][vc_column]<div id=\"ultimate-heading-300669d11c8c83e49\" class=\"uvc-heading ult-adjust-bottom-margin ultimate-heading-300669d11c8c83e49 uvc-6038 \" data-hspacer=\"no_spacer\"  data-halign=\"left\" style=\"text-align:left\"><div class=\"uvc-heading-spacer no_spacer\" style=\"top\"><\/div><div class=\"uvc-main-heading ult-responsive\"  data-ultimate-target='.uvc-heading.ultimate-heading-300669d11c8c83e49 h1'  data-responsive-json-new='{\"font-size\":\"desktop:45px;\",\"line-height\":\"desktop:30px;\"}' ><h1 style=\"font-weight:bold;margin-bottom:20px;\">T\u00e9rminos y condiciones de nuestras immersiones ling\u00fcisticas en espa\u00f1ol<\/h1><\/div><\/div>[\/vc_column][\/vc_row][vc_row css=\u00bb.vc_custom_1643622724554{padding-top: 50px !important;}\u00bb][vc_column]<div id=\"ultimate-heading-566069d11c8c83e8d\" class=\"uvc-heading ult-adjust-bottom-margin ultimate-heading-566069d11c8c83e8d uvc-7115 \" data-hspacer=\"no_spacer\"  data-halign=\"left\" style=\"text-align:left\"><div class=\"uvc-heading-spacer no_spacer\" style=\"top\"><\/div><div class=\"uvc-main-heading ult-responsive\"  data-ultimate-target='.uvc-heading.ultimate-heading-566069d11c8c83e8d h2'  data-responsive-json-new='{\"font-size\":\"desktop:34px;\",\"line-height\":\"desktop:30px;\"}' ><h2 style=\"font-weight:bold;margin-bottom:20px;\">Reservas y formas de pago<\/h2><\/div><\/div>[vc_empty_space][vc_column_text]<\/p>\n<p style=\"text-align: justify;\">Un primer pago (50% del precio total del programa elegido) se realizar\u00e1 en el momento de la reserva del curso a trav\u00e9s de una transferencia bancaria o v\u00eda PayPal. Un segundo pago puede realizarse en cualquier momento antes de su llegada o incluso a su llegada.<br \/>\nLas reservas deben realizarse con 45 d\u00edas de antelaci\u00f3n para poder organizar todo. Las reservas, en cualquier caso, est\u00e1n sujetas a disponibilidad. De todas formas, no dudes en escribirnos en cualquier momento y preguntar si alguna plaza de estudiante puede quedar disponible por cancelaciones con menos de 45 d\u00edas de antelaci\u00f3n al inicio del programa.<\/p>\n<p>[\/vc_column_text][\/vc_column][\/vc_row][vc_row full_width=\u00bbstretch_row\u00bb css=\u00bb.vc_custom_1643028667776{padding-bottom: 20px !important;background-color: #f6f6f6 !important;}\u00bb][vc_column]<div id=\"ultimate-heading-809869d11c8c83ebb\" class=\"uvc-heading ult-adjust-bottom-margin ultimate-heading-809869d11c8c83ebb uvc-7113 \" data-hspacer=\"no_spacer\"  data-halign=\"left\" style=\"text-align:left\"><div class=\"uvc-heading-spacer no_spacer\" style=\"top\"><\/div><div class=\"uvc-main-heading ult-responsive\"  data-ultimate-target='.uvc-heading.ultimate-heading-809869d11c8c83ebb h2'  data-responsive-json-new='{\"font-size\":\"desktop:34px;\",\"line-height\":\"desktop:30px;\"}' ><h2 style=\"font-weight:bold;margin-bottom:20px;\">Cancelaciones<\/h2><\/div><\/div>[vc_empty_space][vc_column_text]<\/p>\n<p style=\"text-align: justify;\">Si la cancelaci\u00f3n se produce 30 d\u00edas o m\u00e1s antes del inicio del curso, no se<br \/>\ndevolver\u00e1 el 25% del coste total del programa. Si la cancelaci\u00f3n se produce con menos de 30 d\u00edas de antelaci\u00f3n al inicio del curso, no se reembolsar\u00e1 el 50% del coste total del curso. Si la cancelaci\u00f3n se realiza despu\u00e9s de la fecha acordada para el inicio del curso, se deber\u00e1 pagar el 100% del coste total del curso y no habr\u00e1 ning\u00fan reembolso.<\/p>\n<p>[\/vc_column_text][\/vc_column][\/vc_row][vc_row full_width=\u00bbstretch_row\u00bb css=\u00bb.vc_custom_1643035508129{padding-bottom: 50px !important;}\u00bb][vc_column]<div id=\"ultimate-heading-499469d11c8c83ee6\" class=\"uvc-heading ult-adjust-bottom-margin ultimate-heading-499469d11c8c83ee6 uvc-9745 \" data-hspacer=\"no_spacer\"  data-halign=\"left\" style=\"text-align:left\"><div class=\"uvc-heading-spacer no_spacer\" style=\"top\"><\/div><div class=\"uvc-main-heading ult-responsive\"  data-ultimate-target='.uvc-heading.ultimate-heading-499469d11c8c83ee6 h2'  data-responsive-json-new='{\"font-size\":\"desktop:34px;\",\"line-height\":\"desktop:30px;\"}' ><h2 style=\"font-weight:bold;margin-bottom:20px;\">Inicio y fin de nuestros programas de inmersi\u00f3n en espa\u00f1ol<\/h2><\/div><\/div>[vc_empty_space][vc_column_text]<\/p>\n<p style=\"text-align: justify;\">El programa se compone de bloques de semanas. Cada bloque se compone de 4 semanas. El d\u00eda de entrada a la residencia de estudiantes son los domingos a partir de las 14:00 horas.<br \/>\nEl d\u00eda de salida son los domingos antes de las 10:00 a.m.<\/p>\n<p>[\/vc_column_text][\/vc_column][\/vc_row][vc_row full_width=\u00bbstretch_row\u00bb css=\u00bb.vc_custom_1643028667776{padding-bottom: 20px !important;background-color: #f6f6f6 !important;}\u00bb][vc_column]<div id=\"ultimate-heading-801469d11c8c83f0f\" class=\"uvc-heading ult-adjust-bottom-margin ultimate-heading-801469d11c8c83f0f uvc-6031 \" data-hspacer=\"no_spacer\"  data-halign=\"left\" style=\"text-align:left\"><div class=\"uvc-heading-spacer no_spacer\" style=\"top\"><\/div><div class=\"uvc-main-heading ult-responsive\"  data-ultimate-target='.uvc-heading.ultimate-heading-801469d11c8c83f0f h2'  data-responsive-json-new='{\"font-size\":\"desktop:34px;\",\"line-height\":\"desktop:30px;\"}' ><h2 style=\"font-weight:bold;margin-bottom:20px;\">Responsabilidad p\u00fablica<\/h2><\/div><\/div>[vc_empty_space][vc_column_text]<\/p>\n<p style=\"text-align: justify;\">Todas las actividades diarias que se realizan fuera de las instalaciones de Celtic Spain School se hacen bajo la exclusiva responsabilidad de nuestros estudiantes. En cualquier caso, ninguna de estas actividades est\u00e1 catalogada como de riesgo.Otras actividades ofrecidas en nuestra web, catalogadas como actividades de riesgo, son responsabilidad de las empresas contratadas por Celtic Spain School. En cualquier caso, ser\u00e1 responsabilidad del alumno si esas actividades no las realiza siguiendo las recomendaciones y las instruccciones de dichas empresas.<br \/>\nDeber\u00e1 comunicarnos si tiene alguna intolerancia alimentaria o cualquier otro problema de salud que deba ser comunicado.<br \/>\nLa residencia de estudiantes se reserva el derecho de cobrar una fianza o un cargo por el saldo final debido a posibles da\u00f1os.<\/p>\n<p>[\/vc_column_text][\/vc_column][\/vc_row]<\/p>\n","protected":false},"excerpt":{"rendered":"<p>[vc_row css=\u00bb.vc_custom_1643622724554{padding-top: 50px !important;}\u00bb][vc_column][\/vc_column][\/vc_row][vc_row css=\u00bb.vc_custom_1643622724554{padding-top: 50px !important;}\u00bb][vc_column][vc_empty_space][vc_column_text] Un primer pago (50% del precio total del programa elegido) se realizar\u00e1 en el momento de la reserva del curso a trav\u00e9s de una transferencia bancaria o v\u00eda PayPal. Un segundo pago puede realizarse en cualquier momento antes de su llegada o incluso a su llegada. Las reservas&hellip;<\/p>\n","protected":false},"author":1,"featured_media":0,"parent":0,"menu_order":0,"comment_status":"closed","ping_status":"closed","template":"","meta":{"footnotes":""},"class_list":["post-16108","page","type-page","status-publish","hentry","description-off"],"yoast_head":"<!-- This site is optimized with the Yoast SEO plugin v18.9 - https:\/\/yoast.com\/wordpress\/plugins\/seo\/ -->\n<title>T\u00e9rminos y condiciones de nuestras immersiones ling\u00fcisticas en espa\u00f1ol | Celtic Spain School<\/title>\n<meta name=\"description\" content=\"Echa un vistazo a T\u00e9rminos y condiciones de nuestras immersiones ling\u00fcisticas en espa\u00f1ol y conoce todos los detalles de nuestro proyecto.\" \/>\n<meta name=\"robots\" content=\"noindex, follow\" \/>\n<meta property=\"og:locale\" content=\"es_ES\" \/>\n<meta property=\"og:type\" content=\"article\" \/>\n<meta property=\"og:title\" content=\"T\u00e9rminos y condiciones de nuestras immersiones ling\u00fcisticas en espa\u00f1ol | Celtic Spain School\" \/>\n<meta property=\"og:description\" content=\"Echa un vistazo a T\u00e9rminos y condiciones de nuestras immersiones ling\u00fcisticas en espa\u00f1ol y conoce todos los detalles de nuestro proyecto.\" \/>\n<meta property=\"og:url\" content=\"https:\/\/celticspainschool.com\/es\/terminos-y-condiciones-de-nuestras-immersiones-linguisticas-en-espanol\/\" \/>\n<meta property=\"og:site_name\" content=\"Celtic Spain School\" \/>\n<meta property=\"article:modified_time\" content=\"2022-02-14T15:36:44+00:00\" \/>\n<meta name=\"twitter:card\" content=\"summary_large_image\" \/>\n<meta name=\"twitter:label1\" content=\"Tiempo de lectura\" \/>\n\t<meta name=\"twitter:data1\" content=\"3 minutos\" \/>\n<script type=\"application\/ld+json\" class=\"yoast-schema-graph\">{\"@context\":\"https:\/\/schema.org\",\"@graph\":[{\"@type\":\"Organization\",\"@id\":\"https:\/\/celticspainschool.com\/#organization\",\"name\":\"Celtic Spain School\",\"url\":\"https:\/\/celticspainschool.com\/\",\"sameAs\":[],\"logo\":{\"@type\":\"ImageObject\",\"inLanguage\":\"es\",\"@id\":\"https:\/\/celticspainschool.com\/#\/schema\/logo\/image\/\",\"url\":\"https:\/\/celticspainschool.com\/wp-content\/uploads\/2022\/02\/logo2.png\",\"contentUrl\":\"https:\/\/celticspainschool.com\/wp-content\/uploads\/2022\/02\/logo2.png\",\"width\":400,\"height\":119,\"caption\":\"Celtic Spain School\"},\"image\":{\"@id\":\"https:\/\/celticspainschool.com\/#\/schema\/logo\/image\/\"}},{\"@type\":\"WebSite\",\"@id\":\"https:\/\/celticspainschool.com\/#website\",\"url\":\"https:\/\/celticspainschool.com\/\",\"name\":\"Celtic Spain School\",\"description\":\"\",\"publisher\":{\"@id\":\"https:\/\/celticspainschool.com\/#organization\"},\"potentialAction\":[{\"@type\":\"SearchAction\",\"target\":{\"@type\":\"EntryPoint\",\"urlTemplate\":\"https:\/\/celticspainschool.com\/?s={search_term_string}\"},\"query-input\":\"required name=search_term_string\"}],\"inLanguage\":\"es\"},{\"@type\":\"WebPage\",\"@id\":\"https:\/\/celticspainschool.com\/es\/terminos-y-condiciones-de-nuestras-immersiones-linguisticas-en-espanol\/#webpage\",\"url\":\"https:\/\/celticspainschool.com\/es\/terminos-y-condiciones-de-nuestras-immersiones-linguisticas-en-espanol\/\",\"name\":\"T\u00e9rminos y condiciones de nuestras immersiones ling\u00fcisticas en espa\u00f1ol | Celtic Spain School\",\"isPartOf\":{\"@id\":\"https:\/\/celticspainschool.com\/#website\"},\"datePublished\":\"2022-02-09T15:19:41+00:00\",\"dateModified\":\"2022-02-14T15:36:44+00:00\",\"description\":\"Echa un vistazo a T\u00e9rminos y condiciones de nuestras immersiones ling\u00fcisticas en espa\u00f1ol y conoce todos los detalles de nuestro proyecto.\",\"breadcrumb\":{\"@id\":\"https:\/\/celticspainschool.com\/es\/terminos-y-condiciones-de-nuestras-immersiones-linguisticas-en-espanol\/#breadcrumb\"},\"inLanguage\":\"es\",\"potentialAction\":[{\"@type\":\"ReadAction\",\"target\":[\"https:\/\/celticspainschool.com\/es\/terminos-y-condiciones-de-nuestras-immersiones-linguisticas-en-espanol\/\"]}]},{\"@type\":\"BreadcrumbList\",\"@id\":\"https:\/\/celticspainschool.com\/es\/terminos-y-condiciones-de-nuestras-immersiones-linguisticas-en-espanol\/#breadcrumb\",\"itemListElement\":[{\"@type\":\"ListItem\",\"position\":1,\"name\":\"Home\",\"item\":\"https:\/\/celticspainschool.com\/es\/\"},{\"@type\":\"ListItem\",\"position\":2,\"name\":\"T\u00e9rminos y condiciones de nuestras immersiones ling\u00fcisticas en espa\u00f1ol\"}]}]}<\/script>\n<!-- \/ Yoast SEO plugin. -->","yoast_head_json":{"title":"T\u00e9rminos y condiciones de nuestras immersiones ling\u00fcisticas en espa\u00f1ol | Celtic Spain School","description":"Echa un vistazo a T\u00e9rminos y condiciones de nuestras immersiones ling\u00fcisticas en espa\u00f1ol y conoce todos los detalles de nuestro proyecto.","robots":{"index":"noindex","follow":"follow"},"og_locale":"es_ES","og_type":"article","og_title":"T\u00e9rminos y condiciones de nuestras immersiones ling\u00fcisticas en espa\u00f1ol | Celtic Spain School","og_description":"Echa un vistazo a T\u00e9rminos y condiciones de nuestras immersiones ling\u00fcisticas en espa\u00f1ol y conoce todos los detalles de nuestro proyecto.","og_url":"https:\/\/celticspainschool.com\/es\/terminos-y-condiciones-de-nuestras-immersiones-linguisticas-en-espanol\/","og_site_name":"Celtic Spain School","article_modified_time":"2022-02-14T15:36:44+00:00","twitter_card":"summary_large_image","twitter_misc":{"Tiempo de lectura":"3 minutos"},"schema":{"@context":"https:\/\/schema.org","@graph":[{"@type":"Organization","@id":"https:\/\/celticspainschool.com\/#organization","name":"Celtic Spain School","url":"https:\/\/celticspainschool.com\/","sameAs":[],"logo":{"@type":"ImageObject","inLanguage":"es","@id":"https:\/\/celticspainschool.com\/#\/schema\/logo\/image\/","url":"https:\/\/celticspainschool.com\/wp-content\/uploads\/2022\/02\/logo2.png","contentUrl":"https:\/\/celticspainschool.com\/wp-content\/uploads\/2022\/02\/logo2.png","width":400,"height":119,"caption":"Celtic Spain School"},"image":{"@id":"https:\/\/celticspainschool.com\/#\/schema\/logo\/image\/"}},{"@type":"WebSite","@id":"https:\/\/celticspainschool.com\/#website","url":"https:\/\/celticspainschool.com\/","name":"Celtic Spain School","description":"","publisher":{"@id":"https:\/\/celticspainschool.com\/#organization"},"potentialAction":[{"@type":"SearchAction","target":{"@type":"EntryPoint","urlTemplate":"https:\/\/celticspainschool.com\/?s={search_term_string}"},"query-input":"required name=search_term_string"}],"inLanguage":"es"},{"@type":"WebPage","@id":"https:\/\/celticspainschool.com\/es\/terminos-y-condiciones-de-nuestras-immersiones-linguisticas-en-espanol\/#webpage","url":"https:\/\/celticspainschool.com\/es\/terminos-y-condiciones-de-nuestras-immersiones-linguisticas-en-espanol\/","name":"T\u00e9rminos y condiciones de nuestras immersiones ling\u00fcisticas en espa\u00f1ol | Celtic Spain School","isPartOf":{"@id":"https:\/\/celticspainschool.com\/#website"},"datePublished":"2022-02-09T15:19:41+00:00","dateModified":"2022-02-14T15:36:44+00:00","description":"Echa un vistazo a T\u00e9rminos y condiciones de nuestras immersiones ling\u00fcisticas en espa\u00f1ol y conoce todos los detalles de nuestro proyecto.","breadcrumb":{"@id":"https:\/\/celticspainschool.com\/es\/terminos-y-condiciones-de-nuestras-immersiones-linguisticas-en-espanol\/#breadcrumb"},"inLanguage":"es","potentialAction":[{"@type":"ReadAction","target":["https:\/\/celticspainschool.com\/es\/terminos-y-condiciones-de-nuestras-immersiones-linguisticas-en-espanol\/"]}]},{"@type":"BreadcrumbList","@id":"https:\/\/celticspainschool.com\/es\/terminos-y-condiciones-de-nuestras-immersiones-linguisticas-en-espanol\/#breadcrumb","itemListElement":[{"@type":"ListItem","position":1,"name":"Home","item":"https:\/\/celticspainschool.com\/es\/"},{"@type":"ListItem","position":2,"name":"T\u00e9rminos y condiciones de nuestras immersiones ling\u00fcisticas en espa\u00f1ol"}]}]}},"_links":{"self":[{"href":"https:\/\/celticspainschool.com\/es\/wp-json\/wp\/v2\/pages\/16108","targetHints":{"allow":["GET"]}}],"collection":[{"href":"https:\/\/celticspainschool.com\/es\/wp-json\/wp\/v2\/pages"}],"about":[{"href":"https:\/\/celticspainschool.com\/es\/wp-json\/wp\/v2\/types\/page"}],"author":[{"embeddable":true,"href":"https:\/\/celticspainschool.com\/es\/wp-json\/wp\/v2\/users\/1"}],"replies":[{"embeddable":true,"href":"https:\/\/celticspainschool.com\/es\/wp-json\/wp\/v2\/comments?post=16108"}],"version-history":[{"count":7,"href":"https:\/\/celticspainschool.com\/es\/wp-json\/wp\/v2\/pages\/16108\/revisions"}],"predecessor-version":[{"id":16357,"href":"https:\/\/celticspainschool.com\/es\/wp-json\/wp\/v2\/pages\/16108\/revisions\/16357"}],"wp:attachment":[{"href":"https:\/\/celticspainschool.com\/es\/wp-json\/wp\/v2\/media?parent=16108"}],"curies":[{"name":"wp","href":"https:\/\/api.w.org\/{rel}","templated":true}]}}