{"id":16124,"date":"2022-02-09T15:35:25","date_gmt":"2022-02-09T15:35:25","guid":{"rendered":"https:\/\/desarrollo27.com\/ignacio\/?page_id=16124"},"modified":"2022-03-02T18:42:02","modified_gmt":"2022-03-02T18:42:02","slug":"politica-de-cookies","status":"publish","type":"page","link":"https:\/\/celticspainschool.com\/es\/politica-de-cookies\/","title":{"rendered":"Pol\u00edtica de Cookies"},"content":{"rendered":"<p>[vc_row][vc_column][vc_custom_heading text=\u00bbPol\u00edtica de Cookies\u00bb font_container=\u00bbtag:h1|text_align:left\u00bb use_theme_fonts=\u00bbyes\u00bb][\/vc_column][\/vc_row][vc_row][vc_column][vc_column_text]<\/p>\n<p style=\"text-align: justify;\"><span style=\"font-weight: 400;\">En cumplimiento de la Ley 34\/2002, de 11 de julio, de Servicios de la Sociedad de la Informaci\u00f3n y Comercio Electr\u00f3nico le informamos de que este sitio web, al igual que la mayor\u00eda de los sitios en Internet, usa Cookies para mejorar y optimizar la experiencia del usuario. A continuaci\u00f3n encontrar\u00e1 informaci\u00f3n detallada sobre qu\u00e9 son las \u201cCookies\u201d, qu\u00e9 tipolog\u00eda utiliza este sitio web, c\u00f3mo cambiar la configuraci\u00f3n de sus cookies, y qu\u00e9 ocurre si deshabilita las Cookies.<\/span><\/p>\n<h2 style=\"text-align: justify;\"><b>1. \u00bfQu\u00e9 son las Cookies?<\/b><\/h2>\n<p style=\"text-align: justify;\"><span style=\"font-weight: 400;\">Una cookie es un peque\u00f1o archivo que se descarga en el equipo del usuario con la finalidad de almacenar datos, los cuales podr\u00e1n ser actualizados y recuperados por la entidad responsable de su instalaci\u00f3n.<\/span><\/p>\n<h2 style=\"text-align: justify;\"><b>2. \u00bfQu\u00e9 tipo de Cookies utiliza esta p\u00e1gina web?<\/b><\/h2>\n<p style=\"text-align: justify;\"><span style=\"font-weight: 400;\">A continuaci\u00f3n se muestra una tabla con las <\/span><b>Cookies <\/b><span style=\"font-weight: 400;\">utilizadas en este sitio web:<\/span><\/p>\n<h2 style=\"text-align: justify;\"><b>3. \u00bfC\u00f3mo puede configurar sus Cookies?<\/b><\/h2>\n<p style=\"text-align: justify;\"><span style=\"font-weight: 400;\">Al navegar y continuar en nuestro sitio web estar\u00e1 consintiendo el uso de las Cookies en las condiciones contenidas en la presente Pol\u00edtica de Cookies. Usted como usuario tiene la posibilidad de ejercer su derecho a bloquear, eliminar y rechazar el uso de Cookies, en todo momento, modificando las opciones de su navegador<\/span><\/p>\n<p style=\"text-align: justify;\"><span style=\"font-weight: 400;\">Por ejemplo:<\/span><\/p>\n<ol style=\"text-align: justify;\">\n<li><b>Internet Explorer<\/b><span style=\"font-weight: 400;\">: Herramientas &gt; Opciones de Internet &gt; Privacidad &gt; Configuraci\u00f3n.<\/span><\/li>\n<\/ol>\n<p style=\"text-align: justify;\"><span style=\"font-weight: 400;\">Para m\u00e1s informaci\u00f3n, puede consultar el soporte de Microsoft o la Ayuda del navegador.<\/span><\/p>\n<ol style=\"text-align: justify;\" start=\"2\">\n<li><b>Mozilla Firefox<\/b><span style=\"font-weight: 400;\">: Herramientas &gt; Opciones &gt; Privacidad &gt; Historial &gt; Configuraci\u00f3n Personalizada.<\/span><\/li>\n<\/ol>\n<p style=\"text-align: justify;\"><span style=\"font-weight: 400;\">Para m\u00e1s informaci\u00f3n, puede consultar el soporte de Mozilla o la Ayuda del navegador.<\/span><\/p>\n<ol style=\"text-align: justify;\" start=\"3\">\n<li><b>Google Chrome<\/b><span style=\"font-weight: 400;\">: Configuraci\u00f3n &gt; Mostrar opciones avanzadas &gt; Privacidad -&gt; Configuraci\u00f3n de contenido.<\/span><\/li>\n<\/ol>\n<p style=\"text-align: justify;\"><span style=\"font-weight: 400;\">Para m\u00e1s informaci\u00f3n, puede consultar el soporte de Google o la Ayuda del navegador.<\/span><\/p>\n<ol style=\"text-align: justify;\" start=\"4\">\n<li><b>Safari<\/b><span style=\"font-weight: 400;\">: Preferencias &gt; Seguridad.<\/span><\/li>\n<\/ol>\n<p style=\"text-align: justify;\"><span style=\"font-weight: 400;\">Para m\u00e1s informaci\u00f3n, puede consultar el soporte de Apple o la Ayuda del navegador.<\/span><\/p>\n<ol style=\"text-align: justify;\" start=\"5\">\n<li><b>Opera<\/b><span style=\"font-weight: 400;\">: Configuraci\u00f3n &gt; Opciones &gt; Avanzado &gt; Cookies<\/span><\/li>\n<\/ol>\n<p style=\"text-align: justify;\"><span style=\"font-weight: 400;\">Para m\u00e1s informaci\u00f3n, puede consultar el soporte de Opera o la Ayuda del navegador.<\/span><\/p>\n<p style=\"text-align: justify;\"><span style=\"font-weight: 400;\">Si usa otro navegador distinto a los anteriores, consulte su pol\u00edtica de instalaci\u00f3n, uso y bloqueo de cookies.<\/span><\/p>\n<h2 style=\"text-align: justify;\"><b>4. \u00bfQu\u00e9 ocurre si se deshabilitan las Cookies?<\/b><\/h2>\n<p style=\"text-align: justify;\"><span style=\"font-weight: 400;\">Algunas funcionalidades de los Servicios o \u00e1reas de este sitio web podr\u00edan no funcionar correctamente.<\/span><\/p>\n<h2 style=\"text-align: justify;\"><b>5. \u00bfActualizamos nuestra pol\u00edtica de Cookies?<\/b><\/h2>\n<p style=\"text-align: justify;\"><span style=\"font-weight: 400;\">Es posible que actualicemos la pol\u00edtica de Cookies de nuestra p\u00e1gina web, por ello, le recomendamos revisar esta pol\u00edtica cada vez que acceda a nuestro sitio web con el objetivo de estar adecuadamente informado sobre c\u00f3mo y para que usamos las Cookies.<\/span><\/p>\n<p>[\/vc_column_text][\/vc_column][\/vc_row]<\/p>\n","protected":false},"excerpt":{"rendered":"<p>[vc_row][vc_column][vc_custom_heading text=\u00bbPol\u00edtica de Cookies\u00bb font_container=\u00bbtag:h1|text_align:left\u00bb use_theme_fonts=\u00bbyes\u00bb][\/vc_column][\/vc_row][vc_row][vc_column][vc_column_text] En cumplimiento de la Ley 34\/2002, de 11 de julio, de Servicios de la Sociedad de la Informaci\u00f3n y Comercio Electr\u00f3nico le informamos de que este sitio web, al igual que la mayor\u00eda de los sitios en Internet, usa Cookies para mejorar y optimizar la experiencia del usuario. A&hellip;<\/p>\n","protected":false},"author":1,"featured_media":0,"parent":0,"menu_order":0,"comment_status":"closed","ping_status":"closed","template":"","meta":{"footnotes":""},"class_list":["post-16124","page","type-page","status-publish","hentry","description-off"],"yoast_head":"<!-- This site is optimized with the Yoast SEO plugin v18.9 - https:\/\/yoast.com\/wordpress\/plugins\/seo\/ -->\n<title>Pol\u00edtica de Cookies | Celtic Spain School<\/title>\n<meta name=\"description\" content=\"Echa un vistazo a Pol\u00edtica de Cookies y conoce todos los detalles de nuestro proyecto.\" \/>\n<meta name=\"robots\" content=\"noindex, follow\" \/>\n<meta property=\"og:locale\" content=\"es_ES\" \/>\n<meta property=\"og:type\" content=\"article\" \/>\n<meta property=\"og:title\" content=\"Pol\u00edtica de Cookies | Celtic Spain School\" \/>\n<meta property=\"og:description\" content=\"Echa un vistazo a Pol\u00edtica de Cookies y conoce todos los detalles de nuestro proyecto.\" \/>\n<meta property=\"og:url\" content=\"https:\/\/celticspainschool.com\/es\/politica-de-cookies\/\" \/>\n<meta property=\"og:site_name\" content=\"Celtic Spain School\" \/>\n<meta property=\"article:modified_time\" content=\"2022-03-02T18:42:02+00:00\" \/>\n<meta name=\"twitter:card\" content=\"summary_large_image\" \/>\n<meta name=\"twitter:label1\" content=\"Tiempo de lectura\" \/>\n\t<meta name=\"twitter:data1\" content=\"2 minutos\" \/>\n<script type=\"application\/ld+json\" class=\"yoast-schema-graph\">{\"@context\":\"https:\/\/schema.org\",\"@graph\":[{\"@type\":\"Organization\",\"@id\":\"https:\/\/celticspainschool.com\/#organization\",\"name\":\"Celtic Spain School\",\"url\":\"https:\/\/celticspainschool.com\/\",\"sameAs\":[],\"logo\":{\"@type\":\"ImageObject\",\"inLanguage\":\"es\",\"@id\":\"https:\/\/celticspainschool.com\/#\/schema\/logo\/image\/\",\"url\":\"https:\/\/celticspainschool.com\/wp-content\/uploads\/2022\/02\/logo2.png\",\"contentUrl\":\"https:\/\/celticspainschool.com\/wp-content\/uploads\/2022\/02\/logo2.png\",\"width\":400,\"height\":119,\"caption\":\"Celtic Spain School\"},\"image\":{\"@id\":\"https:\/\/celticspainschool.com\/#\/schema\/logo\/image\/\"}},{\"@type\":\"WebSite\",\"@id\":\"https:\/\/celticspainschool.com\/#website\",\"url\":\"https:\/\/celticspainschool.com\/\",\"name\":\"Celtic Spain School\",\"description\":\"\",\"publisher\":{\"@id\":\"https:\/\/celticspainschool.com\/#organization\"},\"potentialAction\":[{\"@type\":\"SearchAction\",\"target\":{\"@type\":\"EntryPoint\",\"urlTemplate\":\"https:\/\/celticspainschool.com\/?s={search_term_string}\"},\"query-input\":\"required name=search_term_string\"}],\"inLanguage\":\"es\"},{\"@type\":\"WebPage\",\"@id\":\"https:\/\/celticspainschool.com\/es\/politica-de-cookies\/#webpage\",\"url\":\"https:\/\/celticspainschool.com\/es\/politica-de-cookies\/\",\"name\":\"Pol\u00edtica de Cookies | Celtic Spain School\",\"isPartOf\":{\"@id\":\"https:\/\/celticspainschool.com\/#website\"},\"datePublished\":\"2022-02-09T15:35:25+00:00\",\"dateModified\":\"2022-03-02T18:42:02+00:00\",\"description\":\"Echa un vistazo a Pol\u00edtica de Cookies y conoce todos los detalles de nuestro proyecto.\",\"breadcrumb\":{\"@id\":\"https:\/\/celticspainschool.com\/es\/politica-de-cookies\/#breadcrumb\"},\"inLanguage\":\"es\",\"potentialAction\":[{\"@type\":\"ReadAction\",\"target\":[\"https:\/\/celticspainschool.com\/es\/politica-de-cookies\/\"]}]},{\"@type\":\"BreadcrumbList\",\"@id\":\"https:\/\/celticspainschool.com\/es\/politica-de-cookies\/#breadcrumb\",\"itemListElement\":[{\"@type\":\"ListItem\",\"position\":1,\"name\":\"Home\",\"item\":\"https:\/\/celticspainschool.com\/es\/\"},{\"@type\":\"ListItem\",\"position\":2,\"name\":\"Pol\u00edtica de Cookies\"}]}]}<\/script>\n<!-- \/ Yoast SEO plugin. -->","yoast_head_json":{"title":"Pol\u00edtica de Cookies | Celtic Spain School","description":"Echa un vistazo a Pol\u00edtica de Cookies y conoce todos los detalles de nuestro proyecto.","robots":{"index":"noindex","follow":"follow"},"og_locale":"es_ES","og_type":"article","og_title":"Pol\u00edtica de Cookies | Celtic Spain School","og_description":"Echa un vistazo a Pol\u00edtica de Cookies y conoce todos los detalles de nuestro proyecto.","og_url":"https:\/\/celticspainschool.com\/es\/politica-de-cookies\/","og_site_name":"Celtic Spain School","article_modified_time":"2022-03-02T18:42:02+00:00","twitter_card":"summary_large_image","twitter_misc":{"Tiempo de lectura":"2 minutos"},"schema":{"@context":"https:\/\/schema.org","@graph":[{"@type":"Organization","@id":"https:\/\/celticspainschool.com\/#organization","name":"Celtic Spain School","url":"https:\/\/celticspainschool.com\/","sameAs":[],"logo":{"@type":"ImageObject","inLanguage":"es","@id":"https:\/\/celticspainschool.com\/#\/schema\/logo\/image\/","url":"https:\/\/celticspainschool.com\/wp-content\/uploads\/2022\/02\/logo2.png","contentUrl":"https:\/\/celticspainschool.com\/wp-content\/uploads\/2022\/02\/logo2.png","width":400,"height":119,"caption":"Celtic Spain School"},"image":{"@id":"https:\/\/celticspainschool.com\/#\/schema\/logo\/image\/"}},{"@type":"WebSite","@id":"https:\/\/celticspainschool.com\/#website","url":"https:\/\/celticspainschool.com\/","name":"Celtic Spain School","description":"","publisher":{"@id":"https:\/\/celticspainschool.com\/#organization"},"potentialAction":[{"@type":"SearchAction","target":{"@type":"EntryPoint","urlTemplate":"https:\/\/celticspainschool.com\/?s={search_term_string}"},"query-input":"required name=search_term_string"}],"inLanguage":"es"},{"@type":"WebPage","@id":"https:\/\/celticspainschool.com\/es\/politica-de-cookies\/#webpage","url":"https:\/\/celticspainschool.com\/es\/politica-de-cookies\/","name":"Pol\u00edtica de Cookies | Celtic Spain School","isPartOf":{"@id":"https:\/\/celticspainschool.com\/#website"},"datePublished":"2022-02-09T15:35:25+00:00","dateModified":"2022-03-02T18:42:02+00:00","description":"Echa un vistazo a Pol\u00edtica de Cookies y conoce todos los detalles de nuestro proyecto.","breadcrumb":{"@id":"https:\/\/celticspainschool.com\/es\/politica-de-cookies\/#breadcrumb"},"inLanguage":"es","potentialAction":[{"@type":"ReadAction","target":["https:\/\/celticspainschool.com\/es\/politica-de-cookies\/"]}]},{"@type":"BreadcrumbList","@id":"https:\/\/celticspainschool.com\/es\/politica-de-cookies\/#breadcrumb","itemListElement":[{"@type":"ListItem","position":1,"name":"Home","item":"https:\/\/celticspainschool.com\/es\/"},{"@type":"ListItem","position":2,"name":"Pol\u00edtica de Cookies"}]}]}},"_links":{"self":[{"href":"https:\/\/celticspainschool.com\/es\/wp-json\/wp\/v2\/pages\/16124","targetHints":{"allow":["GET"]}}],"collection":[{"href":"https:\/\/celticspainschool.com\/es\/wp-json\/wp\/v2\/pages"}],"about":[{"href":"https:\/\/celticspainschool.com\/es\/wp-json\/wp\/v2\/types\/page"}],"author":[{"embeddable":true,"href":"https:\/\/celticspainschool.com\/es\/wp-json\/wp\/v2\/users\/1"}],"replies":[{"embeddable":true,"href":"https:\/\/celticspainschool.com\/es\/wp-json\/wp\/v2\/comments?post=16124"}],"version-history":[{"count":4,"href":"https:\/\/celticspainschool.com\/es\/wp-json\/wp\/v2\/pages\/16124\/revisions"}],"predecessor-version":[{"id":16300,"href":"https:\/\/celticspainschool.com\/es\/wp-json\/wp\/v2\/pages\/16124\/revisions\/16300"}],"wp:attachment":[{"href":"https:\/\/celticspainschool.com\/es\/wp-json\/wp\/v2\/media?parent=16124"}],"curies":[{"name":"wp","href":"https:\/\/api.w.org\/{rel}","templated":true}]}}